{"id":5418,"date":"2024-10-07T02:29:25","date_gmt":"2024-10-07T02:29:25","guid":{"rendered":"https:\/\/k-beautyci.com\/?post_type=product&#038;p=5418"},"modified":"2024-10-14T16:33:46","modified_gmt":"2024-10-14T16:33:46","slug":"abib-glutathiosome-dark-spot-pad-vita-touch","status":"publish","type":"product","link":"https:\/\/k-beautyci.com\/fr\/produit\/abib-glutathiosome-dark-spot-pad-vita-touch\/","title":{"rendered":"Abib Glutathiosome Dark Spot Pad Vita Touch"},"content":{"rendered":"<p><b>Comment l'utiliser :<\/b><\/p>\n<p>Apr\u00e8s avoir lav\u00e9 votre visage, essuyez d\u00e9licatement l'ensemble de votre visage avec le tampon, \u00e0 l'exception du contour des yeux.<\/p>\n<p>Appliquer le tampon pendant 5 \u00e0 10 minutes et tapoter doucement la peau pour l'absorber.<\/p>\n<p>Avertissement : Pour usage externe uniquement. Toujours effectuer un test \u00e9picutan\u00e9. Cessez d'utiliser le produit si vous ressentez une quelconque g\u00eane. Suivre les instructions suppl\u00e9mentaires figurant sur l'emballage. Les r\u00e9sultats individuels peuvent varier.<\/p>","protected":false},"excerpt":{"rendered":"<p>Ces tampons toniques enrichis de vitamine C, de niacinamide et de glutathion inhibent la production de m\u00e9lanine pour estomper l'hyperpigmentation et les taches sombres. Les tampons sont impr\u00e9gn\u00e9s d'essence pour une hydratation en profondeur. Il est cliniquement prouv\u00e9 qu'ils r\u00e9duisent les taches brunes, la m\u00e9lanine et le m\u00e9lasma en seulement 3 jours. Convient aux peaux sensibles.<\/p>","protected":false},"featured_media":5425,"comment_status":"open","ping_status":"closed","template":"","meta":{"om_disable_all_campaigns":false},"product_brand":[],"product_cat":[158,39],"product_tag":[],"class_list":{"0":"post-5418","1":"product","2":"type-product","3":"status-publish","4":"has-post-thumbnail","6":"product_cat-abib","7":"product_cat-face-toners","9":"first","10":"outofstock","11":"shipping-taxable","12":"purchasable","13":"product-type-simple"},"aioseo_notices":[],"jetpack_sharing_enabled":true,"_links":{"self":[{"href":"https:\/\/k-beautyci.com\/fr\/wp-json\/wp\/v2\/product\/5418","targetHints":{"allow":["GET"]}}],"collection":[{"href":"https:\/\/k-beautyci.com\/fr\/wp-json\/wp\/v2\/product"}],"about":[{"href":"https:\/\/k-beautyci.com\/fr\/wp-json\/wp\/v2\/types\/product"}],"replies":[{"embeddable":true,"href":"https:\/\/k-beautyci.com\/fr\/wp-json\/wp\/v2\/comments?post=5418"}],"wp:featuredmedia":[{"embeddable":true,"href":"https:\/\/k-beautyci.com\/fr\/wp-json\/wp\/v2\/media\/5425"}],"wp:attachment":[{"href":"https:\/\/k-beautyci.com\/fr\/wp-json\/wp\/v2\/media?parent=5418"}],"wp:term":[{"taxonomy":"product_brand","embeddable":true,"href":"https:\/\/k-beautyci.com\/fr\/wp-json\/wp\/v2\/product_brand?post=5418"},{"taxonomy":"product_cat","embeddable":true,"href":"https:\/\/k-beautyci.com\/fr\/wp-json\/wp\/v2\/product_cat?post=5418"},{"taxonomy":"product_tag","embeddable":true,"href":"https:\/\/k-beautyci.com\/fr\/wp-json\/wp\/v2\/product_tag?post=5418"}],"curies":[{"name":"wp","href":"https:\/\/api.w.org\/{rel}","templated":true}]}}