{"id":5406,"date":"2024-10-07T02:29:36","date_gmt":"2024-10-07T02:29:36","guid":{"rendered":"https:\/\/k-beautyci.com\/?post_type=product&#038;p=5406"},"modified":"2025-01-01T19:23:06","modified_gmt":"2025-01-01T19:23:06","slug":"tirtir-niacinamide-20-serum","status":"publish","type":"product","link":"https:\/\/k-beautyci.com\/fr\/produit\/tirtir-niacinamide-20-serum\/","title":{"rendered":"TIRTIR Niacinamide 20% Serum"},"content":{"rendered":"<p><b>Comment l'utiliser :<\/b><\/p>\n<p>Agiter l\u00e9g\u00e8rement le s\u00e9rum et appliquer une quantit\u00e9 mod\u00e9r\u00e9e sur la peau et tapoter pour faciliter l'absorption.<\/p>\n<p>Avertissement : Pour usage externe uniquement. Toujours effectuer un test \u00e9picutan\u00e9. Cessez d'utiliser le produit si vous ressentez une quelconque g\u00eane. Suivre les instructions suppl\u00e9mentaires figurant sur l'emballage. Les r\u00e9sultats individuels peuvent varier.<\/p>","protected":false},"excerpt":{"rendered":"<p>Ce s\u00e9rum contient 20 % de niacinamide pour estomper les imperfections et l'hyperpigmentation tout en r\u00e9duisant les pores dilat\u00e9s pour une peau lisse et uniforme. L'alpha-arbutine et le glutathion offrent des propri\u00e9t\u00e9s \u00e9claircissantes et anti-\u00e2ge suppl\u00e9mentaires. Il contient divers acides hyaluroniques pour reconstituer et fixer l'hydratation. Le Niacinamde 20%, l'Alpha Arbutine 2% et le Glutathion offrent une peau transparente et \u00e9tincelante, tandis que le Retinol 500IU et le Zinc PCA cr\u00e9ent une peau d'apparence plus jeune gr\u00e2ce \u00e0 des soins anti-\u00e2ge efficaces et calment les irritations de la peau gr\u00e2ce \u00e0 des soins apaisants intenses.<\/p>","protected":false},"featured_media":5417,"comment_status":"open","ping_status":"closed","template":"","meta":{"om_disable_all_campaigns":false},"product_brand":[],"product_cat":[31,69,74,68,198],"product_tag":[],"class_list":{"0":"post-5406","1":"product","2":"type-product","3":"status-publish","4":"has-post-thumbnail","6":"product_cat-face-serums","7":"product_cat-hyaluronic-acid","8":"product_cat-niacinamide","9":"product_cat-retinol","10":"product_cat-tirtir","12":"first","13":"outofstock","14":"shipping-taxable","15":"purchasable","16":"product-type-simple"},"aioseo_notices":[],"jetpack_sharing_enabled":true,"_links":{"self":[{"href":"https:\/\/k-beautyci.com\/fr\/wp-json\/wp\/v2\/product\/5406","targetHints":{"allow":["GET"]}}],"collection":[{"href":"https:\/\/k-beautyci.com\/fr\/wp-json\/wp\/v2\/product"}],"about":[{"href":"https:\/\/k-beautyci.com\/fr\/wp-json\/wp\/v2\/types\/product"}],"replies":[{"embeddable":true,"href":"https:\/\/k-beautyci.com\/fr\/wp-json\/wp\/v2\/comments?post=5406"}],"wp:featuredmedia":[{"embeddable":true,"href":"https:\/\/k-beautyci.com\/fr\/wp-json\/wp\/v2\/media\/5417"}],"wp:attachment":[{"href":"https:\/\/k-beautyci.com\/fr\/wp-json\/wp\/v2\/media?parent=5406"}],"wp:term":[{"taxonomy":"product_brand","embeddable":true,"href":"https:\/\/k-beautyci.com\/fr\/wp-json\/wp\/v2\/product_brand?post=5406"},{"taxonomy":"product_cat","embeddable":true,"href":"https:\/\/k-beautyci.com\/fr\/wp-json\/wp\/v2\/product_cat?post=5406"},{"taxonomy":"product_tag","embeddable":true,"href":"https:\/\/k-beautyci.com\/fr\/wp-json\/wp\/v2\/product_tag?post=5406"}],"curies":[{"name":"wp","href":"https:\/\/api.w.org\/{rel}","templated":true}]}}