{"id":5399,"date":"2024-10-07T02:29:50","date_gmt":"2024-10-07T02:29:50","guid":{"rendered":"https:\/\/k-beautyci.com\/?post_type=product&#038;p=5399"},"modified":"2025-11-22T21:49:27","modified_gmt":"2025-11-22T21:49:27","slug":"numbuzin-no-1-pantothenic-b5-active-soothing-serum-50ml","status":"publish","type":"product","link":"https:\/\/k-beautyci.com\/fr\/produit\/numbuzin-no-1-pantothenic-b5-active-soothing-serum-50ml\/","title":{"rendered":"numbuzin No.1 Pantothenic B5 Active Soothing Serum 50ml"},"content":{"rendered":"<p><b>Comment l'utiliser :<\/b><\/p>\n<p>Appliquer une quantit\u00e9 mod\u00e9r\u00e9e sur la peau et tapoter doucement pour une meilleure absorption.<\/p>\n<p>Avertissement : Pour usage externe uniquement. Toujours effectuer un test \u00e9picutan\u00e9. Cessez d'utiliser le produit si vous ressentez une quelconque g\u00eane. Suivre les instructions suppl\u00e9mentaires figurant sur l'emballage. Les r\u00e9sultats individuels peuvent varier.<\/p>","protected":false},"excerpt":{"rendered":"<p>Ce s\u00e9rum multifonctionnel est formul\u00e9 avec de l'acide micro pantoth\u00e9nique, du b\u00eata-glucane et l'ingr\u00e9dient brevet\u00e9 Soothing Booster 12 Complex (contenant du glycyrrhizate dipotassique, de la niacinamide et de l'extrait de racine de sophora angustifolia) pour des propri\u00e9t\u00e9s anti-inflammatoires. Il contient \u00e9galement des ingr\u00e9dients hydratants tels que le tr\u00e9halose, le hyaluronate de sodium et l'acide hyaluronique.<\/p>","protected":false},"featured_media":5405,"comment_status":"open","ping_status":"closed","template":"","meta":{"om_disable_all_campaigns":false},"product_brand":[],"product_cat":[31,190],"product_tag":[],"class_list":{"0":"post-5399","1":"product","2":"type-product","3":"status-publish","4":"has-post-thumbnail","6":"product_cat-face-serums","7":"product_cat-numbuzin","9":"first","10":"outofstock","11":"sale","12":"shipping-taxable","13":"purchasable","14":"product-type-simple"},"aioseo_notices":[],"jetpack_sharing_enabled":true,"_links":{"self":[{"href":"https:\/\/k-beautyci.com\/fr\/wp-json\/wp\/v2\/product\/5399","targetHints":{"allow":["GET"]}}],"collection":[{"href":"https:\/\/k-beautyci.com\/fr\/wp-json\/wp\/v2\/product"}],"about":[{"href":"https:\/\/k-beautyci.com\/fr\/wp-json\/wp\/v2\/types\/product"}],"replies":[{"embeddable":true,"href":"https:\/\/k-beautyci.com\/fr\/wp-json\/wp\/v2\/comments?post=5399"}],"wp:featuredmedia":[{"embeddable":true,"href":"https:\/\/k-beautyci.com\/fr\/wp-json\/wp\/v2\/media\/5405"}],"wp:attachment":[{"href":"https:\/\/k-beautyci.com\/fr\/wp-json\/wp\/v2\/media?parent=5399"}],"wp:term":[{"taxonomy":"product_brand","embeddable":true,"href":"https:\/\/k-beautyci.com\/fr\/wp-json\/wp\/v2\/product_brand?post=5399"},{"taxonomy":"product_cat","embeddable":true,"href":"https:\/\/k-beautyci.com\/fr\/wp-json\/wp\/v2\/product_cat?post=5399"},{"taxonomy":"product_tag","embeddable":true,"href":"https:\/\/k-beautyci.com\/fr\/wp-json\/wp\/v2\/product_tag?post=5399"}],"curies":[{"name":"wp","href":"https:\/\/api.w.org\/{rel}","templated":true}]}}