{"id":5394,"date":"2024-10-07T02:30:01","date_gmt":"2024-10-07T02:30:01","guid":{"rendered":"https:\/\/k-beautyci.com\/?post_type=product&#038;p=5394"},"modified":"2025-10-19T00:44:33","modified_gmt":"2025-10-19T00:44:33","slug":"numbuzin-no-1-centella-re-leaf-green-toner-pad","status":"publish","type":"product","link":"https:\/\/k-beautyci.com\/fr\/produit\/numbuzin-no-1-centella-re-leaf-green-toner-pad\/","title":{"rendered":"numbuzin No. 1 Centella Re-leaf Green Toner Pad"},"content":{"rendered":"<p>Comment l'utiliser :<\/p>\n<div class=\"description-item active\">\n<div class=\"body\">\n<p>Apr\u00e8s le nettoyage, essuyer d\u00e9licatement avec le c\u00f4t\u00e9 Bambou blanc pour tonifier. Pour un effet masque, laissez la face verte Cica sur les zones souhait\u00e9es pendant 3 \u00e0 5 minutes. Tapotez doucement pour faire p\u00e9n\u00e9trer le produit.<\/p>\n<p>Avertissement : Pour usage externe uniquement. Toujours effectuer un test \u00e9picutan\u00e9. Cessez d'utiliser le produit si vous ressentez une quelconque g\u00eane. Suivre les instructions suppl\u00e9mentaires figurant sur l'emballage. Les r\u00e9sultats individuels peuvent varier.<\/p>\n<\/div>\n<\/div>\n<div class=\"description-item\">\n<h2 class=\"title\">190ml\/70 pads.<\/h2>\n<\/div>","protected":false},"excerpt":{"rendered":"<p>Rempli \u00e0 89% d'extraits de plantes, ce tampon tonique calme les irritations de la peau et r\u00e9duit les rougeurs du visage pour une apparence saine. Les tampons biod\u00e9gradables sont compos\u00e9s de feuilles de cica d'un c\u00f4t\u00e9 pour des effets apaisants, et de bambou de l'autre pour une hydratation instantan\u00e9e.<\/p>","protected":false},"featured_media":5398,"comment_status":"open","ping_status":"closed","template":"","meta":{"om_disable_all_campaigns":false},"product_brand":[],"product_cat":[39,190],"product_tag":[],"class_list":{"0":"post-5394","1":"product","2":"type-product","3":"status-publish","4":"has-post-thumbnail","6":"product_cat-face-toners","7":"product_cat-numbuzin","9":"first","10":"instock","11":"shipping-taxable","12":"purchasable","13":"product-type-simple"},"aioseo_notices":[],"jetpack_sharing_enabled":true,"_links":{"self":[{"href":"https:\/\/k-beautyci.com\/fr\/wp-json\/wp\/v2\/product\/5394","targetHints":{"allow":["GET"]}}],"collection":[{"href":"https:\/\/k-beautyci.com\/fr\/wp-json\/wp\/v2\/product"}],"about":[{"href":"https:\/\/k-beautyci.com\/fr\/wp-json\/wp\/v2\/types\/product"}],"replies":[{"embeddable":true,"href":"https:\/\/k-beautyci.com\/fr\/wp-json\/wp\/v2\/comments?post=5394"}],"wp:featuredmedia":[{"embeddable":true,"href":"https:\/\/k-beautyci.com\/fr\/wp-json\/wp\/v2\/media\/5398"}],"wp:attachment":[{"href":"https:\/\/k-beautyci.com\/fr\/wp-json\/wp\/v2\/media?parent=5394"}],"wp:term":[{"taxonomy":"product_brand","embeddable":true,"href":"https:\/\/k-beautyci.com\/fr\/wp-json\/wp\/v2\/product_brand?post=5394"},{"taxonomy":"product_cat","embeddable":true,"href":"https:\/\/k-beautyci.com\/fr\/wp-json\/wp\/v2\/product_cat?post=5394"},{"taxonomy":"product_tag","embeddable":true,"href":"https:\/\/k-beautyci.com\/fr\/wp-json\/wp\/v2\/product_tag?post=5394"}],"curies":[{"name":"wp","href":"https:\/\/api.w.org\/{rel}","templated":true}]}}