{"id":5380,"date":"2024-10-07T02:30:27","date_gmt":"2024-10-07T02:30:27","guid":{"rendered":"https:\/\/k-beautyci.com\/?post_type=product&#038;p=5380"},"modified":"2024-10-23T11:52:38","modified_gmt":"2024-10-23T11:52:38","slug":"dr-g-r-e-d-blemish-clear-soothing-cream-70ml","status":"publish","type":"product","link":"https:\/\/k-beautyci.com\/fr\/produit\/dr-g-r-e-d-blemish-clear-soothing-cream-70ml\/","title":{"rendered":"Dr.G R.E.D Blemish Clear Soothing Cream 70mL"},"content":{"rendered":"<p>Comment l'utiliser :<\/p>\n<div class=\"description-item active\">\n<div class=\"body\">\n<p>Appliquer uniform\u00e9ment une quantit\u00e9 mod\u00e9r\u00e9e sur le visage, puis tapoter l\u00e9g\u00e8rement avec les paumes pour faire p\u00e9n\u00e9trer le produit.<\/p>\n<p>Avertissement : Pour usage externe uniquement. Toujours effectuer un test \u00e9picutan\u00e9. Cessez d'utiliser le produit si vous ressentez une quelconque g\u00eane. Suivre les instructions suppl\u00e9mentaires figurant sur l'emballage. Les r\u00e9sultats individuels peuvent varier.<\/p>\n<\/div>\n<\/div>\n<div class=\"description-item\">\n<h2 class=\"title\"><\/h2>\n<\/div>","protected":false},"excerpt":{"rendered":"<div class=\"product-details__desc\">\n<p>Cette cr\u00e8me l\u00e9g\u00e8re et hypoallerg\u00e9nique offre \u00e0 votre peau une exp\u00e9rience apaisante, lui donnant une sensation de propret\u00e9 et de fra\u00eecheur gr\u00e2ce \u00e0 10 types de cica et \u00e0 l'extrait de centella asiatica.<\/p>\n<\/div>\n<div class=\"product-details__accordion-desc\">\n<div class=\"description-item active\">\n<h2 class=\"title\"><\/h2>\n<\/div>\n<\/div>","protected":false},"featured_media":5387,"comment_status":"open","ping_status":"closed","template":"","meta":{"om_disable_all_campaigns":false},"product_brand":[],"product_cat":[88,210,26],"product_tag":[],"class_list":{"0":"post-5380","1":"product","2":"type-product","3":"status-publish","4":"has-post-thumbnail","6":"product_cat-centella","7":"product_cat-dr-g","8":"product_cat-face-moisturizer","10":"first","11":"outofstock","12":"shipping-taxable","13":"purchasable","14":"product-type-simple"},"aioseo_notices":[],"jetpack_sharing_enabled":true,"_links":{"self":[{"href":"https:\/\/k-beautyci.com\/fr\/wp-json\/wp\/v2\/product\/5380","targetHints":{"allow":["GET"]}}],"collection":[{"href":"https:\/\/k-beautyci.com\/fr\/wp-json\/wp\/v2\/product"}],"about":[{"href":"https:\/\/k-beautyci.com\/fr\/wp-json\/wp\/v2\/types\/product"}],"replies":[{"embeddable":true,"href":"https:\/\/k-beautyci.com\/fr\/wp-json\/wp\/v2\/comments?post=5380"}],"wp:featuredmedia":[{"embeddable":true,"href":"https:\/\/k-beautyci.com\/fr\/wp-json\/wp\/v2\/media\/5387"}],"wp:attachment":[{"href":"https:\/\/k-beautyci.com\/fr\/wp-json\/wp\/v2\/media?parent=5380"}],"wp:term":[{"taxonomy":"product_brand","embeddable":true,"href":"https:\/\/k-beautyci.com\/fr\/wp-json\/wp\/v2\/product_brand?post=5380"},{"taxonomy":"product_cat","embeddable":true,"href":"https:\/\/k-beautyci.com\/fr\/wp-json\/wp\/v2\/product_cat?post=5380"},{"taxonomy":"product_tag","embeddable":true,"href":"https:\/\/k-beautyci.com\/fr\/wp-json\/wp\/v2\/product_tag?post=5380"}],"curies":[{"name":"wp","href":"https:\/\/api.w.org\/{rel}","templated":true}]}}