{"id":5368,"date":"2024-10-07T02:30:39","date_gmt":"2024-10-07T02:30:39","guid":{"rendered":"https:\/\/k-beautyci.com\/?post_type=product&#038;p=5368"},"modified":"2026-04-15T23:43:59","modified_gmt":"2026-04-15T23:43:59","slug":"celimax-dual-barrier-creamy-toner","status":"publish","type":"product","link":"https:\/\/k-beautyci.com\/fr\/produit\/celimax-dual-barrier-creamy-toner\/","title":{"rendered":"celimax Dual Barrier Creamy Toner"},"content":{"rendered":"<p><b>Comment l'utiliser :<\/b><\/p>\n<p>Apr\u00e8s le nettoyage, appliquez le produit sur le visage \u00e0 l'aide de mains propres ou d'un coton. Tapoter d\u00e9licatement pour absorber le produit.<\/p>\n<p>Avertissement : Pour usage externe uniquement. Toujours effectuer un test \u00e9picutan\u00e9. Cessez d'utiliser le produit si vous ressentez une quelconque g\u00eane. Suivre les instructions suppl\u00e9mentaires figurant sur l'emballage. Les r\u00e9sultats individuels peuvent varier.<\/p>\n<p>&nbsp;<\/p>","protected":false},"excerpt":{"rendered":"<p>Pr\u00e9sent\u00e9 dans une formule laiteuse, ce tonique v\u00e9g\u00e9talien est infus\u00e9 de c\u00e9ramides, d'aquatide et de panth\u00e9nol pour renforcer les niveaux d'hydratation de la peau et favoriser une fonction de barri\u00e8re cutan\u00e9e saine. Convient aux peaux s\u00e8ches et sensibles.<\/p>","protected":false},"featured_media":5376,"comment_status":"open","ping_status":"closed","template":"","meta":{"om_disable_all_campaigns":false},"product_brand":[],"product_cat":[209,148,39],"product_tag":[],"class_list":{"0":"post-5368","1":"product","2":"type-product","3":"status-publish","4":"has-post-thumbnail","6":"product_cat-celimax","7":"product_cat-ceramide","8":"product_cat-face-toners","10":"first","11":"instock","12":"shipping-taxable","13":"purchasable","14":"product-type-simple"},"aioseo_notices":[],"jetpack_sharing_enabled":true,"_links":{"self":[{"href":"https:\/\/k-beautyci.com\/fr\/wp-json\/wp\/v2\/product\/5368","targetHints":{"allow":["GET"]}}],"collection":[{"href":"https:\/\/k-beautyci.com\/fr\/wp-json\/wp\/v2\/product"}],"about":[{"href":"https:\/\/k-beautyci.com\/fr\/wp-json\/wp\/v2\/types\/product"}],"replies":[{"embeddable":true,"href":"https:\/\/k-beautyci.com\/fr\/wp-json\/wp\/v2\/comments?post=5368"}],"wp:featuredmedia":[{"embeddable":true,"href":"https:\/\/k-beautyci.com\/fr\/wp-json\/wp\/v2\/media\/5376"}],"wp:attachment":[{"href":"https:\/\/k-beautyci.com\/fr\/wp-json\/wp\/v2\/media?parent=5368"}],"wp:term":[{"taxonomy":"product_brand","embeddable":true,"href":"https:\/\/k-beautyci.com\/fr\/wp-json\/wp\/v2\/product_brand?post=5368"},{"taxonomy":"product_cat","embeddable":true,"href":"https:\/\/k-beautyci.com\/fr\/wp-json\/wp\/v2\/product_cat?post=5368"},{"taxonomy":"product_tag","embeddable":true,"href":"https:\/\/k-beautyci.com\/fr\/wp-json\/wp\/v2\/product_tag?post=5368"}],"curies":[{"name":"wp","href":"https:\/\/api.w.org\/{rel}","templated":true}]}}