{"id":5358,"date":"2024-10-07T02:31:05","date_gmt":"2024-10-07T02:31:05","guid":{"rendered":"https:\/\/k-beautyci.com\/?post_type=product&#038;p=5358"},"modified":"2026-03-03T10:48:40","modified_gmt":"2026-03-03T10:48:40","slug":"jumiso-antioxidant-glow-facial-essence-40ml","status":"publish","type":"product","link":"https:\/\/k-beautyci.com\/fr\/produit\/jumiso-antioxidant-glow-facial-essence-40ml\/","title":{"rendered":"Jumiso Antioxidant Glow Facial Essence 40ml"},"content":{"rendered":"<p><b>Comment l'utiliser :<\/b><\/p>\n<p>R\u00e9partir uniform\u00e9ment une quantit\u00e9 mod\u00e9r\u00e9e sur la peau et tapoter doucement pour faciliter l'absorption.<\/p>\n<p>Avertissement : Pour usage externe uniquement. Toujours effectuer un test \u00e9picutan\u00e9. Cessez d'utiliser le produit si vous ressentez une quelconque g\u00eane. Suivre les instructions suppl\u00e9mentaires figurant sur l'emballage. Les r\u00e9sultats individuels peuvent varier.<\/p>","protected":false},"excerpt":{"rendered":"<p>Antioxydant, blanchissant et renfor\u00e7ant la barri\u00e8re protectrice \u00e0 la fois ! Augmente la force naturelle de la peau et lui apporte hydratation et \u00e9clat de l'int\u00e9rieur.<\/p>","protected":false},"featured_media":5362,"comment_status":"open","ping_status":"closed","template":"","meta":{"om_disable_all_campaigns":false},"product_brand":[],"product_cat":[31,153],"product_tag":[],"class_list":{"0":"post-5358","1":"product","2":"type-product","3":"status-publish","4":"has-post-thumbnail","6":"product_cat-face-serums","7":"product_cat-jumiso","9":"first","10":"instock","11":"shipping-taxable","12":"purchasable","13":"product-type-simple"},"aioseo_notices":[],"jetpack_sharing_enabled":true,"_links":{"self":[{"href":"https:\/\/k-beautyci.com\/fr\/wp-json\/wp\/v2\/product\/5358","targetHints":{"allow":["GET"]}}],"collection":[{"href":"https:\/\/k-beautyci.com\/fr\/wp-json\/wp\/v2\/product"}],"about":[{"href":"https:\/\/k-beautyci.com\/fr\/wp-json\/wp\/v2\/types\/product"}],"replies":[{"embeddable":true,"href":"https:\/\/k-beautyci.com\/fr\/wp-json\/wp\/v2\/comments?post=5358"}],"wp:featuredmedia":[{"embeddable":true,"href":"https:\/\/k-beautyci.com\/fr\/wp-json\/wp\/v2\/media\/5362"}],"wp:attachment":[{"href":"https:\/\/k-beautyci.com\/fr\/wp-json\/wp\/v2\/media?parent=5358"}],"wp:term":[{"taxonomy":"product_brand","embeddable":true,"href":"https:\/\/k-beautyci.com\/fr\/wp-json\/wp\/v2\/product_brand?post=5358"},{"taxonomy":"product_cat","embeddable":true,"href":"https:\/\/k-beautyci.com\/fr\/wp-json\/wp\/v2\/product_cat?post=5358"},{"taxonomy":"product_tag","embeddable":true,"href":"https:\/\/k-beautyci.com\/fr\/wp-json\/wp\/v2\/product_tag?post=5358"}],"curies":[{"name":"wp","href":"https:\/\/api.w.org\/{rel}","templated":true}]}}