{"id":5352,"date":"2024-10-07T02:32:30","date_gmt":"2024-10-07T02:32:30","guid":{"rendered":"https:\/\/k-beautyci.com\/?post_type=product&#038;p=5352"},"modified":"2025-08-10T21:54:53","modified_gmt":"2025-08-10T21:54:53","slug":"tocobo-cica-calming-gel-cream-75ml","status":"publish","type":"product","link":"https:\/\/k-beautyci.com\/fr\/produit\/tocobo-cica-calming-gel-cream-75ml\/","title":{"rendered":"Tocobo Cica Calming Gel Cream 75ml"},"content":{"rendered":"<div class=\"accordion-row\">\n<p class=\"accordion-toggle\" data-focus-element=\"\" data-accordion-toggle=\"\" data-block-id=\"tabs-1\">Comment l'utiliser<\/p>\n<\/div>\n<div class=\"accordion-row\">Lors de l'\u00e9tape d'hydratation de la routine de soins de la peau, appliquez une quantit\u00e9 suffisante sur la peau. Tapotez doucement pour faire p\u00e9n\u00e9trer le produit dans la peau.<\/div>\n<div><\/div>\n<div>Avertissement : Pour usage externe uniquement. Toujours effectuer un test \u00e9picutan\u00e9. Cessez d'utiliser le produit si vous ressentez une quelconque g\u00eane. Suivre les instructions suppl\u00e9mentaires figurant sur l'emballage. Les r\u00e9sultats individuels peuvent varier.<\/div>","protected":false},"excerpt":{"rendered":"<p>Ce gel-cr\u00e8me hypoallerg\u00e9nique \u00e0 base de Cica et d'acide hyaluronique fournit une hydratation puissante et apaise efficacement les peaux irrit\u00e9es, tout en pr\u00e9sentant des avantages antioxydants. Enrichi en extrait de Melaleuca Alternifolia (arbre \u00e0 th\u00e9) pour aider \u00e0 r\u00e9duire les exc\u00e8s de s\u00e9bum et \u00e0 soulager la s\u00e9cheresse. Contient du c\u00e9ramide NP pour renforcer la barri\u00e8re cutan\u00e9e, retenir l'humidit\u00e9 et favoriser un teint jeune et rebondi. Une texture gel hydratante l\u00e9g\u00e8re qui glisse sur la peau en douceur et l'absorbe rapidement sans l'alourdir.<\/p>","protected":false},"featured_media":5355,"comment_status":"open","ping_status":"closed","template":"","meta":{"om_disable_all_campaigns":false},"product_brand":[],"product_cat":[15],"product_tag":[],"class_list":{"0":"post-5352","1":"product","2":"type-product","3":"status-publish","4":"has-post-thumbnail","6":"product_cat-uncategorized","8":"first","9":"instock","10":"sale","11":"shipping-taxable","12":"purchasable","13":"product-type-simple"},"aioseo_notices":[],"jetpack_sharing_enabled":true,"_links":{"self":[{"href":"https:\/\/k-beautyci.com\/fr\/wp-json\/wp\/v2\/product\/5352","targetHints":{"allow":["GET"]}}],"collection":[{"href":"https:\/\/k-beautyci.com\/fr\/wp-json\/wp\/v2\/product"}],"about":[{"href":"https:\/\/k-beautyci.com\/fr\/wp-json\/wp\/v2\/types\/product"}],"replies":[{"embeddable":true,"href":"https:\/\/k-beautyci.com\/fr\/wp-json\/wp\/v2\/comments?post=5352"}],"wp:featuredmedia":[{"embeddable":true,"href":"https:\/\/k-beautyci.com\/fr\/wp-json\/wp\/v2\/media\/5355"}],"wp:attachment":[{"href":"https:\/\/k-beautyci.com\/fr\/wp-json\/wp\/v2\/media?parent=5352"}],"wp:term":[{"taxonomy":"product_brand","embeddable":true,"href":"https:\/\/k-beautyci.com\/fr\/wp-json\/wp\/v2\/product_brand?post=5352"},{"taxonomy":"product_cat","embeddable":true,"href":"https:\/\/k-beautyci.com\/fr\/wp-json\/wp\/v2\/product_cat?post=5352"},{"taxonomy":"product_tag","embeddable":true,"href":"https:\/\/k-beautyci.com\/fr\/wp-json\/wp\/v2\/product_tag?post=5352"}],"curies":[{"name":"wp","href":"https:\/\/api.w.org\/{rel}","templated":true}]}}