{"id":5339,"date":"2024-10-01T06:24:39","date_gmt":"2024-10-01T06:24:39","guid":{"rendered":"https:\/\/k-beautyci.com\/?post_type=product&#038;p=5339"},"modified":"2026-03-13T18:48:51","modified_gmt":"2026-03-13T18:48:51","slug":"mary-may-glutathione-eyecream-special-set-eye-cream-30g-1ea12g-2ea","status":"publish","type":"product","link":"https:\/\/k-beautyci.com\/fr\/produit\/mary-may-glutathione-eyecream-special-set-eye-cream-30g-1ea12g-2ea\/","title":{"rendered":"Mary &amp; May Glutathione Eyecream Special Set( Eye Cream 30g 1EA+12g 2EA)"},"content":{"rendered":"<p><b>Comment l'utiliser :<\/b><\/p>\n<p>1. Pressez une petite quantit\u00e9 de produit sur votre annulaire et appliquez sur le contour des yeux. Faire p\u00e9n\u00e9trer doucement dans la peau pour absorber le produit.<br \/>\n2. Utiliser le matin et le soir.<\/p>\n<p>&nbsp;<\/p>\n<p>Avertissement : Pour usage externe uniquement. Toujours effectuer un test \u00e9picutan\u00e9. Cessez d'utiliser le produit si vous ressentez une quelconque g\u00eane. Suivre les instructions suppl\u00e9mentaires figurant sur l'emballage. Les r\u00e9sultats individuels peuvent varier.<\/p>","protected":false},"excerpt":{"rendered":"<p>Ce coffret sp\u00e9cial comprend une cr\u00e8me pour les yeux au glutathion en format original et deux autres en format mini. Enrichie de 1 000 ppm d'acide tranexamique et de glutathion, la cr\u00e8me pour les yeux \u00e9claircit les cernes et revitalise la peau du contour des yeux. Elle contient \u00e9galement de la vitamine C pour stimuler la production de collag\u00e8ne et \u00e9claircir la peau terne.<\/p>","protected":false},"featured_media":5346,"comment_status":"open","ping_status":"closed","template":"","meta":{"om_disable_all_campaigns":false},"product_brand":[],"product_cat":[38,96],"product_tag":[],"class_list":{"0":"post-5339","1":"product","2":"type-product","3":"status-publish","4":"has-post-thumbnail","6":"product_cat-eye-care","7":"product_cat-mary-may","9":"first","10":"instock","11":"shipping-taxable","12":"purchasable","13":"product-type-simple"},"aioseo_notices":[],"jetpack_sharing_enabled":true,"_links":{"self":[{"href":"https:\/\/k-beautyci.com\/fr\/wp-json\/wp\/v2\/product\/5339","targetHints":{"allow":["GET"]}}],"collection":[{"href":"https:\/\/k-beautyci.com\/fr\/wp-json\/wp\/v2\/product"}],"about":[{"href":"https:\/\/k-beautyci.com\/fr\/wp-json\/wp\/v2\/types\/product"}],"replies":[{"embeddable":true,"href":"https:\/\/k-beautyci.com\/fr\/wp-json\/wp\/v2\/comments?post=5339"}],"wp:featuredmedia":[{"embeddable":true,"href":"https:\/\/k-beautyci.com\/fr\/wp-json\/wp\/v2\/media\/5346"}],"wp:attachment":[{"href":"https:\/\/k-beautyci.com\/fr\/wp-json\/wp\/v2\/media?parent=5339"}],"wp:term":[{"taxonomy":"product_brand","embeddable":true,"href":"https:\/\/k-beautyci.com\/fr\/wp-json\/wp\/v2\/product_brand?post=5339"},{"taxonomy":"product_cat","embeddable":true,"href":"https:\/\/k-beautyci.com\/fr\/wp-json\/wp\/v2\/product_cat?post=5339"},{"taxonomy":"product_tag","embeddable":true,"href":"https:\/\/k-beautyci.com\/fr\/wp-json\/wp\/v2\/product_tag?post=5339"}],"curies":[{"name":"wp","href":"https:\/\/api.w.org\/{rel}","templated":true}]}}