{"id":5331,"date":"2024-10-07T02:33:53","date_gmt":"2024-10-07T02:33:53","guid":{"rendered":"https:\/\/k-beautyci.com\/?post_type=product&#038;p=5331"},"modified":"2026-03-02T11:18:28","modified_gmt":"2026-03-02T11:18:28","slug":"goodal-vegan-rice-milk-moisturizing-toner-250ml","status":"publish","type":"product","link":"https:\/\/k-beautyci.com\/fr\/produit\/goodal-vegan-rice-milk-moisturizing-toner-250ml\/","title":{"rendered":"Goodal &#8211; Vegan Rice Milk Moisturizing Toner 250ml"},"content":{"rendered":"<p><b>Comment l'utiliser :<\/b><br \/>\n1. After cleansing, apply a moderate amount on skin.<\/p>\n<p>2. Tamponner doucement pour faciliter l'absorption.<\/p>\n<p>Avertissement : Pour usage externe uniquement. Toujours effectuer un test \u00e9picutan\u00e9. Cessez d'utiliser le produit si vous ressentez une quelconque g\u00eane. Suivre les instructions suppl\u00e9mentaires figurant sur l'emballage. Les r\u00e9sultats individuels peuvent varier.<\/p>","protected":false},"excerpt":{"rendered":"<p>Le tonique hydratant v\u00e9g\u00e9talien p\u00e9n\u00e8tre efficacement dans la peau pour apporter un soin apaisant et am\u00e9liorer le niveau d'hydratation de la peau. Il contient du lait de riz (fabriqu\u00e9 \u00e0 partir de riz de l'\u00eele de Jeju) pour retenir l'humidit\u00e9, et de l'aqua-c\u00e9ramide pour r\u00e9parer et renforcer la barri\u00e8re cutan\u00e9e endommag\u00e9e. La formule hypoallerg\u00e9nique convient \u00e0 tous les types de peau.<\/p>","protected":false},"featured_media":5337,"comment_status":"open","ping_status":"closed","template":"","meta":{"om_disable_all_campaigns":false},"product_brand":[],"product_cat":[148,39,182],"product_tag":[],"class_list":{"0":"post-5331","1":"product","2":"type-product","3":"status-publish","4":"has-post-thumbnail","6":"product_cat-ceramide","7":"product_cat-face-toners","8":"product_cat-goodal","10":"first","11":"instock","12":"sale","13":"shipping-taxable","14":"purchasable","15":"product-type-simple"},"aioseo_notices":[],"jetpack_sharing_enabled":true,"_links":{"self":[{"href":"https:\/\/k-beautyci.com\/fr\/wp-json\/wp\/v2\/product\/5331","targetHints":{"allow":["GET"]}}],"collection":[{"href":"https:\/\/k-beautyci.com\/fr\/wp-json\/wp\/v2\/product"}],"about":[{"href":"https:\/\/k-beautyci.com\/fr\/wp-json\/wp\/v2\/types\/product"}],"replies":[{"embeddable":true,"href":"https:\/\/k-beautyci.com\/fr\/wp-json\/wp\/v2\/comments?post=5331"}],"wp:featuredmedia":[{"embeddable":true,"href":"https:\/\/k-beautyci.com\/fr\/wp-json\/wp\/v2\/media\/5337"}],"wp:attachment":[{"href":"https:\/\/k-beautyci.com\/fr\/wp-json\/wp\/v2\/media?parent=5331"}],"wp:term":[{"taxonomy":"product_brand","embeddable":true,"href":"https:\/\/k-beautyci.com\/fr\/wp-json\/wp\/v2\/product_brand?post=5331"},{"taxonomy":"product_cat","embeddable":true,"href":"https:\/\/k-beautyci.com\/fr\/wp-json\/wp\/v2\/product_cat?post=5331"},{"taxonomy":"product_tag","embeddable":true,"href":"https:\/\/k-beautyci.com\/fr\/wp-json\/wp\/v2\/product_tag?post=5331"}],"curies":[{"name":"wp","href":"https:\/\/api.w.org\/{rel}","templated":true}]}}