{"id":5323,"date":"2024-10-07T02:34:14","date_gmt":"2024-10-07T02:34:14","guid":{"rendered":"https:\/\/k-beautyci.com\/?post_type=product&#038;p=5323"},"modified":"2026-03-02T11:18:50","modified_gmt":"2026-03-02T11:18:50","slug":"goodal-vegan-rice-milk-moisturizing-cream-70ml","status":"publish","type":"product","link":"https:\/\/k-beautyci.com\/fr\/produit\/goodal-vegan-rice-milk-moisturizing-cream-70ml\/","title":{"rendered":"goodal Vegan Rice Milk Moisturizing Cream 70mL"},"content":{"rendered":"<p>Comment l'utiliser :<\/p>\n<p>En derni\u00e8re \u00e9tape de votre routine de soins avant l'application d'un SPF quotidien pendant la journ\u00e9e, appliquez une quantit\u00e9 mod\u00e9r\u00e9e sur le visage avec des mains propres. Masser doucement et faire p\u00e9n\u00e9trer en tapotant.<\/p>\n<p>Avertissement : Pour usage externe uniquement. Toujours effectuer un test \u00e9picutan\u00e9. Cessez d'utiliser le produit si vous ressentez une quelconque g\u00eane. Suivre les instructions suppl\u00e9mentaires figurant sur l'emballage. Les r\u00e9sultats individuels peuvent varier.<\/p>","protected":false},"excerpt":{"rendered":"<p>Give your skin some gentle hydration with this nourishing cream.&nbsp;This cream provides 24-hour moisture to your skin&#8217;s natural moisture barrier, and it&#8217;s been specially formulated with a focus on vegan and natural ingredients for sensitive skin.<\/p>","protected":false},"featured_media":5329,"comment_status":"open","ping_status":"closed","template":"","meta":{"om_disable_all_campaigns":false},"product_brand":[],"product_cat":[26,182],"product_tag":[],"class_list":{"0":"post-5323","1":"product","2":"type-product","3":"status-publish","4":"has-post-thumbnail","6":"product_cat-face-moisturizer","7":"product_cat-goodal","9":"first","10":"instock","11":"sale","12":"shipping-taxable","13":"purchasable","14":"product-type-simple"},"aioseo_notices":[],"jetpack_sharing_enabled":true,"_links":{"self":[{"href":"https:\/\/k-beautyci.com\/fr\/wp-json\/wp\/v2\/product\/5323","targetHints":{"allow":["GET"]}}],"collection":[{"href":"https:\/\/k-beautyci.com\/fr\/wp-json\/wp\/v2\/product"}],"about":[{"href":"https:\/\/k-beautyci.com\/fr\/wp-json\/wp\/v2\/types\/product"}],"replies":[{"embeddable":true,"href":"https:\/\/k-beautyci.com\/fr\/wp-json\/wp\/v2\/comments?post=5323"}],"wp:featuredmedia":[{"embeddable":true,"href":"https:\/\/k-beautyci.com\/fr\/wp-json\/wp\/v2\/media\/5329"}],"wp:attachment":[{"href":"https:\/\/k-beautyci.com\/fr\/wp-json\/wp\/v2\/media?parent=5323"}],"wp:term":[{"taxonomy":"product_brand","embeddable":true,"href":"https:\/\/k-beautyci.com\/fr\/wp-json\/wp\/v2\/product_brand?post=5323"},{"taxonomy":"product_cat","embeddable":true,"href":"https:\/\/k-beautyci.com\/fr\/wp-json\/wp\/v2\/product_cat?post=5323"},{"taxonomy":"product_tag","embeddable":true,"href":"https:\/\/k-beautyci.com\/fr\/wp-json\/wp\/v2\/product_tag?post=5323"}],"curies":[{"name":"wp","href":"https:\/\/api.w.org\/{rel}","templated":true}]}}