{"id":5313,"date":"2024-09-30T23:52:22","date_gmt":"2024-09-30T23:52:22","guid":{"rendered":"https:\/\/k-beautyci.com\/?post_type=product&#038;p=5313"},"modified":"2026-03-13T15:41:19","modified_gmt":"2026-03-13T15:41:19","slug":"medicube-collagen-overnight-wrapping-peel-off-facial-mask-pack-pre-commande","status":"publish","type":"product","link":"https:\/\/k-beautyci.com\/fr\/produit\/medicube-collagen-overnight-wrapping-peel-off-facial-mask-pack-pre-commande\/","title":{"rendered":"Medicube Collagen Overnight Wrapping Peel Off Facial Mask Pack"},"content":{"rendered":"<p><b>Comment l'utiliser :<\/b><br \/>\n1. Apr\u00e8s le nettoyage et l'application du tonique et de la cr\u00e8me, appliquer une quantit\u00e9 mod\u00e9r\u00e9e sur l'ensemble du visage en \u00e9vitant le contour des l\u00e8vres et des yeux.<\/p>\n<p>2. Laissez-le s\u00e9cher compl\u00e8tement avant d'aller vous coucher.<\/p>\n<p>3. Le lendemain matin, retirer le film de protection au collag\u00e8ne et rincer d\u00e9licatement \u00e0 l'eau ti\u00e8de.<\/p>\n<p>&nbsp;<\/p>\n<p>Avertissement : Pour usage externe uniquement. Toujours effectuer un test \u00e9picutan\u00e9. Cessez d'utiliser le produit si vous ressentez une quelconque g\u00eane. Suivre les instructions suppl\u00e9mentaires figurant sur la bo\u00eete. Les r\u00e9sultats individuels peuvent varier.<\/p>","protected":false},"excerpt":{"rendered":"<p><span class=\"a-list-item\">R\u00e9veillez votre \u00e9clat avec le booster d'\u00e9lasticit\u00e9 de nuit - Prot\u00e9gez et am\u00e9liorez l'\u00e9lasticit\u00e9 de votre peau avec notre film d'enveloppement au collag\u00e8ne, offrant 8 heures de soins intensifs pendant que vous dormez. Parfait pour se r\u00e9veiller avec une peau plus ferme et plus r\u00e9sistante.<\/span><\/p>","protected":false},"featured_media":5320,"comment_status":"open","ping_status":"closed","template":"","meta":{"om_disable_all_campaigns":false},"product_brand":[],"product_cat":[62,215],"product_tag":[],"class_list":{"0":"post-5313","1":"product","2":"type-product","3":"status-publish","4":"has-post-thumbnail","6":"product_cat-face-masks","7":"product_cat-medicube","9":"first","10":"instock","11":"sale","12":"shipping-taxable","13":"purchasable","14":"product-type-simple"},"aioseo_notices":[],"jetpack_sharing_enabled":true,"_links":{"self":[{"href":"https:\/\/k-beautyci.com\/fr\/wp-json\/wp\/v2\/product\/5313","targetHints":{"allow":["GET"]}}],"collection":[{"href":"https:\/\/k-beautyci.com\/fr\/wp-json\/wp\/v2\/product"}],"about":[{"href":"https:\/\/k-beautyci.com\/fr\/wp-json\/wp\/v2\/types\/product"}],"replies":[{"embeddable":true,"href":"https:\/\/k-beautyci.com\/fr\/wp-json\/wp\/v2\/comments?post=5313"}],"wp:featuredmedia":[{"embeddable":true,"href":"https:\/\/k-beautyci.com\/fr\/wp-json\/wp\/v2\/media\/5320"}],"wp:attachment":[{"href":"https:\/\/k-beautyci.com\/fr\/wp-json\/wp\/v2\/media?parent=5313"}],"wp:term":[{"taxonomy":"product_brand","embeddable":true,"href":"https:\/\/k-beautyci.com\/fr\/wp-json\/wp\/v2\/product_brand?post=5313"},{"taxonomy":"product_cat","embeddable":true,"href":"https:\/\/k-beautyci.com\/fr\/wp-json\/wp\/v2\/product_cat?post=5313"},{"taxonomy":"product_tag","embeddable":true,"href":"https:\/\/k-beautyci.com\/fr\/wp-json\/wp\/v2\/product_tag?post=5313"}],"curies":[{"name":"wp","href":"https:\/\/api.w.org\/{rel}","templated":true}]}}