{"id":5299,"date":"2024-10-07T02:34:31","date_gmt":"2024-10-07T02:34:31","guid":{"rendered":"https:\/\/k-beautyci.com\/?post_type=product&#038;p=5299"},"modified":"2026-02-03T16:12:59","modified_gmt":"2026-02-03T16:12:59","slug":"skin1004-probio-cica-glow-sun-ampoule","status":"publish","type":"product","link":"https:\/\/k-beautyci.com\/fr\/produit\/skin1004-probio-cica-glow-sun-ampoule\/","title":{"rendered":"SKIN1004 Probio-Cica Glow Sun Ampoule"},"content":{"rendered":"<p><b>Comment l'utiliser :<\/b><\/p>\n<p>Lors de la derni\u00e8re \u00e9tape du soin de la peau, appliquez une quantit\u00e9 ad\u00e9quate uniform\u00e9ment sur les zones susceptibles d'\u00eatre expos\u00e9es \u00e0 la lumi\u00e8re du soleil.<\/p>\n<p>Avertissement : Pour usage externe uniquement. Toujours effectuer un test \u00e9picutan\u00e9. Cessez d'utiliser le produit si vous ressentez une quelconque g\u00eane. Suivre les instructions suppl\u00e9mentaires figurant sur la bo\u00eete. Les r\u00e9sultats individuels peuvent varier.<\/p>","protected":false},"excerpt":{"rendered":"<p>Une ampoule solaire chimique qui offre une protection UV efficace avec un large spectre SPF50+ PA++++, infus\u00e9e de TECA de Madagascar et de Centella pour apaiser les peaux irrit\u00e9es et renforcer la barri\u00e8re cutan\u00e9e. Contient 74% d'essence hydratante pour fixer l'hydratation et aider \u00e0 obtenir une peau brillante.<\/p>","protected":false},"featured_media":5306,"comment_status":"open","ping_status":"closed","template":"","meta":{"om_disable_all_campaigns":false},"product_brand":[],"product_cat":[94,77],"product_tag":[],"class_list":{"0":"post-5299","1":"product","2":"type-product","3":"status-publish","4":"has-post-thumbnail","6":"product_cat-skin-1004","7":"product_cat-spf-50","9":"first","10":"outofstock","11":"shipping-taxable","12":"purchasable","13":"product-type-simple"},"aioseo_notices":[],"jetpack_sharing_enabled":true,"_links":{"self":[{"href":"https:\/\/k-beautyci.com\/fr\/wp-json\/wp\/v2\/product\/5299","targetHints":{"allow":["GET"]}}],"collection":[{"href":"https:\/\/k-beautyci.com\/fr\/wp-json\/wp\/v2\/product"}],"about":[{"href":"https:\/\/k-beautyci.com\/fr\/wp-json\/wp\/v2\/types\/product"}],"replies":[{"embeddable":true,"href":"https:\/\/k-beautyci.com\/fr\/wp-json\/wp\/v2\/comments?post=5299"}],"wp:featuredmedia":[{"embeddable":true,"href":"https:\/\/k-beautyci.com\/fr\/wp-json\/wp\/v2\/media\/5306"}],"wp:attachment":[{"href":"https:\/\/k-beautyci.com\/fr\/wp-json\/wp\/v2\/media?parent=5299"}],"wp:term":[{"taxonomy":"product_brand","embeddable":true,"href":"https:\/\/k-beautyci.com\/fr\/wp-json\/wp\/v2\/product_brand?post=5299"},{"taxonomy":"product_cat","embeddable":true,"href":"https:\/\/k-beautyci.com\/fr\/wp-json\/wp\/v2\/product_cat?post=5299"},{"taxonomy":"product_tag","embeddable":true,"href":"https:\/\/k-beautyci.com\/fr\/wp-json\/wp\/v2\/product_tag?post=5299"}],"curies":[{"name":"wp","href":"https:\/\/api.w.org\/{rel}","templated":true}]}}