{"id":5288,"date":"2024-10-07T02:34:45","date_gmt":"2024-10-07T02:34:45","guid":{"rendered":"https:\/\/k-beautyci.com\/?post_type=product&#038;p=5288"},"modified":"2025-09-10T14:24:32","modified_gmt":"2025-09-10T14:24:32","slug":"dr-ceuracle-vegan-active-berry-first-essence","status":"publish","type":"product","link":"https:\/\/k-beautyci.com\/fr\/produit\/dr-ceuracle-vegan-active-berry-first-essence\/","title":{"rendered":"Dr. Ceuracle Vegan Active Berry First Essence"},"content":{"rendered":"<p><b>Comment l'utiliser :<\/b><\/p>\n<p>Apr\u00e8s avoir tonifi\u00e9 la peau, appliquer une quantit\u00e9 mod\u00e9r\u00e9e sur la peau et tapoter d\u00e9licatement pour faire p\u00e9n\u00e9trer le produit.<\/p>\n<p>Avertissement : Pour usage externe uniquement. Toujours effectuer un test \u00e9picutan\u00e9. Cessez d'utiliser le produit si vous ressentez une quelconque g\u00eane. Suivre les instructions suppl\u00e9mentaires figurant sur la bo\u00eete. Les r\u00e9sultats individuels peuvent varier.<\/p>","protected":false},"excerpt":{"rendered":"<p>Nourrissez votre peau avec cette essence v\u00e9g\u00e9talienne l\u00e9g\u00e8re. Elle est enrichie de 20 000 ppm de complexe actif de baies contenant de l'extrait de raisin, de l'huile de p\u00e9pins de raisin et du cranbetinol pour r\u00e9hydrater la peau, stimuler son \u00e9lasticit\u00e9 et renforcer sa barri\u00e8re protectrice. D'autres ingr\u00e9dients tels que le collag\u00e8ne \u00e0 faible poids mol\u00e9culaire, le r\u00e9tinol, le c\u00e9ramide et le squalane offrent des bienfaits anti-\u00e2ge et hydratants.<\/p>","protected":false},"featured_media":5298,"comment_status":"open","ping_status":"closed","template":"","meta":{"om_disable_all_campaigns":false},"product_brand":[],"product_cat":[189,32],"product_tag":[],"class_list":{"0":"post-5288","1":"product","2":"type-product","3":"status-publish","4":"has-post-thumbnail","6":"product_cat-dr-ceracule","7":"product_cat-essence","9":"first","10":"outofstock","11":"sale","12":"shipping-taxable","13":"purchasable","14":"product-type-simple"},"aioseo_notices":[],"jetpack_sharing_enabled":true,"_links":{"self":[{"href":"https:\/\/k-beautyci.com\/fr\/wp-json\/wp\/v2\/product\/5288","targetHints":{"allow":["GET"]}}],"collection":[{"href":"https:\/\/k-beautyci.com\/fr\/wp-json\/wp\/v2\/product"}],"about":[{"href":"https:\/\/k-beautyci.com\/fr\/wp-json\/wp\/v2\/types\/product"}],"replies":[{"embeddable":true,"href":"https:\/\/k-beautyci.com\/fr\/wp-json\/wp\/v2\/comments?post=5288"}],"wp:featuredmedia":[{"embeddable":true,"href":"https:\/\/k-beautyci.com\/fr\/wp-json\/wp\/v2\/media\/5298"}],"wp:attachment":[{"href":"https:\/\/k-beautyci.com\/fr\/wp-json\/wp\/v2\/media?parent=5288"}],"wp:term":[{"taxonomy":"product_brand","embeddable":true,"href":"https:\/\/k-beautyci.com\/fr\/wp-json\/wp\/v2\/product_brand?post=5288"},{"taxonomy":"product_cat","embeddable":true,"href":"https:\/\/k-beautyci.com\/fr\/wp-json\/wp\/v2\/product_cat?post=5288"},{"taxonomy":"product_tag","embeddable":true,"href":"https:\/\/k-beautyci.com\/fr\/wp-json\/wp\/v2\/product_tag?post=5288"}],"curies":[{"name":"wp","href":"https:\/\/api.w.org\/{rel}","templated":true}]}}