{"id":5279,"date":"2024-10-07T02:35:01","date_gmt":"2024-10-07T02:35:01","guid":{"rendered":"https:\/\/k-beautyci.com\/?post_type=product&#038;p=5279"},"modified":"2025-03-21T05:44:23","modified_gmt":"2025-03-21T05:44:23","slug":"mixsoon-glacier-water-hyaluronic-acid-serum-300ml","status":"publish","type":"product","link":"https:\/\/k-beautyci.com\/fr\/produit\/mixsoon-glacier-water-hyaluronic-acid-serum-300ml\/","title":{"rendered":"mixsoon Glacier Water Hyaluronic Acid Serum 300ml"},"content":{"rendered":"<p><span class=\"a-list-item\">Mode d'emploi : mixsoon Hyaluronic Acid Serum est recommand\u00e9 pour les personnes dont la peau manque d'hydratation. Gr\u00e2ce \u00e0 sa texture dense et hautement concentr\u00e9e, il procure une sensation d'hydratation superpos\u00e9e et ferme. Pour un soin particulier, nous recommandons de l'utiliser avec la vitamine C ou la poudre de collag\u00e8ne mixsoon afin d'augmenter l'effet de synergie pour une peau de verre saine. Convient \u00e0 un usage quotidien.<\/span><\/p>\n<ul class=\"a-unordered-list a-vertical a-spacing-mini\">\n<li class=\"a-spacing-mini\"><span class=\"a-list-item\">Utilisation quotidienne : Apr\u00e8s le nettoyage, la tonification et les autres soins, appliquer quelques gouttes de s\u00e9rum d'acide hyaluronique sur l'ensemble du visage avec les mains ou \u00e0 l'aide d'un coton. Faire p\u00e9n\u00e9trer en tapotant jusqu'\u00e0 absorption compl\u00e8te.<\/span><\/li>\n<li class=\"a-spacing-mini\"><span class=\"a-list-item\">COUCHE D'HYDRATATION : Appliquer 2 \u00e0 3 couches de s\u00e9rum \u00e0 l'acide hyaluronique pour r\u00e9hydrater les peaux ternes et s\u00e8ches. <\/span><\/li>\n<li class=\"a-spacing-mini\"><span class=\"a-list-item\">SKIN PACK : Impr\u00e9gner un coton du s\u00e9rum d'acide hyaluronique et le placer sur les zones s\u00e8ches ou sur les zones n\u00e9cessitant un soin intensif pendant 5 \u00e0 10 minutes.<\/span><\/li>\n<li class=\"a-spacing-mini\"><span class=\"a-list-item\">SOINS SP\u00c9CIAUX : M\u00e9langer la poudre de mixsoon avec le s\u00e9rum d'acide hyaluronique dans la paume de la main avant de l'appliquer sur le visage pour maximiser les effets de synergie des deux produits.<\/span><\/li>\n<\/ul>\n<p>Avertissement : Pour usage externe uniquement. Toujours effectuer un test \u00e9picutan\u00e9. Cessez d'utiliser le produit si vous ressentez une quelconque g\u00eane. Suivre les instructions suppl\u00e9mentaires figurant sur la bo\u00eete. Les r\u00e9sultats individuels peuvent varier.<\/p>","protected":false},"excerpt":{"rendered":"<p><span class=\"a-list-item\">Infus\u00e9 d'eau de glacier et de trois types d'acide hyaluronique, ce s\u00e9rum offre un puissant boost d'hydratation pour une peau souple et rebondie, et forme un film hydratant sur la peau pour aider \u00e0 renforcer la barri\u00e8re cutan\u00e9e.<\/span><\/p>","protected":false},"featured_media":5287,"comment_status":"open","ping_status":"closed","template":"","meta":{"om_disable_all_campaigns":false},"product_brand":[],"product_cat":[26,31,69,196],"product_tag":[],"class_list":{"0":"post-5279","1":"product","2":"type-product","3":"status-publish","4":"has-post-thumbnail","6":"product_cat-face-moisturizer","7":"product_cat-face-serums","8":"product_cat-hyaluronic-acid","9":"product_cat-mixsoon","11":"first","12":"outofstock","13":"shipping-taxable","14":"purchasable","15":"product-type-simple"},"aioseo_notices":[],"jetpack_sharing_enabled":true,"_links":{"self":[{"href":"https:\/\/k-beautyci.com\/fr\/wp-json\/wp\/v2\/product\/5279","targetHints":{"allow":["GET"]}}],"collection":[{"href":"https:\/\/k-beautyci.com\/fr\/wp-json\/wp\/v2\/product"}],"about":[{"href":"https:\/\/k-beautyci.com\/fr\/wp-json\/wp\/v2\/types\/product"}],"replies":[{"embeddable":true,"href":"https:\/\/k-beautyci.com\/fr\/wp-json\/wp\/v2\/comments?post=5279"}],"wp:featuredmedia":[{"embeddable":true,"href":"https:\/\/k-beautyci.com\/fr\/wp-json\/wp\/v2\/media\/5287"}],"wp:attachment":[{"href":"https:\/\/k-beautyci.com\/fr\/wp-json\/wp\/v2\/media?parent=5279"}],"wp:term":[{"taxonomy":"product_brand","embeddable":true,"href":"https:\/\/k-beautyci.com\/fr\/wp-json\/wp\/v2\/product_brand?post=5279"},{"taxonomy":"product_cat","embeddable":true,"href":"https:\/\/k-beautyci.com\/fr\/wp-json\/wp\/v2\/product_cat?post=5279"},{"taxonomy":"product_tag","embeddable":true,"href":"https:\/\/k-beautyci.com\/fr\/wp-json\/wp\/v2\/product_tag?post=5279"}],"curies":[{"name":"wp","href":"https:\/\/api.w.org\/{rel}","templated":true}]}}