{"id":5269,"date":"2024-10-07T02:35:13","date_gmt":"2024-10-07T02:35:13","guid":{"rendered":"https:\/\/k-beautyci.com\/?post_type=product&#038;p=5269"},"modified":"2025-05-26T20:37:36","modified_gmt":"2025-05-26T20:37:36","slug":"aprilskin-carrotene-ipmp-hydromelt-cleansing-balm","status":"publish","type":"product","link":"https:\/\/k-beautyci.com\/fr\/produit\/aprilskin-carrotene-ipmp-hydromelt-cleansing-balm\/","title":{"rendered":"Aprilskin Carrotene IPMP Hydromelt Cleansing Balm"},"content":{"rendered":"<p>Comment l'utiliser :<\/p>\n<p>Utiliser une spatule pour appliquer une quantit\u00e9 de la taille d'une pi\u00e8ce de dix centimes sur le visage sec.<\/p>\n<p>Avec les mains s\u00e8ches, masser d\u00e9licatement et soigneusement la peau, en particulier les zones maquill\u00e9es.<\/p>\n<p>Appliquer un peu d'eau et masser suffisamment le produit \u00e9mulsionn\u00e9 en effectuant un mouvement de roulement.<\/p>\n<p>Laver soigneusement \u00e0 l'eau (il n'est pas n\u00e9cessaire d'utiliser un chiffon ou une serviette pour essuyer le produit). Un l\u00e9ger rin\u00e7age \u00e0 l'eau suffit !)<\/p>\n<p><b>Conseil<\/b><br \/>\nSi vous voulez que votre visage soit parfaitement propre, nettoyez-le deux fois avec une mousse nettoyante.<\/p>\n<p>&nbsp;<\/p>\n<p>Avertissement : Pour usage externe uniquement. Toujours effectuer un test \u00e9picutan\u00e9. Cessez d'utiliser le produit si vous ressentez une quelconque g\u00eane. Suivre les instructions suppl\u00e9mentaires figurant sur la bo\u00eete. Les r\u00e9sultats individuels peuvent varier.<\/p>","protected":false},"excerpt":{"rendered":"<p>Le baume non com\u00e9dog\u00e8ne \u00e0 base de l'actif anti-acn\u00e9 exclusif d'APRILSKIN, Carrotene IPMP\u2122, permet non seulement de d\u00e9maquiller mais aussi d'\u00e9liminer le s\u00e9bum et les d\u00e9chets des pores et de soulager l'acn\u00e9. Sa texture fondante comme un sorbet s'attaque aux blakcheads et aux filaments s\u00e9bac\u00e9s, conf\u00e9rant \u00e0 votre peau une douceur de beurre.<\/p>","protected":false},"featured_media":5278,"comment_status":"open","ping_status":"closed","template":"","meta":{"om_disable_all_campaigns":false},"product_brand":[],"product_cat":[25,35,63],"product_tag":[],"class_list":{"0":"post-5269","1":"product","2":"type-product","3":"status-publish","4":"has-post-thumbnail","6":"product_cat-asian-brands","7":"product_cat-face-cleansers","8":"product_cat-makeup-removers","10":"first","11":"outofstock","12":"shipping-taxable","13":"purchasable","14":"product-type-simple"},"aioseo_notices":[],"jetpack_sharing_enabled":true,"_links":{"self":[{"href":"https:\/\/k-beautyci.com\/fr\/wp-json\/wp\/v2\/product\/5269","targetHints":{"allow":["GET"]}}],"collection":[{"href":"https:\/\/k-beautyci.com\/fr\/wp-json\/wp\/v2\/product"}],"about":[{"href":"https:\/\/k-beautyci.com\/fr\/wp-json\/wp\/v2\/types\/product"}],"replies":[{"embeddable":true,"href":"https:\/\/k-beautyci.com\/fr\/wp-json\/wp\/v2\/comments?post=5269"}],"wp:featuredmedia":[{"embeddable":true,"href":"https:\/\/k-beautyci.com\/fr\/wp-json\/wp\/v2\/media\/5278"}],"wp:attachment":[{"href":"https:\/\/k-beautyci.com\/fr\/wp-json\/wp\/v2\/media?parent=5269"}],"wp:term":[{"taxonomy":"product_brand","embeddable":true,"href":"https:\/\/k-beautyci.com\/fr\/wp-json\/wp\/v2\/product_brand?post=5269"},{"taxonomy":"product_cat","embeddable":true,"href":"https:\/\/k-beautyci.com\/fr\/wp-json\/wp\/v2\/product_cat?post=5269"},{"taxonomy":"product_tag","embeddable":true,"href":"https:\/\/k-beautyci.com\/fr\/wp-json\/wp\/v2\/product_tag?post=5269"}],"curies":[{"name":"wp","href":"https:\/\/api.w.org\/{rel}","templated":true}]}}