{"id":5261,"date":"2024-10-07T02:35:25","date_gmt":"2024-10-07T02:35:25","guid":{"rendered":"https:\/\/k-beautyci.com\/?post_type=product&#038;p=5261"},"modified":"2026-02-04T17:48:52","modified_gmt":"2026-02-04T17:48:52","slug":"haruharu-wonder-centella-sunflower-makeup-melting-cleansing-balm-100gr","status":"publish","type":"product","link":"https:\/\/k-beautyci.com\/fr\/produit\/haruharu-wonder-centella-sunflower-makeup-melting-cleansing-balm-100gr\/","title":{"rendered":"HARUHARU Wonder Centella Sunflower Makeup-Melting Cleansing Balm 100gr"},"content":{"rendered":"<p><b>Comment l'utiliser :<\/b><br \/>\n1. Pr\u00e9lever une quantit\u00e9 mod\u00e9r\u00e9e et l'appliquer sur la peau s\u00e8che, puis masser doucement pendant au moins 30 secondes.<\/p>\n<p>2. \u00c9mulsionner l'huile en ajoutant une petite quantit\u00e9 d'eau et continuer \u00e0 masser jusqu'\u00e0 ce que l'huile devienne blanc laiteux.<\/p>\n<p>3. Rincer abondamment \u00e0 l'eau ti\u00e8de. Utiliser ensuite un nettoyant \u00e0 base d'eau.<\/p>\n<p>Avertissement : Pour usage externe uniquement. Toujours effectuer un test \u00e9picutan\u00e9. Cessez d'utiliser le produit si vous ressentez une quelconque g\u00eane. Suivre les instructions suppl\u00e9mentaires figurant sur la bo\u00eete. Les r\u00e9sultats individuels peuvent varier.<\/p>","protected":false},"excerpt":{"rendered":"<p>Ce baume nettoyant apaisant fait fondre le maquillage, le SPF, les points noirs et l'exc\u00e8s de s\u00e9bum sur le visage. Sa texture semblable \u00e0 celle d'un sorbet se transforme en huile au contact de la peau et dissout les impuret\u00e9s pour un fini propre et rafra\u00eechissant. Vous ne ressentirez aucune sensation de tiraillement ou de s\u00e9cheresse apr\u00e8s le nettoyage, gr\u00e2ce \u00e0 sa formule compos\u00e9e d'ingr\u00e9dients hydratants naturels, notamment l'huile de graines de tournesol, l'huile de graines de jojoba, l'huile d'argan et le beurre de karit\u00e9. Livr\u00e9 avec une spatule.<\/p>","protected":false},"featured_media":5266,"comment_status":"open","ping_status":"closed","template":"","meta":{"om_disable_all_campaigns":false},"product_brand":[],"product_cat":[35,152,63],"product_tag":[],"class_list":{"0":"post-5261","1":"product","2":"type-product","3":"status-publish","4":"has-post-thumbnail","6":"product_cat-face-cleansers","7":"product_cat-haruharu-wonder","8":"product_cat-makeup-removers","10":"first","11":"outofstock","12":"shipping-taxable","13":"purchasable","14":"product-type-simple"},"aioseo_notices":[],"jetpack_sharing_enabled":true,"_links":{"self":[{"href":"https:\/\/k-beautyci.com\/fr\/wp-json\/wp\/v2\/product\/5261","targetHints":{"allow":["GET"]}}],"collection":[{"href":"https:\/\/k-beautyci.com\/fr\/wp-json\/wp\/v2\/product"}],"about":[{"href":"https:\/\/k-beautyci.com\/fr\/wp-json\/wp\/v2\/types\/product"}],"replies":[{"embeddable":true,"href":"https:\/\/k-beautyci.com\/fr\/wp-json\/wp\/v2\/comments?post=5261"}],"wp:featuredmedia":[{"embeddable":true,"href":"https:\/\/k-beautyci.com\/fr\/wp-json\/wp\/v2\/media\/5266"}],"wp:attachment":[{"href":"https:\/\/k-beautyci.com\/fr\/wp-json\/wp\/v2\/media?parent=5261"}],"wp:term":[{"taxonomy":"product_brand","embeddable":true,"href":"https:\/\/k-beautyci.com\/fr\/wp-json\/wp\/v2\/product_brand?post=5261"},{"taxonomy":"product_cat","embeddable":true,"href":"https:\/\/k-beautyci.com\/fr\/wp-json\/wp\/v2\/product_cat?post=5261"},{"taxonomy":"product_tag","embeddable":true,"href":"https:\/\/k-beautyci.com\/fr\/wp-json\/wp\/v2\/product_tag?post=5261"}],"curies":[{"name":"wp","href":"https:\/\/api.w.org\/{rel}","templated":true}]}}