{"id":5248,"date":"2024-10-07T02:33:37","date_gmt":"2024-10-07T02:33:37","guid":{"rendered":"https:\/\/k-beautyci.com\/?post_type=product&#038;p=5248"},"modified":"2024-11-07T22:52:55","modified_gmt":"2024-11-07T22:52:55","slug":"iunik-centella-calming-moisture-daily-sunscreen-spf-50-pa","status":"publish","type":"product","link":"https:\/\/k-beautyci.com\/fr\/produit\/iunik-centella-calming-moisture-daily-sunscreen-spf-50-pa\/","title":{"rendered":"IUNIK Centella Calming Moisture Daily Sunscreen SPF 50+ PA++++"},"content":{"rendered":"<h3>Comment l'utiliser<\/h3>\n<p>Pour de meilleurs r\u00e9sultats, appliquez le produit \u00e0 la fin de votre routine de soins du matin. Suivez ces \u00e9tapes simples :<\/p>\n<ol>\n<li>Prenez une quantit\u00e9 g\u00e9n\u00e9reuse de produit et appliquez-le uniform\u00e9ment sur votre visage et votre cou.<\/li>\n<li>Veillez \u00e0 couvrir toutes les parties expos\u00e9es, y compris les oreilles et le d\u00e9collet\u00e9.<\/li>\n<li>Renouvelez l'application toutes les deux heures, surtout si vous \u00eates expos\u00e9 \u00e0 la lumi\u00e8re directe du soleil pendant de longues p\u00e9riodes.<\/li>\n<li>Utiliser quotidiennement, quelles que soient les conditions m\u00e9t\u00e9orologiques, car les rayons UV peuvent toujours p\u00e9n\u00e9trer \u00e0 travers les nuages et les fen\u00eatres.<\/li>\n<\/ol>\n<p>Conseil de pro : Appliquer 15 \u00e0 20 minutes avant l'exposition au soleil pour garantir une protection totale.<\/p>\n<p>Avertissement : Pour usage externe uniquement. Toujours effectuer un test \u00e9picutan\u00e9. Cessez d'utiliser le produit si vous ressentez une quelconque g\u00eane. Suivre les instructions suppl\u00e9mentaires figurant sur l'emballage. Les r\u00e9sultats individuels peuvent varier.<\/p>","protected":false},"excerpt":{"rendered":"<p>Formul\u00e9 avec du b\u00eata-glucane, de la centella asiatica, de l'ad\u00e9nosine et de la niacinamide, l'\u00e9cran solaire quotidien Centella Calming aide \u00e0 hydrater, apaiser et faire briller votre peau tout en la prot\u00e9geant des dommages caus\u00e9s par les rayons UV ! Offre une protection SPF 50+ PA++++ contre les rayons UV, tout en aidant \u00e0 maintenir l'hydratation de la peau au lieu de l'\u00e9liminer.<\/p>","protected":false},"featured_media":5254,"comment_status":"open","ping_status":"closed","template":"","meta":{"om_disable_all_campaigns":false},"product_brand":[],"product_cat":[88,208,77],"product_tag":[],"class_list":{"0":"post-5248","1":"product","2":"type-product","3":"status-publish","4":"has-post-thumbnail","6":"product_cat-centella","7":"product_cat-iunik","8":"product_cat-spf-50","10":"first","11":"outofstock","12":"shipping-taxable","13":"purchasable","14":"product-type-simple"},"aioseo_notices":[],"jetpack_sharing_enabled":true,"_links":{"self":[{"href":"https:\/\/k-beautyci.com\/fr\/wp-json\/wp\/v2\/product\/5248","targetHints":{"allow":["GET"]}}],"collection":[{"href":"https:\/\/k-beautyci.com\/fr\/wp-json\/wp\/v2\/product"}],"about":[{"href":"https:\/\/k-beautyci.com\/fr\/wp-json\/wp\/v2\/types\/product"}],"replies":[{"embeddable":true,"href":"https:\/\/k-beautyci.com\/fr\/wp-json\/wp\/v2\/comments?post=5248"}],"wp:featuredmedia":[{"embeddable":true,"href":"https:\/\/k-beautyci.com\/fr\/wp-json\/wp\/v2\/media\/5254"}],"wp:attachment":[{"href":"https:\/\/k-beautyci.com\/fr\/wp-json\/wp\/v2\/media?parent=5248"}],"wp:term":[{"taxonomy":"product_brand","embeddable":true,"href":"https:\/\/k-beautyci.com\/fr\/wp-json\/wp\/v2\/product_brand?post=5248"},{"taxonomy":"product_cat","embeddable":true,"href":"https:\/\/k-beautyci.com\/fr\/wp-json\/wp\/v2\/product_cat?post=5248"},{"taxonomy":"product_tag","embeddable":true,"href":"https:\/\/k-beautyci.com\/fr\/wp-json\/wp\/v2\/product_tag?post=5248"}],"curies":[{"name":"wp","href":"https:\/\/api.w.org\/{rel}","templated":true}]}}