{"id":5237,"date":"2024-10-07T02:33:21","date_gmt":"2024-10-07T02:33:21","guid":{"rendered":"https:\/\/k-beautyci.com\/?post_type=product&#038;p=5237"},"modified":"2026-03-14T15:19:10","modified_gmt":"2026-03-14T15:19:10","slug":"iunik-centella-calming-gel-cream-60ml","status":"publish","type":"product","link":"https:\/\/k-beautyci.com\/fr\/produit\/iunik-centella-calming-gel-cream-60ml\/","title":{"rendered":"iUNIK Centella Calming Gel Cream 60ml"},"content":{"rendered":"<p>Comment l'utiliser :<\/p>\n<p>Apr\u00e8s avoir nettoy\u00e9 et tonifi\u00e9 la peau, appliquer la cr\u00e8me uniform\u00e9ment et tapoter la peau pour faciliter l'absorption. Utiliser en derni\u00e8re \u00e9tape de la routine de soins. \u00c9viter les yeux et la bouche.<\/p>\n<p>Avertissement : Pour usage externe uniquement. Toujours effectuer un test \u00e9picutan\u00e9. Cessez d'utiliser le produit si vous ressentez une quelconque g\u00eane. Suivre les instructions suppl\u00e9mentaires figurant sur l'emballage. Les r\u00e9sultats individuels peuvent varier.<\/p>","protected":false},"excerpt":{"rendered":"<p>Le gel-cr\u00e8me calmant IUNIK centella est formul\u00e9 \u00e0 partir d'ingr\u00e9dients botaniques tels que l'eau de feuilles de centella asiatica, des extraits d'arbre \u00e0 th\u00e9, du niacinamide et de l'ad\u00e9nosine. La formule de cette cr\u00e8me hydratante ne contient aucune substance irritante ni aucun alcool. Elle procure une hydratation tout au long de la journ\u00e9e et de la nuit. La lotion pour le visage aide \u00e0 hydrater la peau et \u00e0 la rendre saine. La formule hydratante est absorb\u00e9e en profondeur par la peau en quelques secondes, sans obstruer les pores et sans sensation de lourdeur. Le gel-cr\u00e8me Iunik convient aux femmes et aux hommes ayant une peau s\u00e8che, sensible, normale et sujette \u00e0 l'acn\u00e9, vieillissante et normale.<\/p>","protected":false},"featured_media":5247,"comment_status":"open","ping_status":"closed","template":"","meta":{"om_disable_all_campaigns":false},"product_brand":[],"product_cat":[88,42,26,208,66,41,36],"product_tag":[],"class_list":{"0":"post-5237","1":"product","2":"type-product","3":"status-publish","4":"has-post-thumbnail","6":"product_cat-centella","7":"product_cat-dry-skin","8":"product_cat-face-moisturizer","9":"product_cat-iunik","10":"product_cat-normal-combination-skin","11":"product_cat-oily-skin","12":"product_cat-sensitive-skin","14":"first","15":"instock","16":"shipping-taxable","17":"purchasable","18":"product-type-simple"},"aioseo_notices":[],"jetpack_sharing_enabled":true,"_links":{"self":[{"href":"https:\/\/k-beautyci.com\/fr\/wp-json\/wp\/v2\/product\/5237","targetHints":{"allow":["GET"]}}],"collection":[{"href":"https:\/\/k-beautyci.com\/fr\/wp-json\/wp\/v2\/product"}],"about":[{"href":"https:\/\/k-beautyci.com\/fr\/wp-json\/wp\/v2\/types\/product"}],"replies":[{"embeddable":true,"href":"https:\/\/k-beautyci.com\/fr\/wp-json\/wp\/v2\/comments?post=5237"}],"wp:featuredmedia":[{"embeddable":true,"href":"https:\/\/k-beautyci.com\/fr\/wp-json\/wp\/v2\/media\/5247"}],"wp:attachment":[{"href":"https:\/\/k-beautyci.com\/fr\/wp-json\/wp\/v2\/media?parent=5237"}],"wp:term":[{"taxonomy":"product_brand","embeddable":true,"href":"https:\/\/k-beautyci.com\/fr\/wp-json\/wp\/v2\/product_brand?post=5237"},{"taxonomy":"product_cat","embeddable":true,"href":"https:\/\/k-beautyci.com\/fr\/wp-json\/wp\/v2\/product_cat?post=5237"},{"taxonomy":"product_tag","embeddable":true,"href":"https:\/\/k-beautyci.com\/fr\/wp-json\/wp\/v2\/product_tag?post=5237"}],"curies":[{"name":"wp","href":"https:\/\/api.w.org\/{rel}","templated":true}]}}