{"id":5219,"date":"2024-10-07T02:37:07","date_gmt":"2024-10-07T02:37:07","guid":{"rendered":"https:\/\/k-beautyci.com\/?post_type=product&#038;p=5219"},"modified":"2025-08-09T03:53:55","modified_gmt":"2025-08-09T03:53:55","slug":"acwell-real-aqua-balancing-toner-160ml","status":"publish","type":"product","link":"https:\/\/k-beautyci.com\/fr\/produit\/acwell-real-aqua-balancing-toner-160ml\/","title":{"rendered":"ACWELL Real Aqua Balancing Toner 160ml"},"content":{"rendered":"<p><span class=\"a-list-item\">COMMENT L'UTILISER : <\/span><\/p>\n<p><span class=\"a-list-item\">Apr\u00e8s le nettoyage, pr\u00e9lever une quantit\u00e9 suffisante de Acwell Real Aqua Balancing Toner \u00e0 l'aide d'un coton, puis essuyer le visage uniform\u00e9ment du centre vers l'ext\u00e9rieur. Tapotez l\u00e9g\u00e8rement pour adoucir le grain de peau et le fini. Ce tonique doux est parfait pour les hommes et les femmes, quel que soit leur type de peau.<\/span><\/p>\n<p>Avertissement : Pour usage externe uniquement. Toujours effectuer un test \u00e9picutan\u00e9. Cessez d'utiliser le produit si vous ressentez une quelconque g\u00eane. Suivre les instructions suppl\u00e9mentaires figurant sur l'emballage. Les r\u00e9sultats individuels peuvent varier.<\/p>","protected":false},"excerpt":{"rendered":"<p>Acwell Real Aqua Balancing Toner contient un m\u00e9lange d'eau min\u00e9rale de Jeju et de LHA pour \u00e9quilibrer le teint et le niveau d'hydratation de votre peau. Notre tonique hydratant renforce les cellules de la barri\u00e8re cutan\u00e9e et am\u00e9liore la texture de la peau. Ce tonique pour le visage est dot\u00e9 d'une formule \u00e0 absorption et \u00e0 adh\u00e9rence rapides pour maintenir la peau humide. La pr\u00e9sence d'ingr\u00e9dients actifs dans notre astringent pour le visage offre \u00e0 votre peau tous les nutriments essentiels pour la maintenir hydrat\u00e9e, humide et restaurer la barri\u00e8re cutan\u00e9e.<\/p>","protected":false},"featured_media":5226,"comment_status":"open","ping_status":"closed","template":"","meta":{"om_disable_all_campaigns":false},"product_brand":[],"product_cat":[162,78,39],"product_tag":[],"class_list":{"0":"post-5219","1":"product","2":"type-product","3":"status-publish","4":"has-post-thumbnail","6":"product_cat-acwell","7":"product_cat-aha-bha","8":"product_cat-face-toners","10":"first","11":"instock","12":"shipping-taxable","13":"purchasable","14":"product-type-simple"},"aioseo_notices":[],"jetpack_sharing_enabled":true,"_links":{"self":[{"href":"https:\/\/k-beautyci.com\/fr\/wp-json\/wp\/v2\/product\/5219","targetHints":{"allow":["GET"]}}],"collection":[{"href":"https:\/\/k-beautyci.com\/fr\/wp-json\/wp\/v2\/product"}],"about":[{"href":"https:\/\/k-beautyci.com\/fr\/wp-json\/wp\/v2\/types\/product"}],"replies":[{"embeddable":true,"href":"https:\/\/k-beautyci.com\/fr\/wp-json\/wp\/v2\/comments?post=5219"}],"wp:featuredmedia":[{"embeddable":true,"href":"https:\/\/k-beautyci.com\/fr\/wp-json\/wp\/v2\/media\/5226"}],"wp:attachment":[{"href":"https:\/\/k-beautyci.com\/fr\/wp-json\/wp\/v2\/media?parent=5219"}],"wp:term":[{"taxonomy":"product_brand","embeddable":true,"href":"https:\/\/k-beautyci.com\/fr\/wp-json\/wp\/v2\/product_brand?post=5219"},{"taxonomy":"product_cat","embeddable":true,"href":"https:\/\/k-beautyci.com\/fr\/wp-json\/wp\/v2\/product_cat?post=5219"},{"taxonomy":"product_tag","embeddable":true,"href":"https:\/\/k-beautyci.com\/fr\/wp-json\/wp\/v2\/product_tag?post=5219"}],"curies":[{"name":"wp","href":"https:\/\/api.w.org\/{rel}","templated":true}]}}