{"id":5209,"date":"2024-10-30T02:15:19","date_gmt":"2024-10-30T02:15:19","guid":{"rendered":"https:\/\/k-beautyci.com\/?post_type=product&#038;p=5209"},"modified":"2025-02-11T16:32:59","modified_gmt":"2025-02-11T16:32:59","slug":"acwell-real-aqua-balancing-hydrating-and-soothing-face-lotion-140ml","status":"publish","type":"product","link":"https:\/\/k-beautyci.com\/fr\/produit\/acwell-real-aqua-balancing-hydrating-and-soothing-face-lotion-140ml\/","title":{"rendered":"ACWELL Real Aqua Balancing Hydrating and Soothing Face Lotion 140ml"},"content":{"rendered":"<p>Comment l'utiliser :<\/p>\n<p>Appliquer une quantit\u00e9 g\u00e9n\u00e9reuse sur le visage et le cou. Masser ensuite pour faire p\u00e9n\u00e9trer le produit.<\/p>\n<p>Avertissement : Pour usage externe uniquement. Toujours effectuer un test \u00e9picutan\u00e9. Cessez d'utiliser le produit si vous ressentez une quelconque g\u00eane. Suivre les instructions suppl\u00e9mentaires figurant sur l'emballage. Les r\u00e9sultats individuels peuvent varier.<\/p>","protected":false},"excerpt":{"rendered":"<p>La lotion \u00e9quilibrante Acwell Real Aqua contient de l'extrait de fleur de cam\u00e9lia de Jeju et du glyc\u00e9ryl-glucoside qui hydratent la peau tout en maintenant l'\u00e9quilibre du pH. Les ingr\u00e9dients rafra\u00eechissants de notre lotion calment efficacement les peaux s\u00e8ches et irrit\u00e9es et les rendent lisses et souples.<\/p>","protected":false},"featured_media":5218,"comment_status":"open","ping_status":"closed","template":"","meta":{"om_disable_all_campaigns":false},"product_brand":[],"product_cat":[162,26],"product_tag":[],"class_list":{"0":"post-5209","1":"product","2":"type-product","3":"status-publish","4":"has-post-thumbnail","6":"product_cat-acwell","7":"product_cat-face-moisturizer","9":"first","10":"instock","11":"shipping-taxable","12":"purchasable","13":"product-type-simple"},"aioseo_notices":[],"jetpack_sharing_enabled":true,"_links":{"self":[{"href":"https:\/\/k-beautyci.com\/fr\/wp-json\/wp\/v2\/product\/5209","targetHints":{"allow":["GET"]}}],"collection":[{"href":"https:\/\/k-beautyci.com\/fr\/wp-json\/wp\/v2\/product"}],"about":[{"href":"https:\/\/k-beautyci.com\/fr\/wp-json\/wp\/v2\/types\/product"}],"replies":[{"embeddable":true,"href":"https:\/\/k-beautyci.com\/fr\/wp-json\/wp\/v2\/comments?post=5209"}],"wp:featuredmedia":[{"embeddable":true,"href":"https:\/\/k-beautyci.com\/fr\/wp-json\/wp\/v2\/media\/5218"}],"wp:attachment":[{"href":"https:\/\/k-beautyci.com\/fr\/wp-json\/wp\/v2\/media?parent=5209"}],"wp:term":[{"taxonomy":"product_brand","embeddable":true,"href":"https:\/\/k-beautyci.com\/fr\/wp-json\/wp\/v2\/product_brand?post=5209"},{"taxonomy":"product_cat","embeddable":true,"href":"https:\/\/k-beautyci.com\/fr\/wp-json\/wp\/v2\/product_cat?post=5209"},{"taxonomy":"product_tag","embeddable":true,"href":"https:\/\/k-beautyci.com\/fr\/wp-json\/wp\/v2\/product_tag?post=5209"}],"curies":[{"name":"wp","href":"https:\/\/api.w.org\/{rel}","templated":true}]}}