{"id":5202,"date":"2024-10-07T02:39:09","date_gmt":"2024-10-07T02:39:09","guid":{"rendered":"https:\/\/k-beautyci.com\/?post_type=product&#038;p=5202"},"modified":"2025-08-09T03:54:26","modified_gmt":"2025-08-09T03:54:26","slug":"acwell-ph-balancing-soothing-exfoliating-cleansing-foam","status":"publish","type":"product","link":"https:\/\/k-beautyci.com\/fr\/produit\/acwell-ph-balancing-soothing-exfoliating-cleansing-foam\/","title":{"rendered":"ACWELL pH Balancing Soothing Exfoliating Cleansing Foam"},"content":{"rendered":"<p>Comment l'utiliser :<\/p>\n<p>Pr\u00e9levez une quantit\u00e9 suffisante de Acwell pH Balancing Soothing Cleansing Foam avec une main s\u00e8che et massez d\u00e9licatement l'ensemble du visage pour faire fondre les impuret\u00e9s. Ajoutez une petite quantit\u00e9 d'eau pour obtenir une mousse dense et rincez \u00e0 l'eau ti\u00e8de.<\/p>\n<p>Avertissement : Pour usage externe uniquement. Toujours effectuer un test \u00e9picutan\u00e9. Cessez d'utiliser le produit si vous ressentez une quelconque g\u00eane. Suivre les instructions suppl\u00e9mentaires figurant sur l'emballage. Les r\u00e9sultats individuels peuvent varier.<\/p>","protected":false},"excerpt":{"rendered":"<p>La mousse nettoyante apaisante Acwell pH Balancing contient des extraits de feuilles de camphre, des AHA, des BHA, des PHA et des extraits de r\u00e9glisse. Ce m\u00e9lange calmant pour la peau aide \u00e0 apaiser les peaux irrit\u00e9es et sensibles tout en nettoyant en profondeur les impuret\u00e9s des pores. Ce nettoyant exfoliant pour le visage contient des extraits \u00e9quilibrant le pH pour hydrater la peau. Il cr\u00e9e une mousse dense et p\u00e9tillante qui contr\u00f4le le s\u00e9bum et nettoie les pores de la peau pour vous donner une peau douce, souple et hydrat\u00e9e.<\/p>","protected":false},"featured_media":5208,"comment_status":"open","ping_status":"closed","template":"","meta":{"om_disable_all_campaigns":false},"product_brand":[],"product_cat":[162,78,35],"product_tag":[],"class_list":{"0":"post-5202","1":"product","2":"type-product","3":"status-publish","4":"has-post-thumbnail","6":"product_cat-acwell","7":"product_cat-aha-bha","8":"product_cat-face-cleansers","10":"first","11":"outofstock","12":"shipping-taxable","13":"purchasable","14":"product-type-simple"},"aioseo_notices":[],"jetpack_sharing_enabled":true,"_links":{"self":[{"href":"https:\/\/k-beautyci.com\/fr\/wp-json\/wp\/v2\/product\/5202","targetHints":{"allow":["GET"]}}],"collection":[{"href":"https:\/\/k-beautyci.com\/fr\/wp-json\/wp\/v2\/product"}],"about":[{"href":"https:\/\/k-beautyci.com\/fr\/wp-json\/wp\/v2\/types\/product"}],"replies":[{"embeddable":true,"href":"https:\/\/k-beautyci.com\/fr\/wp-json\/wp\/v2\/comments?post=5202"}],"wp:featuredmedia":[{"embeddable":true,"href":"https:\/\/k-beautyci.com\/fr\/wp-json\/wp\/v2\/media\/5208"}],"wp:attachment":[{"href":"https:\/\/k-beautyci.com\/fr\/wp-json\/wp\/v2\/media?parent=5202"}],"wp:term":[{"taxonomy":"product_brand","embeddable":true,"href":"https:\/\/k-beautyci.com\/fr\/wp-json\/wp\/v2\/product_brand?post=5202"},{"taxonomy":"product_cat","embeddable":true,"href":"https:\/\/k-beautyci.com\/fr\/wp-json\/wp\/v2\/product_cat?post=5202"},{"taxonomy":"product_tag","embeddable":true,"href":"https:\/\/k-beautyci.com\/fr\/wp-json\/wp\/v2\/product_tag?post=5202"}],"curies":[{"name":"wp","href":"https:\/\/api.w.org\/{rel}","templated":true}]}}