{"id":5194,"date":"2024-10-07T02:39:26","date_gmt":"2024-10-07T02:39:26","guid":{"rendered":"https:\/\/k-beautyci.com\/?post_type=product&#038;p=5194"},"modified":"2025-05-21T06:31:07","modified_gmt":"2025-05-21T06:31:07","slug":"acwell-ph-balancing-bubble-free-hydrating-facial-cleansing-gel","status":"publish","type":"product","link":"https:\/\/k-beautyci.com\/fr\/produit\/acwell-ph-balancing-bubble-free-hydrating-facial-cleansing-gel\/","title":{"rendered":"ACWELL pH Balancing Bubble-Free Hydrating Facial Cleansing Gel"},"content":{"rendered":"<p>Comment l'utiliser :<\/p>\n<p>Pr\u00e9lever une quantit\u00e9 suffisante avec une main s\u00e8che et masser d\u00e9licatement l'ensemble du visage pour faire fondre les impuret\u00e9s. Ajouter une petite quantit\u00e9 d'eau et rincer \u00e0 l'eau ti\u00e8de.<\/p>\n<p>Avertissement : Pour usage externe uniquement. Toujours effectuer un test \u00e9picutan\u00e9. Cessez d'utiliser le produit si vous ressentez une quelconque g\u00eane. Suivre les instructions suppl\u00e9mentaires figurant sur l'emballage. Les r\u00e9sultats individuels peuvent varier.<\/p>","protected":false},"excerpt":{"rendered":"<p>Le gel nettoyant sans bulles Acwell pH Balancing est enrichi de 8 types d'acide hyaluronique, d'extrait de fleur de sureau et d'extrait de r\u00e9glisse. Cette formule aquatique aide \u00e0 calmer les peaux irrit\u00e9es et sensibles tout en nettoyant en profondeur les impuret\u00e9s des pores. Ce nettoyant hydratant pour le visage \u00e0 base d'acide hyaluronique \u00e9limine efficacement les impuret\u00e9s des pores de la peau et la maintient purifi\u00e9e. Ce nettoyant doux pour le visage \u00e9limine les impuret\u00e9s de la peau et contribue \u00e0 l'\u00e9clat de la peau en \u00e9liminant les imperfections et les taches sombres.<\/p>","protected":false},"featured_media":5201,"comment_status":"open","ping_status":"closed","template":"","meta":{"om_disable_all_campaigns":false},"product_brand":[],"product_cat":[162,35],"product_tag":[],"class_list":{"0":"post-5194","1":"product","2":"type-product","3":"status-publish","4":"has-post-thumbnail","6":"product_cat-acwell","7":"product_cat-face-cleansers","9":"first","10":"outofstock","11":"shipping-taxable","12":"purchasable","13":"product-type-simple"},"aioseo_notices":[],"jetpack_sharing_enabled":true,"_links":{"self":[{"href":"https:\/\/k-beautyci.com\/fr\/wp-json\/wp\/v2\/product\/5194","targetHints":{"allow":["GET"]}}],"collection":[{"href":"https:\/\/k-beautyci.com\/fr\/wp-json\/wp\/v2\/product"}],"about":[{"href":"https:\/\/k-beautyci.com\/fr\/wp-json\/wp\/v2\/types\/product"}],"replies":[{"embeddable":true,"href":"https:\/\/k-beautyci.com\/fr\/wp-json\/wp\/v2\/comments?post=5194"}],"wp:featuredmedia":[{"embeddable":true,"href":"https:\/\/k-beautyci.com\/fr\/wp-json\/wp\/v2\/media\/5201"}],"wp:attachment":[{"href":"https:\/\/k-beautyci.com\/fr\/wp-json\/wp\/v2\/media?parent=5194"}],"wp:term":[{"taxonomy":"product_brand","embeddable":true,"href":"https:\/\/k-beautyci.com\/fr\/wp-json\/wp\/v2\/product_brand?post=5194"},{"taxonomy":"product_cat","embeddable":true,"href":"https:\/\/k-beautyci.com\/fr\/wp-json\/wp\/v2\/product_cat?post=5194"},{"taxonomy":"product_tag","embeddable":true,"href":"https:\/\/k-beautyci.com\/fr\/wp-json\/wp\/v2\/product_tag?post=5194"}],"curies":[{"name":"wp","href":"https:\/\/api.w.org\/{rel}","templated":true}]}}