{"id":5169,"date":"2024-10-07T02:41:19","date_gmt":"2024-10-07T02:41:19","guid":{"rendered":"https:\/\/k-beautyci.com\/?post_type=product&#038;p=5169"},"modified":"2024-12-26T22:30:42","modified_gmt":"2024-12-26T22:30:42","slug":"acwell-licorice-ph-balancing-essential-cream","status":"publish","type":"product","link":"https:\/\/k-beautyci.com\/fr\/produit\/acwell-licorice-ph-balancing-essential-cream\/","title":{"rendered":"ACWELL Licorice pH Balancing Essential Cream"},"content":{"rendered":"<p><span class=\"a-list-item\">COMMENT L'UTILISER : <\/span><\/p>\n<p><span class=\"a-list-item\">Pomper une quantit\u00e9 appropri\u00e9e de la formule hautement hydratante qui fond doucement sur la peau. \u00c9talez-la sur le visage en massant doucement. Vous pouvez l'appliquer une nouvelle fois sur la zone s\u00e8che ou l'utiliser comme une cr\u00e8me uniquement pour la zone du cou.<\/span><\/p>\n<p>Avertissement : Pour usage externe uniquement. Toujours effectuer un test \u00e9picutan\u00e9. Cessez d'utiliser le produit si vous ressentez une quelconque g\u00eane. Suivre les instructions suppl\u00e9mentaires figurant sur l'emballage. Les r\u00e9sultats individuels peuvent varier. Ce produit contient de l'acide citrique : un acide alpha-hydroxyl\u00e9 qui peut augmenter la sensibilit\u00e9 de votre peau au soleil et notamment la possibilit\u00e9 de coups de soleil. Veuillez limiter l'exposition au soleil pendant l'utilisation de ce produit et pendant la semaine qui suit.<\/p>","protected":false},"excerpt":{"rendered":"<p>La cr\u00e8me essentielle ACWELL Licorice pH Balancing contient 66% d'eau de r\u00e9glisse pour vous aider \u00e0 obtenir une peau claire et transparente qui reste douce et hydrat\u00e9e tout au long de la journ\u00e9e. La r\u00e9glisse est riche en vitamines A, B et C, qui aident \u00e0 rendre la peau terne claire et transparente. Cette lotion de soin anti-\u00e2ge hydratante maintient les niveaux d'hydratation et d'acidit\u00e9 de l'huile. Cette lotion hydratante sans alcool pour le visage apaise votre peau tout en am\u00e9liorant son \u00e9lasticit\u00e9, en resserrant les pores de la peau et en \u00e9liminant les imperfections pour une peau d'apparence plus jeune.<\/p>","protected":false},"featured_media":5177,"comment_status":"open","ping_status":"closed","template":"","meta":{"om_disable_all_campaigns":false},"product_brand":[],"product_cat":[162,26],"product_tag":[],"class_list":{"0":"post-5169","1":"product","2":"type-product","3":"status-publish","4":"has-post-thumbnail","6":"product_cat-acwell","7":"product_cat-face-moisturizer","9":"first","10":"instock","11":"shipping-taxable","12":"purchasable","13":"product-type-simple"},"aioseo_notices":[],"jetpack_sharing_enabled":true,"_links":{"self":[{"href":"https:\/\/k-beautyci.com\/fr\/wp-json\/wp\/v2\/product\/5169","targetHints":{"allow":["GET"]}}],"collection":[{"href":"https:\/\/k-beautyci.com\/fr\/wp-json\/wp\/v2\/product"}],"about":[{"href":"https:\/\/k-beautyci.com\/fr\/wp-json\/wp\/v2\/types\/product"}],"replies":[{"embeddable":true,"href":"https:\/\/k-beautyci.com\/fr\/wp-json\/wp\/v2\/comments?post=5169"}],"wp:featuredmedia":[{"embeddable":true,"href":"https:\/\/k-beautyci.com\/fr\/wp-json\/wp\/v2\/media\/5177"}],"wp:attachment":[{"href":"https:\/\/k-beautyci.com\/fr\/wp-json\/wp\/v2\/media?parent=5169"}],"wp:term":[{"taxonomy":"product_brand","embeddable":true,"href":"https:\/\/k-beautyci.com\/fr\/wp-json\/wp\/v2\/product_brand?post=5169"},{"taxonomy":"product_cat","embeddable":true,"href":"https:\/\/k-beautyci.com\/fr\/wp-json\/wp\/v2\/product_cat?post=5169"},{"taxonomy":"product_tag","embeddable":true,"href":"https:\/\/k-beautyci.com\/fr\/wp-json\/wp\/v2\/product_tag?post=5169"}],"curies":[{"name":"wp","href":"https:\/\/api.w.org\/{rel}","templated":true}]}}