{"id":5157,"date":"2024-10-07T02:40:30","date_gmt":"2024-10-07T02:40:30","guid":{"rendered":"https:\/\/k-beautyci.com\/?post_type=product&#038;p=5157"},"modified":"2025-11-11T22:18:26","modified_gmt":"2025-11-11T22:18:26","slug":"acwell-licorice-ph-balancing-toner-pad","status":"publish","type":"product","link":"https:\/\/k-beautyci.com\/fr\/produit\/acwell-licorice-ph-balancing-toner-pad\/","title":{"rendered":"ACWELL Licorice pH Balancing Toner Pad"},"content":{"rendered":"<p>Comment l'utiliser :<\/p>\n<p>Pour des r\u00e9sultats optimaux, appliquez d\u00e9licatement la compresse sur une peau nettoy\u00e9e, sur les zones sensibles ou s\u00e8ches. Pour les zones n\u00e9cessitant un soin suppl\u00e9mentaire, laisser le tampon en place pendant 5 \u00e0 10 minutes pour apaiser la peau. Cette m\u00e9thode permet une absorption plus profonde et des effets apaisants accrus.<\/p>\n<p>Avertissement : Pour usage externe uniquement. Toujours effectuer un test \u00e9picutan\u00e9. Cessez d'utiliser le produit si vous ressentez une quelconque g\u00eane. Suivre les instructions suppl\u00e9mentaires figurant sur l'emballage. Les r\u00e9sultats individuels peuvent varier. Ce produit contient de l'acide citrique : un acide alpha-hydroxyl\u00e9 qui peut augmenter la sensibilit\u00e9 de votre peau au soleil et notamment la possibilit\u00e9 de coups de soleil. Veuillez limiter l'exposition au soleil pendant l'utilisation de ce produit et pendant la semaine qui suit.<\/p>","protected":false},"excerpt":{"rendered":"<p>Profitez du pouvoir hydratant de l'eau de r\u00e9glisse \u00e0 97 001 ppm qui assure \u00e0 votre peau une sensation d'hydratation et de fra\u00eecheur. Ce produit est con\u00e7u pour am\u00e9liorer la texture de la peau et lui donner un aspect plus lisse et plus raffin\u00e9. Ce tampon tonique est infus\u00e9 d'un m\u00e9lange d'extraits naturels, dont la r\u00e9glisse, le citoyen, le bambou et le fruit de l'arbre \u00e0 vitamines. Ces ingr\u00e9dients agissent en harmonie pour maintenir les niveaux d'hydratation et lisser la texture de la peau, favorisant ainsi un teint sain et \u00e9clatant.<\/p>","protected":false},"featured_media":5168,"comment_status":"open","ping_status":"closed","template":"","meta":{"om_disable_all_campaigns":false},"product_brand":[],"product_cat":[162,39],"product_tag":[],"class_list":{"0":"post-5157","1":"product","2":"type-product","3":"status-publish","4":"has-post-thumbnail","6":"product_cat-acwell","7":"product_cat-face-toners","9":"first","10":"instock","11":"sale","12":"shipping-taxable","13":"purchasable","14":"product-type-simple"},"aioseo_notices":[],"jetpack_sharing_enabled":true,"_links":{"self":[{"href":"https:\/\/k-beautyci.com\/fr\/wp-json\/wp\/v2\/product\/5157","targetHints":{"allow":["GET"]}}],"collection":[{"href":"https:\/\/k-beautyci.com\/fr\/wp-json\/wp\/v2\/product"}],"about":[{"href":"https:\/\/k-beautyci.com\/fr\/wp-json\/wp\/v2\/types\/product"}],"replies":[{"embeddable":true,"href":"https:\/\/k-beautyci.com\/fr\/wp-json\/wp\/v2\/comments?post=5157"}],"wp:featuredmedia":[{"embeddable":true,"href":"https:\/\/k-beautyci.com\/fr\/wp-json\/wp\/v2\/media\/5168"}],"wp:attachment":[{"href":"https:\/\/k-beautyci.com\/fr\/wp-json\/wp\/v2\/media?parent=5157"}],"wp:term":[{"taxonomy":"product_brand","embeddable":true,"href":"https:\/\/k-beautyci.com\/fr\/wp-json\/wp\/v2\/product_brand?post=5157"},{"taxonomy":"product_cat","embeddable":true,"href":"https:\/\/k-beautyci.com\/fr\/wp-json\/wp\/v2\/product_cat?post=5157"},{"taxonomy":"product_tag","embeddable":true,"href":"https:\/\/k-beautyci.com\/fr\/wp-json\/wp\/v2\/product_tag?post=5157"}],"curies":[{"name":"wp","href":"https:\/\/api.w.org\/{rel}","templated":true}]}}