{"id":5153,"date":"2024-10-07T02:41:44","date_gmt":"2024-10-07T02:41:44","guid":{"rendered":"https:\/\/k-beautyci.com\/?post_type=product&#038;p=5153"},"modified":"2026-04-14T03:08:00","modified_gmt":"2026-04-14T03:08:00","slug":"acwell-licorice-ph-balancing-intensive-eye-cream","status":"publish","type":"product","link":"https:\/\/k-beautyci.com\/fr\/produit\/acwell-licorice-ph-balancing-intensive-eye-cream\/","title":{"rendered":"ACWELL Licorice pH Balancing Intensive Eye Cream"},"content":{"rendered":"<p><strong>Comment l'utiliser :\u00a0<\/strong><\/p>\n<p>Take an appropriate amount of the product and apply to the area around your eyes, then softly tap to enhance absorption.<\/p>\n<p>Avertissement : Pour usage externe uniquement. Effectuez toujours un test \u00e9picutan\u00e9. Cessez d'utiliser le produit si vous ressentez une quelconque g\u00eane. Suivre les instructions suppl\u00e9mentaires figurant sur l'emballage. Les r\u00e9sultats individuels peuvent varier. Ce produit contient de l'acide citrique : un acide alpha-hydroxyl\u00e9 qui peut augmenter la sensibilit\u00e9 de votre peau au soleil et notamment la possibilit\u00e9 de coups de soleil. Veuillez limiter l'exposition au soleil pendant l'utilisation de ce produit et pendant la semaine qui suit. Utilisez toujours un \u00e9cran solaire.<\/p>","protected":false},"excerpt":{"rendered":"<p>La cr\u00e8me intensive pour les yeux Acwell Licorice pH Balancing Eye Cream contient des ingr\u00e9dients riches en antioxydants et \u00e9claircissants comme la r\u00e9glisse, le glutathion, des peptides ainsi que des extraits de th\u00e9 vert qui peuvent aider \u00e0 am\u00e9liorer l'apparence des cernes et de l'hyperpigmentation autour du contour de l'\u0153il. Appliquez votre cr\u00e8me pour les yeux le matin pour \u00e9viter les plis ou les ridules autour de la zone sous votre maquillage et le soir pour garder votre peau hydrat\u00e9e et pr\u00e9venir les ridules pr\u00e9matur\u00e9es.<\/p>","protected":false},"featured_media":5156,"comment_status":"open","ping_status":"closed","template":"","meta":{"om_disable_all_campaigns":false},"product_brand":[],"product_cat":[162,38],"product_tag":[],"class_list":{"0":"post-5153","1":"product","2":"type-product","3":"status-publish","4":"has-post-thumbnail","6":"product_cat-acwell","7":"product_cat-eye-care","9":"first","10":"instock","11":"shipping-taxable","12":"purchasable","13":"product-type-simple"},"aioseo_notices":[],"jetpack_sharing_enabled":true,"_links":{"self":[{"href":"https:\/\/k-beautyci.com\/fr\/wp-json\/wp\/v2\/product\/5153","targetHints":{"allow":["GET"]}}],"collection":[{"href":"https:\/\/k-beautyci.com\/fr\/wp-json\/wp\/v2\/product"}],"about":[{"href":"https:\/\/k-beautyci.com\/fr\/wp-json\/wp\/v2\/types\/product"}],"replies":[{"embeddable":true,"href":"https:\/\/k-beautyci.com\/fr\/wp-json\/wp\/v2\/comments?post=5153"}],"wp:featuredmedia":[{"embeddable":true,"href":"https:\/\/k-beautyci.com\/fr\/wp-json\/wp\/v2\/media\/5156"}],"wp:attachment":[{"href":"https:\/\/k-beautyci.com\/fr\/wp-json\/wp\/v2\/media?parent=5153"}],"wp:term":[{"taxonomy":"product_brand","embeddable":true,"href":"https:\/\/k-beautyci.com\/fr\/wp-json\/wp\/v2\/product_brand?post=5153"},{"taxonomy":"product_cat","embeddable":true,"href":"https:\/\/k-beautyci.com\/fr\/wp-json\/wp\/v2\/product_cat?post=5153"},{"taxonomy":"product_tag","embeddable":true,"href":"https:\/\/k-beautyci.com\/fr\/wp-json\/wp\/v2\/product_tag?post=5153"}],"curies":[{"name":"wp","href":"https:\/\/api.w.org\/{rel}","templated":true}]}}