{"id":5072,"date":"2024-09-09T14:34:09","date_gmt":"2024-09-09T14:34:09","guid":{"rendered":"https:\/\/k-beautyci.com\/?post_type=product&#038;p=5072"},"modified":"2025-12-25T16:47:38","modified_gmt":"2025-12-25T16:47:38","slug":"dr-althea-147-barrier-cream","status":"publish","type":"product","link":"https:\/\/k-beautyci.com\/fr\/produit\/dr-althea-147-barrier-cream\/","title":{"rendered":"Dr. Althea 147 Barrier Cream"},"content":{"rendered":"<h4><strong>Comment l'utiliser ?\u00a0<\/strong><\/h4>\n<ol>\n<li>Lavez votre visage avec un nettoyant doux adapt\u00e9 \u00e0 votre type de peau.<\/li>\n<li>Appliquez d'abord les produits de soin moins visqueux, comme la lotion tonique.<\/li>\n<li>Appliquez une quantit\u00e9 suffisante de la cr\u00e8me 147 Barrier Cream comme derni\u00e8re ou semi-finale \u00e9tape de votre routine de soins de la peau.<\/li>\n<\/ol>\n<p>&nbsp;<\/p>\n<p>Avertissement : Pour usage externe uniquement. Toujours effectuer un test \u00e9picutan\u00e9. Cessez d'utiliser le produit si vous ressentez une quelconque g\u00eane. Suivre les instructions suppl\u00e9mentaires figurant sur l'emballage. Les r\u00e9sultats individuels peuvent varier.<\/p>","protected":false},"excerpt":{"rendered":"<p>147 Barrier Cream est un produit de soin avanc\u00e9 con\u00e7u pour renforcer la barri\u00e8re cutan\u00e9e, nourrir la peau et l'hydrater en profondeur. Elle contient un ingr\u00e9dient brevet\u00e9, l'extrait de fleur de Paeonia Albiflora, ainsi que des composants nourrissants tels que l'extrait de fruit d'avocat, l'huile de noyau d'Argania spinosa, l'huile de graine de Camellia sinensis et le tocoph\u00e9rol. La composition \u00e0 sept couches d'acide hyaluronique de la cr\u00e8me garantit une hydratation efficace et s'adresse aux diff\u00e9rentes profondeurs de la peau, favorisant la fermet\u00e9 de la peau et les b\u00e9n\u00e9fices anti-\u00e2ge potentiels.<\/p>","protected":false},"featured_media":5079,"comment_status":"open","ping_status":"closed","template":"","meta":{"om_disable_all_campaigns":false},"product_brand":[],"product_cat":[207,42,26,69,66],"product_tag":[],"class_list":{"0":"post-5072","1":"product","2":"type-product","3":"status-publish","4":"has-post-thumbnail","6":"product_cat-dr-althea","7":"product_cat-dry-skin","8":"product_cat-face-moisturizer","9":"product_cat-hyaluronic-acid","10":"product_cat-normal-combination-skin","12":"first","13":"instock","14":"sale","15":"shipping-taxable","16":"purchasable","17":"product-type-simple"},"aioseo_notices":[],"jetpack_sharing_enabled":true,"_links":{"self":[{"href":"https:\/\/k-beautyci.com\/fr\/wp-json\/wp\/v2\/product\/5072","targetHints":{"allow":["GET"]}}],"collection":[{"href":"https:\/\/k-beautyci.com\/fr\/wp-json\/wp\/v2\/product"}],"about":[{"href":"https:\/\/k-beautyci.com\/fr\/wp-json\/wp\/v2\/types\/product"}],"replies":[{"embeddable":true,"href":"https:\/\/k-beautyci.com\/fr\/wp-json\/wp\/v2\/comments?post=5072"}],"wp:featuredmedia":[{"embeddable":true,"href":"https:\/\/k-beautyci.com\/fr\/wp-json\/wp\/v2\/media\/5079"}],"wp:attachment":[{"href":"https:\/\/k-beautyci.com\/fr\/wp-json\/wp\/v2\/media?parent=5072"}],"wp:term":[{"taxonomy":"product_brand","embeddable":true,"href":"https:\/\/k-beautyci.com\/fr\/wp-json\/wp\/v2\/product_brand?post=5072"},{"taxonomy":"product_cat","embeddable":true,"href":"https:\/\/k-beautyci.com\/fr\/wp-json\/wp\/v2\/product_cat?post=5072"},{"taxonomy":"product_tag","embeddable":true,"href":"https:\/\/k-beautyci.com\/fr\/wp-json\/wp\/v2\/product_tag?post=5072"}],"curies":[{"name":"wp","href":"https:\/\/api.w.org\/{rel}","templated":true}]}}