{"id":5064,"date":"2024-09-09T13:24:45","date_gmt":"2024-09-09T13:24:45","guid":{"rendered":"https:\/\/k-beautyci.com\/?post_type=product&#038;p=5064"},"modified":"2026-03-24T00:34:44","modified_gmt":"2026-03-24T00:34:44","slug":"biodance-bio-collagen-real-deep-mask-34g","status":"publish","type":"product","link":"https:\/\/k-beautyci.com\/fr\/produit\/biodance-bio-collagen-real-deep-mask-34g\/","title":{"rendered":"BIODANCE Bio-Collagen Real Deep Mask 34g"},"content":{"rendered":"<p>Avertissement : Pour usage externe uniquement. Toujours effectuer un test \u00e9picutan\u00e9. Cessez d'utiliser le produit si vous ressentez une quelconque g\u00eane. Suivre les instructions suppl\u00e9mentaires figurant sur l'emballage. Les r\u00e9sultats individuels peuvent varier.<\/p>","protected":false},"excerpt":{"rendered":"<ul class=\"a-unordered-list a-vertical a-spacing-mini\">\n<li class=\"a-spacing-mini\"><span class=\"a-list-item\">HYDRATATION PROFONDE : L'acide oligo-hyaluronique contenu dans le masque Biodance Bio-Collagen Real Deep a un effet hydratant sup\u00e9rieur \u00e0 celui de l'acide hyaluronique ordinaire. Il hydrate rapidement la surface de la peau et p\u00e9n\u00e8tre dans les couches plus profondes de la peau, ce qui donne un teint sain et hydrat\u00e9.<\/span><\/li>\n<li class=\"a-spacing-mini\"><span class=\"a-list-item\">Raffermissement et resserrement des pores : le collag\u00e8ne \u00e0 tr\u00e8s faible poids mol\u00e9culaire maximise la p\u00e9n\u00e9tration et l'absorption dans la peau. Il affine les pores dilat\u00e9s, am\u00e9liore l'\u00e9lasticit\u00e9 de la peau imm\u00e9diatement apr\u00e8s l'application et lisse visiblement l'apparence des rides et ridules.<\/span><\/li>\n<li class=\"a-spacing-mini\"><span class=\"a-list-item\">RENFORCER LA BARRI\u00c8RE DE LA PEAU : notre masque hydrogel contient 3 types diff\u00e9rents de probiotiques qui renforcent la barri\u00e8re de la peau et pr\u00e9viennent le vieillissement cutan\u00e9.<\/span><\/li>\n<li class=\"a-spacing-mini\"><span class=\"a-list-item\">HYPOALLERG\u00c8NE : ce masque facial hydratant en profondeur est formul\u00e9 \u00e0 partir d'ingr\u00e9dients non toxiques et non irritants. Il est exempt d'ingr\u00e9dients provoquant des r\u00e9actions allergiques et de 19 autres ingr\u00e9dients agressifs et controvers\u00e9s. Il ne pr\u00e9sente aucun danger pour les peaux sensibles.<\/span><\/li>\n<\/ul>","protected":false},"featured_media":5071,"comment_status":"open","ping_status":"closed","template":"","meta":{"om_disable_all_campaigns":false},"product_brand":[],"product_cat":[62,69],"product_tag":[],"class_list":{"0":"post-5064","1":"product","2":"type-product","3":"status-publish","4":"has-post-thumbnail","6":"product_cat-face-masks","7":"product_cat-hyaluronic-acid","9":"first","10":"instock","11":"sale","12":"shipping-taxable","13":"purchasable","14":"product-type-variable"},"aioseo_notices":[],"jetpack_sharing_enabled":true,"_links":{"self":[{"href":"https:\/\/k-beautyci.com\/fr\/wp-json\/wp\/v2\/product\/5064","targetHints":{"allow":["GET"]}}],"collection":[{"href":"https:\/\/k-beautyci.com\/fr\/wp-json\/wp\/v2\/product"}],"about":[{"href":"https:\/\/k-beautyci.com\/fr\/wp-json\/wp\/v2\/types\/product"}],"replies":[{"embeddable":true,"href":"https:\/\/k-beautyci.com\/fr\/wp-json\/wp\/v2\/comments?post=5064"}],"wp:featuredmedia":[{"embeddable":true,"href":"https:\/\/k-beautyci.com\/fr\/wp-json\/wp\/v2\/media\/5071"}],"wp:attachment":[{"href":"https:\/\/k-beautyci.com\/fr\/wp-json\/wp\/v2\/media?parent=5064"}],"wp:term":[{"taxonomy":"product_brand","embeddable":true,"href":"https:\/\/k-beautyci.com\/fr\/wp-json\/wp\/v2\/product_brand?post=5064"},{"taxonomy":"product_cat","embeddable":true,"href":"https:\/\/k-beautyci.com\/fr\/wp-json\/wp\/v2\/product_cat?post=5064"},{"taxonomy":"product_tag","embeddable":true,"href":"https:\/\/k-beautyci.com\/fr\/wp-json\/wp\/v2\/product_tag?post=5064"}],"curies":[{"name":"wp","href":"https:\/\/api.w.org\/{rel}","templated":true}]}}