{"id":5020,"date":"2024-09-04T00:37:47","date_gmt":"2024-09-04T00:37:47","guid":{"rendered":"https:\/\/k-beautyci.com\/?post_type=product&#038;p=5020"},"modified":"2024-10-13T12:38:06","modified_gmt":"2024-10-13T12:38:06","slug":"nineless-a-control-azelaic-acid-toner-150ml","status":"publish","type":"product","link":"https:\/\/k-beautyci.com\/fr\/produit\/nineless-a-control-azelaic-acid-toner-150ml\/","title":{"rendered":"NINELESS A-Control Azelaic Acid Toner 150ml"},"content":{"rendered":"<p>Comment l'utiliser :<\/p>\n<p>1. Apr\u00e8s avoir nettoy\u00e9 le visage, le cou et le d\u00e9collet\u00e9, appliquez une quantit\u00e9 mod\u00e9r\u00e9e de coton sur le visage, le cou et le d\u00e9collet\u00e9.<br \/>\n2. \u00c9viter d'appliquer le produit sur le contour des yeux.<br \/>\n3. Si vous utilisez vos mains, appliquez le tonique sur la peau en tapotant jusqu'\u00e0 ce qu'il soit absorb\u00e9.<\/p>\n<div class=\"description-item active\">\n<div class=\"body\">\n<p>Toujours effectuer un test \u00e9picutan\u00e9. Utiliser uniquement selon les instructions. Ne pas utiliser sur une peau ab\u00eem\u00e9e. Si l'irritation ou l'inconfort persistent, cesser l'utilisation et consulter un m\u00e9decin. Suivre les instructions suppl\u00e9mentaires figurant sur l'emballage. Avant de s'exposer au soleil, il est recommand\u00e9 aux utilisateurs de couvrir les zones o\u00f9 les AHA ont \u00e9t\u00e9 appliqu\u00e9s avec un \u00e9cran solaire.  Les r\u00e9sultats individuels peuvent varier.<\/p>\n<\/div>\n<\/div>","protected":false},"excerpt":{"rendered":"<p>Exfoliez, \u00e9claircissez et hydratez les peaux sujettes \u00e0 l'acn\u00e9 avec le tonique A-Control \u00e0 l'acide az\u00e9la\u00efque de NINELESS. Il est formul\u00e9 avec de l'eau d'arbre \u00e0 th\u00e9 et de l'acide az\u00e9la\u00efque pour apaiser et d\u00e9sinfecter la peau. Les AHA (acide glycolique, acide lactique et acide citrique) et le BHA (acide salicylique) exfolient en douceur les cellules mortes et l'exc\u00e8s de s\u00e9bum. Il est \u00e9galement enrichi en niacinamide pour \u00e9claircir la peau.<\/p>","protected":false},"featured_media":5025,"comment_status":"open","ping_status":"closed","template":"","meta":{"om_disable_all_campaigns":false},"product_brand":[],"product_cat":[60,78,39,191],"product_tag":[],"class_list":{"0":"post-5020","1":"product","2":"type-product","3":"status-publish","4":"has-post-thumbnail","6":"product_cat-acne","7":"product_cat-aha-bha","8":"product_cat-face-toners","9":"product_cat-nineless","11":"first","12":"instock","13":"shipping-taxable","14":"purchasable","15":"product-type-simple"},"aioseo_notices":[],"jetpack_sharing_enabled":true,"_links":{"self":[{"href":"https:\/\/k-beautyci.com\/fr\/wp-json\/wp\/v2\/product\/5020","targetHints":{"allow":["GET"]}}],"collection":[{"href":"https:\/\/k-beautyci.com\/fr\/wp-json\/wp\/v2\/product"}],"about":[{"href":"https:\/\/k-beautyci.com\/fr\/wp-json\/wp\/v2\/types\/product"}],"replies":[{"embeddable":true,"href":"https:\/\/k-beautyci.com\/fr\/wp-json\/wp\/v2\/comments?post=5020"}],"wp:featuredmedia":[{"embeddable":true,"href":"https:\/\/k-beautyci.com\/fr\/wp-json\/wp\/v2\/media\/5025"}],"wp:attachment":[{"href":"https:\/\/k-beautyci.com\/fr\/wp-json\/wp\/v2\/media?parent=5020"}],"wp:term":[{"taxonomy":"product_brand","embeddable":true,"href":"https:\/\/k-beautyci.com\/fr\/wp-json\/wp\/v2\/product_brand?post=5020"},{"taxonomy":"product_cat","embeddable":true,"href":"https:\/\/k-beautyci.com\/fr\/wp-json\/wp\/v2\/product_cat?post=5020"},{"taxonomy":"product_tag","embeddable":true,"href":"https:\/\/k-beautyci.com\/fr\/wp-json\/wp\/v2\/product_tag?post=5020"}],"curies":[{"name":"wp","href":"https:\/\/api.w.org\/{rel}","templated":true}]}}