{"id":5011,"date":"2024-09-04T00:17:29","date_gmt":"2024-09-04T00:17:29","guid":{"rendered":"https:\/\/k-beautyci.com\/?post_type=product&#038;p=5011"},"modified":"2026-01-27T22:52:43","modified_gmt":"2026-01-27T22:52:43","slug":"nineless-a-control-heartleaf-bha-foam-cleanser-120ml","status":"publish","type":"product","link":"https:\/\/k-beautyci.com\/fr\/produit\/nineless-a-control-heartleaf-bha-foam-cleanser-120ml\/","title":{"rendered":"Nineless A-Control Heartleaf &amp; BHA Foam Cleanser 120ml"},"content":{"rendered":"<p>Comment l'utiliser :<\/p>\n<p>Prendre une quantit\u00e9 appropri\u00e9e du nettoyant dans les mains et faire mousser sur la peau humide en massant doucement. Rincer abondamment \u00e0 l'eau ti\u00e8de.<\/p>\n<p>Toujours effectuer un test \u00e9picutan\u00e9. Utiliser uniquement selon les instructions. Ne pas utiliser sur une peau ab\u00eem\u00e9e. Si l'irritation ou l'inconfort persistent, cesser l'utilisation et consulter un m\u00e9decin. Suivre les instructions suppl\u00e9mentaires figurant sur l'emballage. Avant de s'exposer au soleil, il est recommand\u00e9 aux utilisateurs de couvrir les zones o\u00f9 les AHA ont \u00e9t\u00e9 appliqu\u00e9s avec un \u00e9cran solaire. Les r\u00e9sultats individuels peuvent varier.<\/p>","protected":false},"excerpt":{"rendered":"<p>La mousse \u00e0 la texture riche \u00e9limine efficacement les impuret\u00e9s, l'exc\u00e8s de s\u00e9bum et le maquillage, laissant votre peau fra\u00eeche et propre.<\/p>","protected":false},"featured_media":5017,"comment_status":"open","ping_status":"closed","template":"","meta":{"om_disable_all_campaigns":false},"product_brand":[],"product_cat":[60,78,35,191],"product_tag":[],"class_list":{"0":"post-5011","1":"product","2":"type-product","3":"status-publish","4":"has-post-thumbnail","6":"product_cat-acne","7":"product_cat-aha-bha","8":"product_cat-face-cleansers","9":"product_cat-nineless","11":"first","12":"instock","13":"shipping-taxable","14":"purchasable","15":"product-type-simple"},"aioseo_notices":[],"jetpack_sharing_enabled":true,"_links":{"self":[{"href":"https:\/\/k-beautyci.com\/fr\/wp-json\/wp\/v2\/product\/5011","targetHints":{"allow":["GET"]}}],"collection":[{"href":"https:\/\/k-beautyci.com\/fr\/wp-json\/wp\/v2\/product"}],"about":[{"href":"https:\/\/k-beautyci.com\/fr\/wp-json\/wp\/v2\/types\/product"}],"replies":[{"embeddable":true,"href":"https:\/\/k-beautyci.com\/fr\/wp-json\/wp\/v2\/comments?post=5011"}],"wp:featuredmedia":[{"embeddable":true,"href":"https:\/\/k-beautyci.com\/fr\/wp-json\/wp\/v2\/media\/5017"}],"wp:attachment":[{"href":"https:\/\/k-beautyci.com\/fr\/wp-json\/wp\/v2\/media?parent=5011"}],"wp:term":[{"taxonomy":"product_brand","embeddable":true,"href":"https:\/\/k-beautyci.com\/fr\/wp-json\/wp\/v2\/product_brand?post=5011"},{"taxonomy":"product_cat","embeddable":true,"href":"https:\/\/k-beautyci.com\/fr\/wp-json\/wp\/v2\/product_cat?post=5011"},{"taxonomy":"product_tag","embeddable":true,"href":"https:\/\/k-beautyci.com\/fr\/wp-json\/wp\/v2\/product_tag?post=5011"}],"curies":[{"name":"wp","href":"https:\/\/api.w.org\/{rel}","templated":true}]}}