{"id":5002,"date":"2024-09-03T23:40:28","date_gmt":"2024-09-03T23:40:28","guid":{"rendered":"https:\/\/k-beautyci.com\/?post_type=product&#038;p=5002"},"modified":"2025-10-17T04:20:21","modified_gmt":"2025-10-17T04:20:21","slug":"face-facts-bright-clear-face-cream","status":"publish","type":"product","link":"https:\/\/k-beautyci.com\/fr\/produit\/face-facts-bright-clear-face-cream\/","title":{"rendered":"Face Facts Bright + Clear Face Cream"},"content":{"rendered":"<p>Comment l'utiliser :<\/p>\n<div id=\"Product-content-edcfc5e0-c2b7-4ac3-b915-668b77a772317400232779985\" class=\"collapsible-content collapsible-content--all is-open\">\n<div class=\"collapsible-content__inner rte\">\n<p><span class=\"metafield-multi_line_text_field\">Utiliser apr\u00e8s avoir exfoli\u00e9, nettoy\u00e9 et tonifi\u00e9 la peau. Appliquer une petite quantit\u00e9 de cr\u00e8me hydratante et masser d\u00e9licatement la peau. Ne pas rincer. Utiliser le matin, le soir et selon les besoins pour de meilleurs r\u00e9sultats.<\/span><\/p>\n<\/div>\n<p>Avertissement : Pour usage externe uniquement. Toujours effectuer un test \u00e9picutan\u00e9. Cessez d'utiliser le produit si vous ressentez une quelconque g\u00eane. Suivre les instructions suppl\u00e9mentaires figurant sur l'emballage. Les r\u00e9sultats individuels peuvent varier.<\/p>\n<\/div>","protected":false},"excerpt":{"rendered":"<p>Am\u00e9liorez votre teint avec notre cr\u00e8me pour le visage Bright &amp; Clear. Cette cr\u00e8me hydratante quotidienne aide la peau \u00e0 retrouver son \u00e9clat. Elle associe un savant \u00e9quilibre de niacinamide apaisant \u00e0 de l'acide kojique et de l'acide tranexamique pour favoriser un fini lumineux, \u00e9clatant et hydrat\u00e9. Convient aux v\u00e9g\u00e9taliens.<\/p>\n<p>Appliquer matin et soir et selon les besoins tout au long de la journ\u00e9e pour renforcer l'\u00e9clat naturel de votre peau.<\/p>","protected":false},"featured_media":5003,"comment_status":"open","ping_status":"closed","template":"","meta":{"om_disable_all_campaigns":false},"product_brand":[],"product_cat":[15],"product_tag":[],"class_list":{"0":"post-5002","1":"product","2":"type-product","3":"status-publish","4":"has-post-thumbnail","6":"product_cat-uncategorized","8":"first","9":"instock","10":"shipping-taxable","11":"purchasable","12":"product-type-simple"},"aioseo_notices":[],"jetpack_sharing_enabled":true,"_links":{"self":[{"href":"https:\/\/k-beautyci.com\/fr\/wp-json\/wp\/v2\/product\/5002","targetHints":{"allow":["GET"]}}],"collection":[{"href":"https:\/\/k-beautyci.com\/fr\/wp-json\/wp\/v2\/product"}],"about":[{"href":"https:\/\/k-beautyci.com\/fr\/wp-json\/wp\/v2\/types\/product"}],"replies":[{"embeddable":true,"href":"https:\/\/k-beautyci.com\/fr\/wp-json\/wp\/v2\/comments?post=5002"}],"wp:featuredmedia":[{"embeddable":true,"href":"https:\/\/k-beautyci.com\/fr\/wp-json\/wp\/v2\/media\/5003"}],"wp:attachment":[{"href":"https:\/\/k-beautyci.com\/fr\/wp-json\/wp\/v2\/media?parent=5002"}],"wp:term":[{"taxonomy":"product_brand","embeddable":true,"href":"https:\/\/k-beautyci.com\/fr\/wp-json\/wp\/v2\/product_brand?post=5002"},{"taxonomy":"product_cat","embeddable":true,"href":"https:\/\/k-beautyci.com\/fr\/wp-json\/wp\/v2\/product_cat?post=5002"},{"taxonomy":"product_tag","embeddable":true,"href":"https:\/\/k-beautyci.com\/fr\/wp-json\/wp\/v2\/product_tag?post=5002"}],"curies":[{"name":"wp","href":"https:\/\/api.w.org\/{rel}","templated":true}]}}