{"id":4985,"date":"2024-09-03T00:13:32","date_gmt":"2024-09-03T00:13:32","guid":{"rendered":"https:\/\/k-beautyci.com\/?post_type=product&#038;p=4985"},"modified":"2024-10-11T17:14:48","modified_gmt":"2024-10-11T17:14:48","slug":"mediheal-labocare-pantenolips-healssence-pink","status":"publish","type":"product","link":"https:\/\/k-beautyci.com\/fr\/produit\/mediheal-labocare-pantenolips-healssence-pink\/","title":{"rendered":"MEDIHEAL Labocare Pantenolips &#8211; Healssence Pink"},"content":{"rendered":"<p>Appliquer sur les l\u00e8vres pour un fini transparent et brillant. Portez-le seul pour une brillance hydratante avec un soup\u00e7on de couleur ou superposez-le \u00e0 votre rouge \u00e0 l\u00e8vres pr\u00e9f\u00e9r\u00e9. Renouvelez l'application si n\u00e9cessaire.<\/p>\n<p>Avertissement : Pour usage externe uniquement. Toujours effectuer un test \u00e9picutan\u00e9. Cessez d'utiliser le produit si vous ressentez une quelconque g\u00eane. Suivre les instructions suppl\u00e9mentaires figurant sur l'emballage. Les r\u00e9sultats individuels peuvent varier.<\/p>","protected":false},"excerpt":{"rendered":"<p>Donnez aux l\u00e8vres un soup\u00e7on de couleur et une dose d'hydratation avec cette teinture pour les l\u00e8vres tout-en-un. Il offre un fini rose brillant d'aspect naturel tout en hydratant et en nourrissant les l\u00e8vres s\u00e8ches et gerc\u00e9es.<\/p>","protected":false},"featured_media":4989,"comment_status":"open","ping_status":"closed","template":"","meta":{"om_disable_all_campaigns":false},"product_brand":[],"product_cat":[65,156],"product_tag":[],"class_list":{"0":"post-4985","1":"product","2":"type-product","3":"status-publish","4":"has-post-thumbnail","6":"product_cat-lip-care","7":"product_cat-mediheal","9":"first","10":"outofstock","11":"sale","12":"shipping-taxable","13":"purchasable","14":"product-type-simple"},"aioseo_notices":[],"jetpack_sharing_enabled":true,"_links":{"self":[{"href":"https:\/\/k-beautyci.com\/fr\/wp-json\/wp\/v2\/product\/4985","targetHints":{"allow":["GET"]}}],"collection":[{"href":"https:\/\/k-beautyci.com\/fr\/wp-json\/wp\/v2\/product"}],"about":[{"href":"https:\/\/k-beautyci.com\/fr\/wp-json\/wp\/v2\/types\/product"}],"replies":[{"embeddable":true,"href":"https:\/\/k-beautyci.com\/fr\/wp-json\/wp\/v2\/comments?post=4985"}],"wp:featuredmedia":[{"embeddable":true,"href":"https:\/\/k-beautyci.com\/fr\/wp-json\/wp\/v2\/media\/4989"}],"wp:attachment":[{"href":"https:\/\/k-beautyci.com\/fr\/wp-json\/wp\/v2\/media?parent=4985"}],"wp:term":[{"taxonomy":"product_brand","embeddable":true,"href":"https:\/\/k-beautyci.com\/fr\/wp-json\/wp\/v2\/product_brand?post=4985"},{"taxonomy":"product_cat","embeddable":true,"href":"https:\/\/k-beautyci.com\/fr\/wp-json\/wp\/v2\/product_cat?post=4985"},{"taxonomy":"product_tag","embeddable":true,"href":"https:\/\/k-beautyci.com\/fr\/wp-json\/wp\/v2\/product_tag?post=4985"}],"curies":[{"name":"wp","href":"https:\/\/api.w.org\/{rel}","templated":true}]}}