{"id":4968,"date":"2024-09-02T23:42:21","date_gmt":"2024-09-02T23:42:21","guid":{"rendered":"https:\/\/k-beautyci.com\/?post_type=product&#038;p=4968"},"modified":"2025-07-15T01:13:41","modified_gmt":"2025-07-15T01:13:41","slug":"mediheal-hyalu-moist-essence-mask","status":"publish","type":"product","link":"https:\/\/k-beautyci.com\/fr\/produit\/mediheal-hyalu-moist-essence-mask\/","title":{"rendered":"MEDIHEAL Hyalu Moist Essence Mask"},"content":{"rendered":"<p>Comment l'utiliser :<\/p>\n<p>D\u00e9plier, aligner et appliquer le masque sur le visage. Laisser agir pendant 10 \u00e0 20 minutes. Appliquer ensuite l'essence restante sur la peau en tapotant doucement.<\/p>\n<p>Avertissement : Pour usage externe uniquement. Toujours effectuer un test \u00e9picutan\u00e9. Cessez d'utiliser le produit si vous ressentez une quelconque g\u00eane. Suivre les instructions suppl\u00e9mentaires figurant sur l'emballage. Les r\u00e9sultats individuels peuvent varier.<\/p>","protected":false},"excerpt":{"rendered":"<p>Ce masque en feuille rafra\u00eechissant soulage les peaux s\u00e8ches. Formul\u00e9 avec 5 types d'acide hyaluronique, il procure une hydratation durable, laissant votre peau fra\u00eeche et rebondie.<\/p>","protected":false},"featured_media":4974,"comment_status":"open","ping_status":"closed","template":"","meta":{"om_disable_all_campaigns":false},"product_brand":[],"product_cat":[62,69,156],"product_tag":[],"class_list":{"0":"post-4968","1":"product","2":"type-product","3":"status-publish","4":"has-post-thumbnail","6":"product_cat-face-masks","7":"product_cat-hyaluronic-acid","8":"product_cat-mediheal","10":"first","11":"outofstock","12":"shipping-taxable","13":"purchasable","14":"product-type-simple"},"aioseo_notices":[],"jetpack_sharing_enabled":true,"_links":{"self":[{"href":"https:\/\/k-beautyci.com\/fr\/wp-json\/wp\/v2\/product\/4968","targetHints":{"allow":["GET"]}}],"collection":[{"href":"https:\/\/k-beautyci.com\/fr\/wp-json\/wp\/v2\/product"}],"about":[{"href":"https:\/\/k-beautyci.com\/fr\/wp-json\/wp\/v2\/types\/product"}],"replies":[{"embeddable":true,"href":"https:\/\/k-beautyci.com\/fr\/wp-json\/wp\/v2\/comments?post=4968"}],"wp:featuredmedia":[{"embeddable":true,"href":"https:\/\/k-beautyci.com\/fr\/wp-json\/wp\/v2\/media\/4974"}],"wp:attachment":[{"href":"https:\/\/k-beautyci.com\/fr\/wp-json\/wp\/v2\/media?parent=4968"}],"wp:term":[{"taxonomy":"product_brand","embeddable":true,"href":"https:\/\/k-beautyci.com\/fr\/wp-json\/wp\/v2\/product_brand?post=4968"},{"taxonomy":"product_cat","embeddable":true,"href":"https:\/\/k-beautyci.com\/fr\/wp-json\/wp\/v2\/product_cat?post=4968"},{"taxonomy":"product_tag","embeddable":true,"href":"https:\/\/k-beautyci.com\/fr\/wp-json\/wp\/v2\/product_tag?post=4968"}],"curies":[{"name":"wp","href":"https:\/\/api.w.org\/{rel}","templated":true}]}}