{"id":4954,"date":"2024-09-02T23:18:43","date_gmt":"2024-09-02T23:18:43","guid":{"rendered":"https:\/\/k-beautyci.com\/?post_type=product&#038;p=4954"},"modified":"2025-11-03T23:41:49","modified_gmt":"2025-11-03T23:41:49","slug":"mediheal-teatree-trouble-pad-100-pads","status":"publish","type":"product","link":"https:\/\/k-beautyci.com\/fr\/produit\/mediheal-teatree-trouble-pad-100-pads\/","title":{"rendered":"MEDIHEAL Teatree Trouble Pad (100 pads)"},"content":{"rendered":"<p>Comment l'utiliser :<\/p>\n<p>Masque de traitement : appliquer sur les zones cibl\u00e9es (front, joues et menton) apr\u00e8s le nettoyage pour un traitement intensif. Laisser agir pendant 15 minutes, retirer le masque et laisser le s\u00e9rum restant p\u00e9n\u00e9trer dans la peau.<\/p>\n<p>Comme tampon de traitement : apr\u00e8s le nettoyage, appliquer d\u00e9licatement sur la peau pour la tonifier, l'hydrater et la pr\u00e9parer.<br \/>\nPeut \u00eatre utilis\u00e9 quotidiennement le matin et le soir.<\/p>\n<div class=\"description-item active\">\n<div class=\"body\">\n<p>Avertissement : Pour usage externe uniquement. Toujours effectuer un test \u00e9picutan\u00e9. Cessez d'utiliser le produit si vous ressentez une quelconque g\u00eane. Suivre les instructions suppl\u00e9mentaires figurant sur l'emballage. Les r\u00e9sultats individuels peuvent varier.<\/p>\n<\/div>\n<\/div>\n<p>&nbsp;<\/p>","protected":false},"excerpt":{"rendered":"<p>Ces compresses \u00e0 l'arbre \u00e0 th\u00e9 apaisent les peaux \u00e0 probl\u00e8mes. La formule douce mais efficace r\u00e9duit l'apparence des imperfections. Utilisez-les comme masque ou comme coussinet ! Un traitement doux mais concentr\u00e9 pour calmer et apaiser la peau irrit\u00e9e, avec le complexe exclusif TeatreePair et un syst\u00e8me d'administration par liposomes pour de meilleurs r\u00e9sultats.<\/p>","protected":false},"featured_media":4959,"comment_status":"open","ping_status":"closed","template":"","meta":{"om_disable_all_campaigns":false},"product_brand":[],"product_cat":[62,39,156],"product_tag":[],"class_list":{"0":"post-4954","1":"product","2":"type-product","3":"status-publish","4":"has-post-thumbnail","6":"product_cat-face-masks","7":"product_cat-face-toners","8":"product_cat-mediheal","10":"first","11":"outofstock","12":"sale","13":"shipping-taxable","14":"purchasable","15":"product-type-simple"},"aioseo_notices":[],"jetpack_sharing_enabled":true,"_links":{"self":[{"href":"https:\/\/k-beautyci.com\/fr\/wp-json\/wp\/v2\/product\/4954","targetHints":{"allow":["GET"]}}],"collection":[{"href":"https:\/\/k-beautyci.com\/fr\/wp-json\/wp\/v2\/product"}],"about":[{"href":"https:\/\/k-beautyci.com\/fr\/wp-json\/wp\/v2\/types\/product"}],"replies":[{"embeddable":true,"href":"https:\/\/k-beautyci.com\/fr\/wp-json\/wp\/v2\/comments?post=4954"}],"wp:featuredmedia":[{"embeddable":true,"href":"https:\/\/k-beautyci.com\/fr\/wp-json\/wp\/v2\/media\/4959"}],"wp:attachment":[{"href":"https:\/\/k-beautyci.com\/fr\/wp-json\/wp\/v2\/media?parent=4954"}],"wp:term":[{"taxonomy":"product_brand","embeddable":true,"href":"https:\/\/k-beautyci.com\/fr\/wp-json\/wp\/v2\/product_brand?post=4954"},{"taxonomy":"product_cat","embeddable":true,"href":"https:\/\/k-beautyci.com\/fr\/wp-json\/wp\/v2\/product_cat?post=4954"},{"taxonomy":"product_tag","embeddable":true,"href":"https:\/\/k-beautyci.com\/fr\/wp-json\/wp\/v2\/product_tag?post=4954"}],"curies":[{"name":"wp","href":"https:\/\/api.w.org\/{rel}","templated":true}]}}