{"id":4946,"date":"2024-09-02T22:35:52","date_gmt":"2024-09-02T22:35:52","guid":{"rendered":"https:\/\/k-beautyci.com\/?post_type=product&#038;p=4946"},"modified":"2026-02-17T02:01:03","modified_gmt":"2026-02-17T02:01:03","slug":"cerave-skin-renewing-retinol-serum","status":"publish","type":"product","link":"https:\/\/k-beautyci.com\/fr\/produit\/cerave-skin-renewing-retinol-serum\/","title":{"rendered":"CeraVe Skin Renewing Retinol Serum"},"content":{"rendered":"<div class=\"productHowTo__title\">\n<h2>Comment l'utiliser<\/h2>\n<\/div>\n<div class=\"productHowTo-how\">\n<ul class=\"productHowTo-how-steps\">\n<li class=\"productHowTo-how-step\">\n<div class=\"productHowTo-how-step__number\">1. Appliquez le s\u00e9rum au r\u00e9tinol Skin Renewing par petites touches sur l'ensemble du visage.<\/div>\n<\/li>\n<li class=\"productHowTo-how-step\">\n<div class=\"productHowTo-how-step__number\">2. Appliquer d\u00e9licatement le s\u00e9rum sur la peau jusqu'\u00e0 ce qu'il soit compl\u00e8tement absorb\u00e9.<\/div>\n<\/li>\n<\/ul>\n<\/div>\n<div class=\"productHowTo-when\"><span class=\"productHowTo-when-chips__label\">Moment de la journ\u00e9e :\u00a0 <\/span>Uniquement en PM<\/div>\n<div><\/div>\n<div>\n<div class=\"productHowTo__title\"><\/div>\n<div class=\"productHowTo-when\">\n<div class=\"productHowTo-when__chip productHowTo-when__chip--pm productHowTo-when__chip--active\">\n<div class=\"productHowTo-tips__title\">\n<h2>Conseils<\/h2>\n<\/div>\n<div class=\"richtext\">\n<ul>\n<li>Appliquer le soir sur le visage apr\u00e8s l'avoir nettoy\u00e9. Votre peau peut mettre un certain temps \u00e0 s'habituer au r\u00e9tinol, aussi pr\u00e9voyez de passer progressivement \u00e0 une utilisation quotidienne.<\/li>\n<\/ul>\n<p>&nbsp;<\/p>\n<p><strong>Avertissements<\/strong>: Pour usage externe uniquement. Lors de l'utilisation de ce produit, \u00e9viter tout contact avec les yeux. En cas de contact, rincer abondamment \u00e0 l'eau. En cas d'irritation de la peau, laver le produit et consulter un m\u00e9decin. Lors de la premi\u00e8re application de ce produit, vous pouvez ressentir un l\u00e9ger picotement. C'est une indication que le produit agit. Si la sensation se prolonge ou devient d\u00e9sagr\u00e9able, cessez d'utiliser le produit et consultez un m\u00e9decin. Appliquez toujours un \u00e9cran solaire \u00e0 large spectre lorsque vous utilisez des produits \u00e0 base de r\u00e9tinol, car ils peuvent rendre votre peau plus sensible au soleil.<\/p>\n<\/div>\n<\/div>\n<\/div>\n<\/div>","protected":false},"excerpt":{"rendered":"<p>CeraVe Skin Renewing Retinol Serum est un s\u00e9rum quotidien au r\u00e9tinol, doux mais efficace, qui apporte \u00e0 votre peau de nombreux bienfaits anti-\u00e2ge. Ce s\u00e9rum au r\u00e9tinol pour le visage est formul\u00e9 avec des ingr\u00e9dients tels que l'acide hyaluronique pour une hydratation suppl\u00e9mentaire, le niacinamide pour apaiser, et trois c\u00e9ramides essentiels qui agissent ensemble pour retenir l'humidit\u00e9 et aider \u00e0 restaurer la barri\u00e8re protectrice de votre peau. Il est \u00e9galement formul\u00e9 avec la technologie MVE qui encapsule les c\u00e9ramides pour garantir une diffusion efficace au sein de la barri\u00e8re cutan\u00e9e et une lib\u00e9ration lente au fil du temps, soutenant ainsi votre barri\u00e8re cutan\u00e9e protectrice longtemps apr\u00e8s l'application.<\/p>","protected":false},"featured_media":4953,"comment_status":"open","ping_status":"closed","template":"","meta":{"om_disable_all_campaigns":false},"product_brand":[],"product_cat":[148,206,31,69,68],"product_tag":[],"class_list":{"0":"post-4946","1":"product","2":"type-product","3":"status-publish","4":"has-post-thumbnail","6":"product_cat-ceramide","7":"product_cat-cerave","8":"product_cat-face-serums","9":"product_cat-hyaluronic-acid","10":"product_cat-retinol","12":"first","13":"instock","14":"shipping-taxable","15":"purchasable","16":"product-type-simple"},"aioseo_notices":[],"jetpack_sharing_enabled":true,"_links":{"self":[{"href":"https:\/\/k-beautyci.com\/fr\/wp-json\/wp\/v2\/product\/4946","targetHints":{"allow":["GET"]}}],"collection":[{"href":"https:\/\/k-beautyci.com\/fr\/wp-json\/wp\/v2\/product"}],"about":[{"href":"https:\/\/k-beautyci.com\/fr\/wp-json\/wp\/v2\/types\/product"}],"replies":[{"embeddable":true,"href":"https:\/\/k-beautyci.com\/fr\/wp-json\/wp\/v2\/comments?post=4946"}],"wp:featuredmedia":[{"embeddable":true,"href":"https:\/\/k-beautyci.com\/fr\/wp-json\/wp\/v2\/media\/4953"}],"wp:attachment":[{"href":"https:\/\/k-beautyci.com\/fr\/wp-json\/wp\/v2\/media?parent=4946"}],"wp:term":[{"taxonomy":"product_brand","embeddable":true,"href":"https:\/\/k-beautyci.com\/fr\/wp-json\/wp\/v2\/product_brand?post=4946"},{"taxonomy":"product_cat","embeddable":true,"href":"https:\/\/k-beautyci.com\/fr\/wp-json\/wp\/v2\/product_cat?post=4946"},{"taxonomy":"product_tag","embeddable":true,"href":"https:\/\/k-beautyci.com\/fr\/wp-json\/wp\/v2\/product_tag?post=4946"}],"curies":[{"name":"wp","href":"https:\/\/api.w.org\/{rel}","templated":true}]}}