{"id":4939,"date":"2024-09-02T20:45:23","date_gmt":"2024-09-02T20:45:23","guid":{"rendered":"https:\/\/k-beautyci.com\/?post_type=product&#038;p=4939"},"modified":"2026-02-17T02:01:17","modified_gmt":"2026-02-17T02:01:17","slug":"cerave-skin-renewing-vitamin-c-serum","status":"publish","type":"product","link":"https:\/\/k-beautyci.com\/fr\/produit\/cerave-skin-renewing-vitamin-c-serum\/","title":{"rendered":"Cerave Skin Renewing Vitamin C Serum"},"content":{"rendered":"<div class=\"productHowTo-how\">\n<div class=\"productHowTo-how__title\">\n<h2>Comment faire<\/h2>\n<\/div>\n<ul class=\"productHowTo-how-steps\">\n<li class=\"productHowTo-how-step\">\n<div class=\"productHowTo-how-step__number\">1 Appliquez le s\u00e9rum \u00e0 la vitamine C CeraVe Skin Renewing uniform\u00e9ment sur votre visage et votre cou tous les jours.<\/div>\n<\/li>\n<li><span class=\"productHowTo-when-chips__label\">Moment de la journ\u00e9e : <\/span>AM seulement<\/li>\n<\/ul>\n<\/div>\n<div class=\"productHowTo-tips\">\n<div class=\"productHowTo-tips__title\">\n<h2>Conseils<\/h2>\n<\/div>\n<div class=\"richtext\">\n<ul>\n<li>\u00c9viter le contour des yeux. En cas de contact avec les yeux, les rincer abondamment \u00e0 l'eau.<\/li>\n<li>A conserver dans un endroit frais et sombre<\/li>\n<\/ul>\n<\/div>\n<\/div>\n<div class=\"productHowTo-where\">\n<div class=\"richtext\">Avertissement : Pour usage externe uniquement. Toujours effectuer un test \u00e9picutan\u00e9. Cessez d'utiliser le produit si vous ressentez une quelconque g\u00eane. Suivre les instructions suppl\u00e9mentaires figurant sur l'emballage. Les r\u00e9sultats individuels peuvent varier.<\/div>\n<\/div>","protected":false},"excerpt":{"rendered":"<p>Le s\u00e9rum \u00e0 la vitamine C de CeraVe Skin Renewing est formul\u00e9 avec 10 % de vitamine C pure (acide L-ascorbique) pour aider \u00e0 \u00e9claircir visiblement votre teint et favoriser une peau douce, radieuse et d'apparence saine. Notre s\u00e9rum l\u00e9ger, doux mais efficace, \u00e0 base de vitamine C et de trois c\u00e9ramides essentiels, contribue \u00e9galement \u00e0 restaurer la barri\u00e8re protectrice de la peau. Il contient \u00e9galement de l'acide hyaluronique hydratant et de la vitamine B5 (acide pantoth\u00e9nique) apaisante pour am\u00e9liorer l'hydratation de la peau. De plus, la technologie MVE lib\u00e8re continuellement des ingr\u00e9dients hydratants pour une hydratation tout au long de la journ\u00e9e. Convenant \u00e0 tous les types de peau, y compris les peaux sensibles, ce s\u00e9rum antioxydant est pr\u00e9sent\u00e9 dans un emballage protecteur qui aide \u00e0 pr\u00e9venir l'oxydation et \u00e0 maintenir la performance du produit.<\/p>","protected":false},"featured_media":4944,"comment_status":"open","ping_status":"closed","template":"","meta":{"om_disable_all_campaigns":false},"product_brand":[],"product_cat":[148,206,42,31,69,66,41,36,72],"product_tag":[],"class_list":{"0":"post-4939","1":"product","2":"type-product","3":"status-publish","4":"has-post-thumbnail","6":"product_cat-ceramide","7":"product_cat-cerave","8":"product_cat-dry-skin","9":"product_cat-face-serums","10":"product_cat-hyaluronic-acid","11":"product_cat-normal-combination-skin","12":"product_cat-oily-skin","13":"product_cat-sensitive-skin","14":"product_cat-vitamin-c","16":"first","17":"instock","18":"shipping-taxable","19":"purchasable","20":"product-type-simple"},"aioseo_notices":[],"jetpack_sharing_enabled":true,"_links":{"self":[{"href":"https:\/\/k-beautyci.com\/fr\/wp-json\/wp\/v2\/product\/4939","targetHints":{"allow":["GET"]}}],"collection":[{"href":"https:\/\/k-beautyci.com\/fr\/wp-json\/wp\/v2\/product"}],"about":[{"href":"https:\/\/k-beautyci.com\/fr\/wp-json\/wp\/v2\/types\/product"}],"replies":[{"embeddable":true,"href":"https:\/\/k-beautyci.com\/fr\/wp-json\/wp\/v2\/comments?post=4939"}],"wp:featuredmedia":[{"embeddable":true,"href":"https:\/\/k-beautyci.com\/fr\/wp-json\/wp\/v2\/media\/4944"}],"wp:attachment":[{"href":"https:\/\/k-beautyci.com\/fr\/wp-json\/wp\/v2\/media?parent=4939"}],"wp:term":[{"taxonomy":"product_brand","embeddable":true,"href":"https:\/\/k-beautyci.com\/fr\/wp-json\/wp\/v2\/product_brand?post=4939"},{"taxonomy":"product_cat","embeddable":true,"href":"https:\/\/k-beautyci.com\/fr\/wp-json\/wp\/v2\/product_cat?post=4939"},{"taxonomy":"product_tag","embeddable":true,"href":"https:\/\/k-beautyci.com\/fr\/wp-json\/wp\/v2\/product_tag?post=4939"}],"curies":[{"name":"wp","href":"https:\/\/api.w.org\/{rel}","templated":true}]}}