{"id":4927,"date":"2024-09-02T11:43:36","date_gmt":"2024-09-02T11:43:36","guid":{"rendered":"https:\/\/k-beautyci.com\/?post_type=product&#038;p=4927"},"modified":"2025-09-07T16:10:50","modified_gmt":"2025-09-07T16:10:50","slug":"tiam-ac-fighting-spot-rx-cream","status":"publish","type":"product","link":"https:\/\/k-beautyci.com\/fr\/produit\/tiam-ac-fighting-spot-rx-cream\/","title":{"rendered":"TIA&#8217;M AC Fighting Spot RX Cream"},"content":{"rendered":"<p><b>Comment l'utiliser :<\/b><br \/>\n1. Lavez-vous les mains et nettoyez votre visage avant utilisation.<\/p>\n<p>2. D\u00e9poser une quantit\u00e9 mod\u00e9r\u00e9e de cr\u00e8me sur le bout d'un doigt et l'appliquer sur les zones concern\u00e9es.<\/p>\n<p>3. Masser la zone pour faciliter l'absorption.<\/p>\n<p>Avertissement : Pour usage externe uniquement. Toujours effectuer un test \u00e9picutan\u00e9. Cessez d'utiliser le produit si vous ressentez une quelconque g\u00eane. Suivre les instructions suppl\u00e9mentaires figurant sur l'emballage. Les r\u00e9sultats individuels peuvent varier.<\/p>","protected":false},"excerpt":{"rendered":"<p>Cette cr\u00e8me anti-taches apaise les imperfections et les \u00e9ruptions cutan\u00e9es et att\u00e9nue l'hyperpigmentation. Elle contient 10 % de niacinamide et 7 % de zinc. La cr\u00e8me contient des structures en forme d'aiguilles provenant d'\u00e9ponges de mer, appel\u00e9es spicules, qui aident \u00e0 d\u00e9sobstruer les pores et \u00e0 \u00e9liminer les cellules mortes de la peau. La formule sans huile est \u00e9galement infus\u00e9e de centella et d'extrait d'arbre \u00e0 th\u00e9 pour contr\u00f4ler la production de s\u00e9bum et acc\u00e9l\u00e9rer la cicatrisation.<\/p>","protected":false},"featured_media":4930,"comment_status":"open","ping_status":"closed","template":"","meta":{"om_disable_all_campaigns":false},"product_brand":[],"product_cat":[60,26,31,33,97,15],"product_tag":[],"class_list":{"0":"post-4927","1":"product","2":"type-product","3":"status-publish","4":"has-post-thumbnail","6":"product_cat-acne","7":"product_cat-face-moisturizer","8":"product_cat-face-serums","9":"product_cat-face-treatments","10":"product_cat-tiam","11":"product_cat-uncategorized","13":"first","14":"outofstock","15":"sale","16":"shipping-taxable","17":"purchasable","18":"product-type-simple"},"aioseo_notices":[],"jetpack_sharing_enabled":true,"_links":{"self":[{"href":"https:\/\/k-beautyci.com\/fr\/wp-json\/wp\/v2\/product\/4927","targetHints":{"allow":["GET"]}}],"collection":[{"href":"https:\/\/k-beautyci.com\/fr\/wp-json\/wp\/v2\/product"}],"about":[{"href":"https:\/\/k-beautyci.com\/fr\/wp-json\/wp\/v2\/types\/product"}],"replies":[{"embeddable":true,"href":"https:\/\/k-beautyci.com\/fr\/wp-json\/wp\/v2\/comments?post=4927"}],"wp:featuredmedia":[{"embeddable":true,"href":"https:\/\/k-beautyci.com\/fr\/wp-json\/wp\/v2\/media\/4930"}],"wp:attachment":[{"href":"https:\/\/k-beautyci.com\/fr\/wp-json\/wp\/v2\/media?parent=4927"}],"wp:term":[{"taxonomy":"product_brand","embeddable":true,"href":"https:\/\/k-beautyci.com\/fr\/wp-json\/wp\/v2\/product_brand?post=4927"},{"taxonomy":"product_cat","embeddable":true,"href":"https:\/\/k-beautyci.com\/fr\/wp-json\/wp\/v2\/product_cat?post=4927"},{"taxonomy":"product_tag","embeddable":true,"href":"https:\/\/k-beautyci.com\/fr\/wp-json\/wp\/v2\/product_tag?post=4927"}],"curies":[{"name":"wp","href":"https:\/\/api.w.org\/{rel}","templated":true}]}}