{"id":4920,"date":"2024-09-02T11:45:35","date_gmt":"2024-09-02T11:45:35","guid":{"rendered":"https:\/\/k-beautyci.com\/?post_type=product&#038;p=4920"},"modified":"2025-10-20T07:34:38","modified_gmt":"2025-10-20T07:34:38","slug":"some-by-mi-v10-hyal-lip-sun-protector","status":"publish","type":"product","link":"https:\/\/k-beautyci.com\/fr\/produit\/some-by-mi-v10-hyal-lip-sun-protector\/","title":{"rendered":"SOME BY MI V10 Hyal Lip Sun Protector"},"content":{"rendered":"<p><b>Comment l'utiliser :<\/b><\/p>\n<p>Appliquer sur les l\u00e8vres et bien estomper \u00e0 l'aide de l'applicateur.<\/p>\n<p>Avertissement : Pour usage externe uniquement. Toujours effectuer un test \u00e9picutan\u00e9. Cessez d'utiliser le produit si vous ressentez une quelconque g\u00eane. Suivre les instructions suppl\u00e9mentaires figurant sur l'emballage. Les r\u00e9sultats individuels peuvent varier.<\/p>","protected":false},"excerpt":{"rendered":"<p>Un protecteur solaire teint\u00e9 pour les l\u00e8vres avec SPF15. N'oubliez pas vos l\u00e8vres lorsqu'il s'agit de protection solaire ! Dot\u00e9 d'un FPS 15, ce baume \u00e0 l\u00e8vres enrichi d'un \u00e9cran solaire prot\u00e8ge et nourrit vos l\u00e8vres. Gr\u00e2ce \u00e0 un m\u00e9lange de vitamines, d'acide hyaluronique, de beurre de karit\u00e9 et d'huile d'olive, le baume \u00e0 l\u00e8vres offre une hydratation apaisante aux l\u00e8vres craquel\u00e9es et irrit\u00e9es.<\/p>","protected":false},"featured_media":4922,"comment_status":"open","ping_status":"closed","template":"","meta":{"om_disable_all_campaigns":false},"product_brand":[],"product_cat":[69,65,85,75],"product_tag":[],"class_list":{"0":"post-4920","1":"product","2":"type-product","3":"status-publish","4":"has-post-thumbnail","6":"product_cat-hyaluronic-acid","7":"product_cat-lip-care","8":"product_cat-some-by-mi","9":"product_cat-sunscreens","11":"first","12":"outofstock","13":"sale","14":"shipping-taxable","15":"purchasable","16":"product-type-variable"},"aioseo_notices":[],"jetpack_sharing_enabled":true,"_links":{"self":[{"href":"https:\/\/k-beautyci.com\/fr\/wp-json\/wp\/v2\/product\/4920","targetHints":{"allow":["GET"]}}],"collection":[{"href":"https:\/\/k-beautyci.com\/fr\/wp-json\/wp\/v2\/product"}],"about":[{"href":"https:\/\/k-beautyci.com\/fr\/wp-json\/wp\/v2\/types\/product"}],"replies":[{"embeddable":true,"href":"https:\/\/k-beautyci.com\/fr\/wp-json\/wp\/v2\/comments?post=4920"}],"wp:featuredmedia":[{"embeddable":true,"href":"https:\/\/k-beautyci.com\/fr\/wp-json\/wp\/v2\/media\/4922"}],"wp:attachment":[{"href":"https:\/\/k-beautyci.com\/fr\/wp-json\/wp\/v2\/media?parent=4920"}],"wp:term":[{"taxonomy":"product_brand","embeddable":true,"href":"https:\/\/k-beautyci.com\/fr\/wp-json\/wp\/v2\/product_brand?post=4920"},{"taxonomy":"product_cat","embeddable":true,"href":"https:\/\/k-beautyci.com\/fr\/wp-json\/wp\/v2\/product_cat?post=4920"},{"taxonomy":"product_tag","embeddable":true,"href":"https:\/\/k-beautyci.com\/fr\/wp-json\/wp\/v2\/product_tag?post=4920"}],"curies":[{"name":"wp","href":"https:\/\/api.w.org\/{rel}","templated":true}]}}