{"id":4915,"date":"2024-09-02T02:19:43","date_gmt":"2024-09-02T02:19:43","guid":{"rendered":"https:\/\/k-beautyci.com\/?post_type=product&#038;p=4915"},"modified":"2025-04-09T00:18:03","modified_gmt":"2025-04-09T00:18:03","slug":"some-by-mi-super-matcha-pore-tightening-toner","status":"publish","type":"product","link":"https:\/\/k-beautyci.com\/fr\/produit\/some-by-mi-super-matcha-pore-tightening-toner\/","title":{"rendered":"SOME BY MI Super Matcha Pore Tightening Toner"},"content":{"rendered":"<p><b>Comment l'utiliser :<\/b><\/p>\n<p>Agiter le toner avant de l'utiliser. Versez une quantit\u00e9 suffisante sur le coton et passez-le d\u00e9licatement sur le grain de la peau.<\/p>\n<p>Imbibez le coton d'une quantit\u00e9 suffisante de tonique. Placez-le sur la zone souhait\u00e9e et laissez-le reposer quelques instants pour un soin intensif des pores.<\/p>\n<p>Avertissement : Pour usage externe uniquement. Toujours effectuer un test \u00e9picutan\u00e9. Cessez d'utiliser le produit si vous ressentez une quelconque g\u00eane. Suivre les instructions suppl\u00e9mentaires figurant sur l'emballage. Les r\u00e9sultats individuels peuvent varier.<\/p>","protected":false},"excerpt":{"rendered":"<p>Infus\u00e9 avec 83% d'eau de super matcha, ce tonique purifie, resserre et hydrate la peau tout en exfoliant les cellules mortes avec 5% de BHA et en absorbant le s\u00e9bum avec de la poudre de contr\u00f4le du s\u00e9bum. L'eau glaciaire et l'eau gazeuse ajout\u00e9es \u00e9claircissent le teint.<\/p>","protected":false},"featured_media":4918,"comment_status":"open","ping_status":"closed","template":"","meta":{"om_disable_all_campaigns":false},"product_brand":[],"product_cat":[78,39,85],"product_tag":[],"class_list":{"0":"post-4915","1":"product","2":"type-product","3":"status-publish","4":"has-post-thumbnail","6":"product_cat-aha-bha","7":"product_cat-face-toners","8":"product_cat-some-by-mi","10":"first","11":"outofstock","12":"sale","13":"shipping-taxable","14":"purchasable","15":"product-type-simple"},"aioseo_notices":[],"jetpack_sharing_enabled":true,"_links":{"self":[{"href":"https:\/\/k-beautyci.com\/fr\/wp-json\/wp\/v2\/product\/4915","targetHints":{"allow":["GET"]}}],"collection":[{"href":"https:\/\/k-beautyci.com\/fr\/wp-json\/wp\/v2\/product"}],"about":[{"href":"https:\/\/k-beautyci.com\/fr\/wp-json\/wp\/v2\/types\/product"}],"replies":[{"embeddable":true,"href":"https:\/\/k-beautyci.com\/fr\/wp-json\/wp\/v2\/comments?post=4915"}],"wp:featuredmedia":[{"embeddable":true,"href":"https:\/\/k-beautyci.com\/fr\/wp-json\/wp\/v2\/media\/4918"}],"wp:attachment":[{"href":"https:\/\/k-beautyci.com\/fr\/wp-json\/wp\/v2\/media?parent=4915"}],"wp:term":[{"taxonomy":"product_brand","embeddable":true,"href":"https:\/\/k-beautyci.com\/fr\/wp-json\/wp\/v2\/product_brand?post=4915"},{"taxonomy":"product_cat","embeddable":true,"href":"https:\/\/k-beautyci.com\/fr\/wp-json\/wp\/v2\/product_cat?post=4915"},{"taxonomy":"product_tag","embeddable":true,"href":"https:\/\/k-beautyci.com\/fr\/wp-json\/wp\/v2\/product_tag?post=4915"}],"curies":[{"name":"wp","href":"https:\/\/api.w.org\/{rel}","templated":true}]}}