{"id":4909,"date":"2024-09-02T11:46:12","date_gmt":"2024-09-02T11:46:12","guid":{"rendered":"https:\/\/k-beautyci.com\/?post_type=product&#038;p=4909"},"modified":"2025-01-13T06:32:01","modified_gmt":"2025-01-13T06:32:01","slug":"some-by-mi-yuja-niacin-dark-spot-correcting-stick","status":"publish","type":"product","link":"https:\/\/k-beautyci.com\/fr\/produit\/some-by-mi-yuja-niacin-dark-spot-correcting-stick\/","title":{"rendered":"SOME BY MI Yuja Niacin Dark Spot Correcting Stick"},"content":{"rendered":"<p>Comment l'utiliser :<\/p>\n<p>Appliquer directement sur les zones souhait\u00e9es lors de la derni\u00e8re \u00e9tape de votre routine de soins de base.<\/p>\n<p>&nbsp;<\/p>\n<p>Avertissement : Pour usage externe uniquement. Toujours effectuer un test \u00e9picutan\u00e9. Cessez d'utiliser le produit si vous ressentez une quelconque g\u00eane. Suivre les instructions suppl\u00e9mentaires figurant sur l'emballage. Les r\u00e9sultats individuels peuvent varier.<\/p>","protected":false},"excerpt":{"rendered":"<p>Ce stick correcteur de taches brunes multit\u00e2ches est infus\u00e9 de 37 % d'extrait de yuja et de huit types de vitamines pour \u00e9claircir la peau et r\u00e9duire les imperfections. Gr\u00e2ce \u00e0 l'extrait de r\u00e9glisse, aux peptides et \u00e0 l'arbre \u00e0 th\u00e9, la formule a des effets apaisants, anti-\u00e2ge et d'am\u00e9lioration de l'\u00e9lasticit\u00e9.<\/p>","protected":false},"featured_media":4914,"comment_status":"open","ping_status":"closed","template":"","meta":{"om_disable_all_campaigns":false},"product_brand":[],"product_cat":[57,52,31,33,85],"product_tag":[],"class_list":{"0":"post-4909","1":"product","2":"type-product","3":"status-publish","4":"has-post-thumbnail","6":"product_cat-anti-aging","7":"product_cat-dark-spots","8":"product_cat-face-serums","9":"product_cat-face-treatments","10":"product_cat-some-by-mi","12":"first","13":"outofstock","14":"sale","15":"shipping-taxable","16":"purchasable","17":"product-type-simple"},"aioseo_notices":[],"jetpack_sharing_enabled":true,"_links":{"self":[{"href":"https:\/\/k-beautyci.com\/fr\/wp-json\/wp\/v2\/product\/4909","targetHints":{"allow":["GET"]}}],"collection":[{"href":"https:\/\/k-beautyci.com\/fr\/wp-json\/wp\/v2\/product"}],"about":[{"href":"https:\/\/k-beautyci.com\/fr\/wp-json\/wp\/v2\/types\/product"}],"replies":[{"embeddable":true,"href":"https:\/\/k-beautyci.com\/fr\/wp-json\/wp\/v2\/comments?post=4909"}],"wp:featuredmedia":[{"embeddable":true,"href":"https:\/\/k-beautyci.com\/fr\/wp-json\/wp\/v2\/media\/4914"}],"wp:attachment":[{"href":"https:\/\/k-beautyci.com\/fr\/wp-json\/wp\/v2\/media?parent=4909"}],"wp:term":[{"taxonomy":"product_brand","embeddable":true,"href":"https:\/\/k-beautyci.com\/fr\/wp-json\/wp\/v2\/product_brand?post=4909"},{"taxonomy":"product_cat","embeddable":true,"href":"https:\/\/k-beautyci.com\/fr\/wp-json\/wp\/v2\/product_cat?post=4909"},{"taxonomy":"product_tag","embeddable":true,"href":"https:\/\/k-beautyci.com\/fr\/wp-json\/wp\/v2\/product_tag?post=4909"}],"curies":[{"name":"wp","href":"https:\/\/api.w.org\/{rel}","templated":true}]}}