{"id":4905,"date":"2024-09-02T11:46:27","date_gmt":"2024-09-02T11:46:27","guid":{"rendered":"https:\/\/k-beautyci.com\/?post_type=product&#038;p=4905"},"modified":"2026-03-22T22:30:50","modified_gmt":"2026-03-22T22:30:50","slug":"sioris-my-first-essener","status":"publish","type":"product","link":"https:\/\/k-beautyci.com\/fr\/produit\/sioris-my-first-essener\/","title":{"rendered":"sioris My First Essener (sans carton)"},"content":{"rendered":"<p>Comment l'utiliser :<\/p>\n<p>Apr\u00e8s le nettoyage, prendre une quantit\u00e9 appropri\u00e9e de produit dans les mains et appliquer par tapotements sur le visage jusqu'\u00e0 absorption compl\u00e8te. Poursuivez avec le reste de votre programme de soins.<\/p>\n<p>Avertissement : Pour usage externe uniquement. Toujours effectuer un test \u00e9picutan\u00e9. Cessez d'utiliser le produit si vous ressentez une quelconque g\u00eane. Suivre les instructions suppl\u00e9mentaires figurant sur l'emballage. Les r\u00e9sultats individuels peuvent varier.<\/p>","protected":false},"excerpt":{"rendered":"<p>Un m\u00e9lange unique de tonique et d'essence. Simplifiez votre routine avec cette combinaison de tonique et d'essence qui regorge d'antioxydants provenant d'extraits botaniques nourrissants. Compos\u00e9 d'un m\u00e9lange d'ingr\u00e9dients apaisants et hydratants, dont l'extrait de th\u00e9 vert, l'extrait de feuille d'armoise cor\u00e9enne et l'eau florale de rose de Damas, cet \"essener\" unique en son genre de SIORIS associe les bienfaits hydratants et pr\u00e9parateurs de la peau d'un tonique \u00e0 la l\u00e9g\u00e8ret\u00e9 nourrissante d'une essence. Un ingr\u00e9dient suppl\u00e9mentaire, l'acide polyglutamique extrait des graines de soja ferment\u00e9es, apporte une derni\u00e8re bouff\u00e9e d'hydratation.<\/p>","protected":false},"featured_media":4907,"comment_status":"open","ping_status":"closed","template":"","meta":{"om_disable_all_campaigns":false},"product_brand":[],"product_cat":[60,57,32,39,205],"product_tag":[],"class_list":{"0":"post-4905","1":"product","2":"type-product","3":"status-publish","4":"has-post-thumbnail","6":"product_cat-acne","7":"product_cat-anti-aging","8":"product_cat-essence","9":"product_cat-face-toners","10":"product_cat-sioris","12":"first","13":"outofstock","14":"sale","15":"shipping-taxable","16":"purchasable","17":"product-type-simple"},"aioseo_notices":[],"jetpack_sharing_enabled":true,"_links":{"self":[{"href":"https:\/\/k-beautyci.com\/fr\/wp-json\/wp\/v2\/product\/4905","targetHints":{"allow":["GET"]}}],"collection":[{"href":"https:\/\/k-beautyci.com\/fr\/wp-json\/wp\/v2\/product"}],"about":[{"href":"https:\/\/k-beautyci.com\/fr\/wp-json\/wp\/v2\/types\/product"}],"replies":[{"embeddable":true,"href":"https:\/\/k-beautyci.com\/fr\/wp-json\/wp\/v2\/comments?post=4905"}],"wp:featuredmedia":[{"embeddable":true,"href":"https:\/\/k-beautyci.com\/fr\/wp-json\/wp\/v2\/media\/4907"}],"wp:attachment":[{"href":"https:\/\/k-beautyci.com\/fr\/wp-json\/wp\/v2\/media?parent=4905"}],"wp:term":[{"taxonomy":"product_brand","embeddable":true,"href":"https:\/\/k-beautyci.com\/fr\/wp-json\/wp\/v2\/product_brand?post=4905"},{"taxonomy":"product_cat","embeddable":true,"href":"https:\/\/k-beautyci.com\/fr\/wp-json\/wp\/v2\/product_cat?post=4905"},{"taxonomy":"product_tag","embeddable":true,"href":"https:\/\/k-beautyci.com\/fr\/wp-json\/wp\/v2\/product_tag?post=4905"}],"curies":[{"name":"wp","href":"https:\/\/api.w.org\/{rel}","templated":true}]}}