{"id":4902,"date":"2024-09-02T11:46:39","date_gmt":"2024-09-02T11:46:39","guid":{"rendered":"https:\/\/k-beautyci.com\/?post_type=product&#038;p=4902"},"modified":"2026-03-10T22:04:26","modified_gmt":"2026-03-10T22:04:26","slug":"good-molecules-niacinamide-serum-30ml","status":"publish","type":"product","link":"https:\/\/k-beautyci.com\/fr\/produit\/good-molecules-niacinamide-serum-30ml\/","title":{"rendered":"Good Molecules Niacinamide Serum 30ml"},"content":{"rendered":"<p>Comment l'utiliser :<\/p>\n<p>Appliquez quelques gouttes sur votre peau le matin et le soir avant les huiles, les hydratants et les cr\u00e8mes. Convient \u00e0 un usage quotidien.<\/p>\n<p>Avertissement : Pour usage externe uniquement. Toujours effectuer un test \u00e9picutan\u00e9. Cessez d'utiliser le produit si vous ressentez une quelconque g\u00eane. Suivre les instructions suppl\u00e9mentaires figurant sur l'emballage. Les r\u00e9sultats individuels peuvent varier.<\/p>","protected":false},"excerpt":{"rendered":"<p>Le s\u00e9rum \u00e0 la niacinamide de Good Molecules permet d'obtenir une peau lisse et uniforme et de r\u00e9duire l'apparence des pores. Formul\u00e9 avec 10 % de niacinamide (vitamine B3), ce s\u00e9rum l\u00e9ger aide \u00e0 affiner le teint et la texture de la peau pour un teint plus lumineux et d'apparence plus saine.<\/p>","protected":false},"featured_media":4904,"comment_status":"open","ping_status":"closed","template":"","meta":{"om_disable_all_campaigns":false},"product_brand":[],"product_cat":[39,178,74],"product_tag":[],"class_list":{"0":"post-4902","1":"product","2":"type-product","3":"status-publish","4":"has-post-thumbnail","6":"product_cat-face-toners","7":"product_cat-good-molecules","8":"product_cat-niacinamide","10":"first","11":"instock","12":"shipping-taxable","13":"purchasable","14":"product-type-simple"},"aioseo_notices":[],"jetpack_sharing_enabled":true,"_links":{"self":[{"href":"https:\/\/k-beautyci.com\/fr\/wp-json\/wp\/v2\/product\/4902","targetHints":{"allow":["GET"]}}],"collection":[{"href":"https:\/\/k-beautyci.com\/fr\/wp-json\/wp\/v2\/product"}],"about":[{"href":"https:\/\/k-beautyci.com\/fr\/wp-json\/wp\/v2\/types\/product"}],"replies":[{"embeddable":true,"href":"https:\/\/k-beautyci.com\/fr\/wp-json\/wp\/v2\/comments?post=4902"}],"wp:featuredmedia":[{"embeddable":true,"href":"https:\/\/k-beautyci.com\/fr\/wp-json\/wp\/v2\/media\/4904"}],"wp:attachment":[{"href":"https:\/\/k-beautyci.com\/fr\/wp-json\/wp\/v2\/media?parent=4902"}],"wp:term":[{"taxonomy":"product_brand","embeddable":true,"href":"https:\/\/k-beautyci.com\/fr\/wp-json\/wp\/v2\/product_brand?post=4902"},{"taxonomy":"product_cat","embeddable":true,"href":"https:\/\/k-beautyci.com\/fr\/wp-json\/wp\/v2\/product_cat?post=4902"},{"taxonomy":"product_tag","embeddable":true,"href":"https:\/\/k-beautyci.com\/fr\/wp-json\/wp\/v2\/product_tag?post=4902"}],"curies":[{"name":"wp","href":"https:\/\/api.w.org\/{rel}","templated":true}]}}