{"id":4899,"date":"2024-09-02T12:11:15","date_gmt":"2024-09-02T12:11:15","guid":{"rendered":"https:\/\/k-beautyci.com\/?post_type=product&#038;p=4899"},"modified":"2026-03-03T07:32:43","modified_gmt":"2026-03-03T07:32:43","slug":"good-molecules-daily-brightening-serum-30ml","status":"publish","type":"product","link":"https:\/\/k-beautyci.com\/fr\/produit\/good-molecules-daily-brightening-serum-30ml\/","title":{"rendered":"Good Molecules Daily Brightening Serum 30ml"},"content":{"rendered":"<p>Comment l'utiliser :<\/p>\n<p>Appliquer quelques gouttes le matin et le soir avant les huiles et les cr\u00e8mes hydratantes. Laisser absorber pendant 30 secondes. Convient \u00e0 un usage quotidien. Cesser l'utilisation en cas d'irritation.<\/p>\n<p>Avertissement : Pour usage externe uniquement. Toujours effectuer un test \u00e9picutan\u00e9. Cessez d'utiliser le produit si vous ressentez une quelconque g\u00eane. Suivre les instructions suppl\u00e9mentaires figurant sur l'emballage. Les r\u00e9sultats individuels peuvent varier.<\/p>","protected":false},"excerpt":{"rendered":"<p>Conservez un teint lumineux et uniforme avec ce s\u00e9rum \u00e9claircissant quotidien de Good Molecules. La b\u00eata-arbutine et l'acide hyaluronique agissent pour \u00e9claircir en douceur et favoriser un teint sain et jeune sans irritation.<\/p>","protected":false},"featured_media":4901,"comment_status":"open","ping_status":"closed","template":"","meta":{"om_disable_all_campaigns":false},"product_brand":[],"product_cat":[52,31,178,69],"product_tag":[],"class_list":{"0":"post-4899","1":"product","2":"type-product","3":"status-publish","4":"has-post-thumbnail","6":"product_cat-dark-spots","7":"product_cat-face-serums","8":"product_cat-good-molecules","9":"product_cat-hyaluronic-acid","11":"first","12":"instock","13":"shipping-taxable","14":"purchasable","15":"product-type-simple"},"aioseo_notices":[],"jetpack_sharing_enabled":true,"_links":{"self":[{"href":"https:\/\/k-beautyci.com\/fr\/wp-json\/wp\/v2\/product\/4899","targetHints":{"allow":["GET"]}}],"collection":[{"href":"https:\/\/k-beautyci.com\/fr\/wp-json\/wp\/v2\/product"}],"about":[{"href":"https:\/\/k-beautyci.com\/fr\/wp-json\/wp\/v2\/types\/product"}],"replies":[{"embeddable":true,"href":"https:\/\/k-beautyci.com\/fr\/wp-json\/wp\/v2\/comments?post=4899"}],"wp:featuredmedia":[{"embeddable":true,"href":"https:\/\/k-beautyci.com\/fr\/wp-json\/wp\/v2\/media\/4901"}],"wp:attachment":[{"href":"https:\/\/k-beautyci.com\/fr\/wp-json\/wp\/v2\/media?parent=4899"}],"wp:term":[{"taxonomy":"product_brand","embeddable":true,"href":"https:\/\/k-beautyci.com\/fr\/wp-json\/wp\/v2\/product_brand?post=4899"},{"taxonomy":"product_cat","embeddable":true,"href":"https:\/\/k-beautyci.com\/fr\/wp-json\/wp\/v2\/product_cat?post=4899"},{"taxonomy":"product_tag","embeddable":true,"href":"https:\/\/k-beautyci.com\/fr\/wp-json\/wp\/v2\/product_tag?post=4899"}],"curies":[{"name":"wp","href":"https:\/\/api.w.org\/{rel}","templated":true}]}}