{"id":4889,"date":"2024-08-01T16:52:05","date_gmt":"2024-08-01T16:52:05","guid":{"rendered":"https:\/\/k-beautyci.com\/?post_type=product&#038;p=4889"},"modified":"2025-03-02T15:53:15","modified_gmt":"2025-03-02T15:53:15","slug":"koji-white-dark-spot-brightening-serum-30ml","status":"publish","type":"product","link":"https:\/\/k-beautyci.com\/fr\/produit\/koji-white-dark-spot-brightening-serum-30ml\/","title":{"rendered":"Koji White Dark Spot Brightening Serum 30ml"},"content":{"rendered":"<p>Comment l'utiliser :<\/p>\n<p>Apr\u00e8s avoir nettoy\u00e9 votre peau, appliquez quelques gouttes sur votre visage pendant votre routine de jour et de nuit. Une utilisation r\u00e9guli\u00e8re est recommand\u00e9e pour de meilleurs r\u00e9sultats.<\/p>\n<p>&nbsp;<\/p>\n<p>Avertissement : Pour usage externe uniquement. Toujours effectuer un test \u00e9picutan\u00e9. Cessez d'utiliser le produit si vous ressentez une quelconque g\u00eane. Suivre les instructions suppl\u00e9mentaires figurant sur l'emballage. Les r\u00e9sultats individuels peuvent varier.<\/p>","protected":false},"excerpt":{"rendered":"<p>La formule l\u00e9g\u00e8re, qui p\u00e9n\u00e8tre facilement, aide \u00e0 r\u00e9duire l'apparence des taches brunes et \u00e0 am\u00e9liorer le teint irr\u00e9gulier, tout en restaurant et en renfor\u00e7ant les niveaux d'hydratation de la peau. Parfait pour tous les types de peau, ce s\u00e9rum \u00e9claircissant est une combinaison concentr\u00e9e de niacinamide et d'acide kojique qui am\u00e9liore visiblement les irr\u00e9gularit\u00e9s du teint et donne \u00e0 la peau un aspect plus radieux et plus sain.<\/p>","protected":false},"featured_media":4896,"comment_status":"open","ping_status":"closed","template":"","meta":{"om_disable_all_campaigns":false},"product_brand":[],"product_cat":[133,31,15],"product_tag":[],"class_list":{"0":"post-4889","1":"product","2":"type-product","3":"status-publish","4":"has-post-thumbnail","6":"product_cat-brands-brands","7":"product_cat-face-serums","8":"product_cat-uncategorized","10":"first","11":"outofstock","12":"shipping-taxable","13":"purchasable","14":"product-type-simple"},"aioseo_notices":[],"jetpack_sharing_enabled":true,"_links":{"self":[{"href":"https:\/\/k-beautyci.com\/fr\/wp-json\/wp\/v2\/product\/4889","targetHints":{"allow":["GET"]}}],"collection":[{"href":"https:\/\/k-beautyci.com\/fr\/wp-json\/wp\/v2\/product"}],"about":[{"href":"https:\/\/k-beautyci.com\/fr\/wp-json\/wp\/v2\/types\/product"}],"replies":[{"embeddable":true,"href":"https:\/\/k-beautyci.com\/fr\/wp-json\/wp\/v2\/comments?post=4889"}],"wp:featuredmedia":[{"embeddable":true,"href":"https:\/\/k-beautyci.com\/fr\/wp-json\/wp\/v2\/media\/4896"}],"wp:attachment":[{"href":"https:\/\/k-beautyci.com\/fr\/wp-json\/wp\/v2\/media?parent=4889"}],"wp:term":[{"taxonomy":"product_brand","embeddable":true,"href":"https:\/\/k-beautyci.com\/fr\/wp-json\/wp\/v2\/product_brand?post=4889"},{"taxonomy":"product_cat","embeddable":true,"href":"https:\/\/k-beautyci.com\/fr\/wp-json\/wp\/v2\/product_cat?post=4889"},{"taxonomy":"product_tag","embeddable":true,"href":"https:\/\/k-beautyci.com\/fr\/wp-json\/wp\/v2\/product_tag?post=4889"}],"curies":[{"name":"wp","href":"https:\/\/api.w.org\/{rel}","templated":true}]}}