{"id":4884,"date":"2024-09-02T11:47:25","date_gmt":"2024-09-02T11:47:25","guid":{"rendered":"https:\/\/k-beautyci.com\/?post_type=product&#038;p=4884"},"modified":"2025-11-16T00:27:18","modified_gmt":"2025-11-16T00:27:18","slug":"faded-under-eye-masks-1-pair","status":"publish","type":"product","link":"https:\/\/k-beautyci.com\/fr\/produit\/faded-under-eye-masks-1-pair\/","title":{"rendered":"Faded Under Eye Masks 1 pair"},"content":{"rendered":"<div>\n<p>Comment l'utiliser<\/p>\n<\/div>\n<div class=\"content\">\n<p>Appliquer sur le contour de l'\u0153il propre pendant 15 minutes. Utiliser 2 \u00e0 3 fois par semaine. En cas de d\u00e9coloration tenace, utiliser ensuite le s\u00e9rum d\u00e9color\u00e9. Pour une sensation de fra\u00eecheur suppl\u00e9mentaire, r\u00e9frig\u00e9rez les patchs avant de les utiliser.<\/p>\n<p>Les masques pour les yeux d\u00e9color\u00e9s peuvent \u00eatre r\u00e9utilis\u00e9s jusqu'\u00e0 2 ou 3 fois. Les masques pour les yeux d\u00e9color\u00e9s perdent de leur efficacit\u00e9 \u00e0 chaque utilisation, l'id\u00e9al est donc de les utiliser une seule fois. Si vous souhaitez utiliser les masques pour les yeux d\u00e9color\u00e9s plus d'une fois, rincez-les avec de l'eau et du savon doux, laissez-les s\u00e9cher, puis replacez-les sur la feuille de plastique pour la prochaine fois !<\/p>\n<\/div>\n<p>Avertissement : Pour usage externe uniquement. Toujours effectuer un test \u00e9picutan\u00e9. Cessez d'utiliser le produit si vous ressentez une quelconque g\u00eane. Suivre les instructions suppl\u00e9mentaires figurant sur l'emballage. Les r\u00e9sultats individuels peuvent varier.<\/p>","protected":false},"excerpt":{"rendered":"<p>Cernes ou poches sous les yeux ? Ils s'estompent en 15 minutes seulement. Nos masques rafra\u00eechissants \u00e0 base d'hydrogel pour le contour des yeux att\u00e9nuent en douceur l'apparence des cernes et des d\u00e9colorations pour que vous puissiez vous d\u00e9tendre et laisser vos soucis s'\u00e9vanouir.<\/p>","protected":false},"featured_media":4885,"comment_status":"open","ping_status":"closed","template":"","meta":{"om_disable_all_campaigns":false},"product_brand":[],"product_cat":[38,204],"product_tag":[],"class_list":{"0":"post-4884","1":"product","2":"type-product","3":"status-publish","4":"has-post-thumbnail","6":"product_cat-eye-care","7":"product_cat-faded","9":"first","10":"outofstock","11":"shipping-taxable","12":"purchasable","13":"product-type-simple"},"aioseo_notices":[],"jetpack_sharing_enabled":true,"_links":{"self":[{"href":"https:\/\/k-beautyci.com\/fr\/wp-json\/wp\/v2\/product\/4884","targetHints":{"allow":["GET"]}}],"collection":[{"href":"https:\/\/k-beautyci.com\/fr\/wp-json\/wp\/v2\/product"}],"about":[{"href":"https:\/\/k-beautyci.com\/fr\/wp-json\/wp\/v2\/types\/product"}],"replies":[{"embeddable":true,"href":"https:\/\/k-beautyci.com\/fr\/wp-json\/wp\/v2\/comments?post=4884"}],"wp:featuredmedia":[{"embeddable":true,"href":"https:\/\/k-beautyci.com\/fr\/wp-json\/wp\/v2\/media\/4885"}],"wp:attachment":[{"href":"https:\/\/k-beautyci.com\/fr\/wp-json\/wp\/v2\/media?parent=4884"}],"wp:term":[{"taxonomy":"product_brand","embeddable":true,"href":"https:\/\/k-beautyci.com\/fr\/wp-json\/wp\/v2\/product_brand?post=4884"},{"taxonomy":"product_cat","embeddable":true,"href":"https:\/\/k-beautyci.com\/fr\/wp-json\/wp\/v2\/product_cat?post=4884"},{"taxonomy":"product_tag","embeddable":true,"href":"https:\/\/k-beautyci.com\/fr\/wp-json\/wp\/v2\/product_tag?post=4884"}],"curies":[{"name":"wp","href":"https:\/\/api.w.org\/{rel}","templated":true}]}}