{"id":4878,"date":"2024-09-02T11:47:36","date_gmt":"2024-09-02T11:47:36","guid":{"rendered":"https:\/\/k-beautyci.com\/?post_type=product&#038;p=4878"},"modified":"2025-11-29T11:24:19","modified_gmt":"2025-11-29T11:24:19","slug":"faded-mini-15ml","status":"publish","type":"product","link":"https:\/\/k-beautyci.com\/fr\/produit\/faded-mini-15ml\/","title":{"rendered":"Faded Serum"},"content":{"rendered":"<div>\n<p>Comment l'utiliser<\/p>\n<\/div>\n<p><strong>Faded<\/strong>-Appliquer une couche fine et uniforme sur une peau nettoy\u00e9e et s\u00e8che avant de l'hydrater. Masser doucement la peau jusqu'\u00e0 ce que le s\u00e9rum soit absorb\u00e9. Commencer 1x par semaine et augmenter progressivement jusqu'\u00e0 une utilisation quotidienne. Utilisez une protection solaire pendant la journ\u00e9e et hydratez bien votre peau lorsque vous l'utilisez.<\/p>\n<p>&nbsp;<\/p>\n<p>Avertissement : Pour usage externe uniquement. Toujours effectuer un test \u00e9picutan\u00e9. Cessez d'utiliser le produit si vous ressentez une quelconque g\u00eane. Suivre les instructions suppl\u00e9mentaires figurant sur l'emballage. Les r\u00e9sultats individuels peuvent varier.<\/p>","protected":false},"excerpt":{"rendered":"<p>Peau ab\u00eem\u00e9e par le soleil, cicatrices ? Ce gel-s\u00e9rum estompe en douceur l'apparence de vos marques, cicatrices et taches les plus tenaces afin que vous puissiez vous d\u00e9tendre et laisser vos soucis s'estomper.<\/p>\n<p>Faded a une odeur de soufre. Sans danger pour l'hyperpigmentation.<\/p>","protected":false},"featured_media":4883,"comment_status":"open","ping_status":"closed","template":"","meta":{"om_disable_all_campaigns":false},"product_brand":[],"product_cat":[60,52,31,33,204,15],"product_tag":[],"class_list":{"0":"post-4878","1":"product","2":"type-product","3":"status-publish","4":"has-post-thumbnail","6":"product_cat-acne","7":"product_cat-dark-spots","8":"product_cat-face-serums","9":"product_cat-face-treatments","10":"product_cat-faded","11":"product_cat-uncategorized","13":"first","14":"instock","15":"shipping-taxable","16":"purchasable","17":"product-type-variable"},"aioseo_notices":[],"jetpack_sharing_enabled":true,"_links":{"self":[{"href":"https:\/\/k-beautyci.com\/fr\/wp-json\/wp\/v2\/product\/4878","targetHints":{"allow":["GET"]}}],"collection":[{"href":"https:\/\/k-beautyci.com\/fr\/wp-json\/wp\/v2\/product"}],"about":[{"href":"https:\/\/k-beautyci.com\/fr\/wp-json\/wp\/v2\/types\/product"}],"replies":[{"embeddable":true,"href":"https:\/\/k-beautyci.com\/fr\/wp-json\/wp\/v2\/comments?post=4878"}],"wp:featuredmedia":[{"embeddable":true,"href":"https:\/\/k-beautyci.com\/fr\/wp-json\/wp\/v2\/media\/4883"}],"wp:attachment":[{"href":"https:\/\/k-beautyci.com\/fr\/wp-json\/wp\/v2\/media?parent=4878"}],"wp:term":[{"taxonomy":"product_brand","embeddable":true,"href":"https:\/\/k-beautyci.com\/fr\/wp-json\/wp\/v2\/product_brand?post=4878"},{"taxonomy":"product_cat","embeddable":true,"href":"https:\/\/k-beautyci.com\/fr\/wp-json\/wp\/v2\/product_cat?post=4878"},{"taxonomy":"product_tag","embeddable":true,"href":"https:\/\/k-beautyci.com\/fr\/wp-json\/wp\/v2\/product_tag?post=4878"}],"curies":[{"name":"wp","href":"https:\/\/api.w.org\/{rel}","templated":true}]}}