{"id":4866,"date":"2024-09-02T11:48:00","date_gmt":"2024-09-02T11:48:00","guid":{"rendered":"https:\/\/k-beautyci.com\/?post_type=product&#038;p=4866"},"modified":"2024-09-22T15:07:41","modified_gmt":"2024-09-22T15:07:41","slug":"mixsoon-bean-cleansing-oil-195ml","status":"publish","type":"product","link":"https:\/\/k-beautyci.com\/fr\/produit\/mixsoon-bean-cleansing-oil-195ml\/","title":{"rendered":"mixsoon Bean Cleansing Oil 195ml"},"content":{"rendered":"<p>Comment l'utiliser :<\/p>\n<div class=\"sc-gdyfxU kaVeqo pf-108_\" data-pf-type=\"Block\">\n<p class=\"sc-kAkozD iOjmJ pf-109_ pf-text-1\" data-pf-type=\"Paragraph3\">Pour un usage quotidien<\/p>\n<\/div>\n<div class=\"sc-gdyfxU kaVeqo pf-111_\" data-pf-type=\"Block\">\n<div class=\"sc-gdyfxU kaVeqo pf-112_\" data-pf-type=\"Block\">\n<p class=\"sc-kAkozD iOjmJ pf-113_ pf-text-1\" data-pf-type=\"Paragraph3\">Etape 1 : Commencez par avoir les mains et le visage secs. Pomper 2 \u00e0 3 fois dans les mains. Appliquez l'huile nettoyante aux haricots sur votre visage en roulant doucement.<\/p>\n<\/div>\n<div class=\"sc-gdyfxU kaVeqo pf-117_\" data-pf-type=\"Block\">\n<p class=\"sc-kAkozD iOjmJ pf-118_ pf-text-1\" data-pf-type=\"Paragraph3\">\u00e9tape 2 : Mouillez l\u00e9g\u00e8rement vos mains et continuez \u00e0 masser votre visage. L'huile va s'\u00e9mulsionner et se transformer en une texture laiteuse.<\/p>\n<\/div>\n<div class=\"sc-gdyfxU kaVeqo pf-122_\" data-pf-type=\"Block\">\n<p class=\"sc-kAkozD iOjmJ pf-123_ pf-text-1\" data-pf-type=\"Paragraph3\">Etape 3 : Laver \u00e0 l'eau ti\u00e8de.<\/p>\n<\/div>\n<p data-pf-type=\"Paragraph3\">Avertissement : Pour usage externe uniquement. Toujours effectuer un test \u00e9picutan\u00e9. Cessez d'utiliser le produit si vous ressentez une quelconque g\u00eane. Suivre les instructions suppl\u00e9mentaires figurant sur l'emballage. Les r\u00e9sultats individuels peuvent varier.<\/p>\n<\/div>","protected":false},"excerpt":{"rendered":"<p>Cette huile nettoyante l\u00e9g\u00e8re \u00e9limine en profondeur l'exc\u00e8s de s\u00e9bum, le maquillage r\u00e9sistant \u00e0 l'eau et les impuret\u00e9s sans d\u00e9caper les huiles naturelles de la peau. Gorg\u00e9e d'ingr\u00e9dients ferment\u00e9s riches en vitamines et en prot\u00e9ines, tels que l'extrait de soja ferment\u00e9 et le filtrat de ferment de graines d'orge, l'huile nettoyante nourrit la peau et la laisse rafra\u00eechie et hydrat\u00e9e.<\/p>","protected":false},"featured_media":4867,"comment_status":"open","ping_status":"closed","template":"","meta":{"om_disable_all_campaigns":false},"product_brand":[],"product_cat":[35,63,196],"product_tag":[],"class_list":{"0":"post-4866","1":"product","2":"type-product","3":"status-publish","4":"has-post-thumbnail","6":"product_cat-face-cleansers","7":"product_cat-makeup-removers","8":"product_cat-mixsoon","10":"first","11":"outofstock","12":"shipping-taxable","13":"purchasable","14":"product-type-simple"},"aioseo_notices":[],"jetpack_sharing_enabled":true,"_links":{"self":[{"href":"https:\/\/k-beautyci.com\/fr\/wp-json\/wp\/v2\/product\/4866","targetHints":{"allow":["GET"]}}],"collection":[{"href":"https:\/\/k-beautyci.com\/fr\/wp-json\/wp\/v2\/product"}],"about":[{"href":"https:\/\/k-beautyci.com\/fr\/wp-json\/wp\/v2\/types\/product"}],"replies":[{"embeddable":true,"href":"https:\/\/k-beautyci.com\/fr\/wp-json\/wp\/v2\/comments?post=4866"}],"wp:featuredmedia":[{"embeddable":true,"href":"https:\/\/k-beautyci.com\/fr\/wp-json\/wp\/v2\/media\/4867"}],"wp:attachment":[{"href":"https:\/\/k-beautyci.com\/fr\/wp-json\/wp\/v2\/media?parent=4866"}],"wp:term":[{"taxonomy":"product_brand","embeddable":true,"href":"https:\/\/k-beautyci.com\/fr\/wp-json\/wp\/v2\/product_brand?post=4866"},{"taxonomy":"product_cat","embeddable":true,"href":"https:\/\/k-beautyci.com\/fr\/wp-json\/wp\/v2\/product_cat?post=4866"},{"taxonomy":"product_tag","embeddable":true,"href":"https:\/\/k-beautyci.com\/fr\/wp-json\/wp\/v2\/product_tag?post=4866"}],"curies":[{"name":"wp","href":"https:\/\/api.w.org\/{rel}","templated":true}]}}