{"id":4861,"date":"2024-09-02T11:48:10","date_gmt":"2024-09-02T11:48:10","guid":{"rendered":"https:\/\/k-beautyci.com\/?post_type=product&#038;p=4861"},"modified":"2026-04-02T23:04:55","modified_gmt":"2026-04-02T23:04:55","slug":"numbuzin-no-1-pantothenic-b5-active-soothing-cream-80ml","status":"publish","type":"product","link":"https:\/\/k-beautyci.com\/fr\/produit\/numbuzin-no-1-pantothenic-b5-active-soothing-cream-80ml\/","title":{"rendered":"Numbuzin No.1 Pantothenic B5 Active Soothing Cream 80ml"},"content":{"rendered":"<p>Comment l'utiliser :<\/p>\n<p>Lors de la derni\u00e8re \u00e9tape de votre routine de soins, appliquez une quantit\u00e9 appropri\u00e9e sur l'ensemble de votre visage et tapotez avec vos mains pour une meilleure absorption.<\/p>\n<p>Avertissement : Pour usage externe uniquement. Toujours effectuer un test \u00e9picutan\u00e9. Cessez d'utiliser le produit si vous ressentez une quelconque g\u00eane. Suivre les instructions suppl\u00e9mentaires figurant sur l'emballage. Les r\u00e9sultats individuels peuvent varier.<\/p>","protected":false},"excerpt":{"rendered":"<p>Moins d'exc\u00e8s de s\u00e9bum, moins d'\u00e9ruptions ! La cr\u00e8me apaisante active NUMBUZIN No.1 Pantothenic B5 est une cr\u00e8me hydratante qui contr\u00f4le l'exc\u00e8s de s\u00e9bum pour apaiser et pr\u00e9venir les \u00e9ruptions cutan\u00e9es. Elle contient de l'acide pantoth\u00e9nique (vitamine B5) pour am\u00e9liorer le s\u00e9bum, du niacinamide, de l'Aczero\u00ae et de l'extrait de racine de Sophora Angustifolia pour am\u00e9liorer les probl\u00e8mes de peau, ainsi que de la silice pour aider \u00e0 r\u00e9duire l'exc\u00e8s de s\u00e9bum. La texture l\u00e9g\u00e8re, semblable \u00e0 de l'eau, laisse votre peau avec un fini confortable et sans r\u00e9sidu gras.<\/p>","protected":false},"featured_media":4865,"comment_status":"open","ping_status":"closed","template":"","meta":{"om_disable_all_campaigns":false},"product_brand":[],"product_cat":[26,190],"product_tag":[],"class_list":{"0":"post-4861","1":"product","2":"type-product","3":"status-publish","4":"has-post-thumbnail","6":"product_cat-face-moisturizer","7":"product_cat-numbuzin","9":"first","10":"outofstock","11":"shipping-taxable","12":"purchasable","13":"product-type-simple"},"aioseo_notices":[],"jetpack_sharing_enabled":true,"_links":{"self":[{"href":"https:\/\/k-beautyci.com\/fr\/wp-json\/wp\/v2\/product\/4861","targetHints":{"allow":["GET"]}}],"collection":[{"href":"https:\/\/k-beautyci.com\/fr\/wp-json\/wp\/v2\/product"}],"about":[{"href":"https:\/\/k-beautyci.com\/fr\/wp-json\/wp\/v2\/types\/product"}],"replies":[{"embeddable":true,"href":"https:\/\/k-beautyci.com\/fr\/wp-json\/wp\/v2\/comments?post=4861"}],"wp:featuredmedia":[{"embeddable":true,"href":"https:\/\/k-beautyci.com\/fr\/wp-json\/wp\/v2\/media\/4865"}],"wp:attachment":[{"href":"https:\/\/k-beautyci.com\/fr\/wp-json\/wp\/v2\/media?parent=4861"}],"wp:term":[{"taxonomy":"product_brand","embeddable":true,"href":"https:\/\/k-beautyci.com\/fr\/wp-json\/wp\/v2\/product_brand?post=4861"},{"taxonomy":"product_cat","embeddable":true,"href":"https:\/\/k-beautyci.com\/fr\/wp-json\/wp\/v2\/product_cat?post=4861"},{"taxonomy":"product_tag","embeddable":true,"href":"https:\/\/k-beautyci.com\/fr\/wp-json\/wp\/v2\/product_tag?post=4861"}],"curies":[{"name":"wp","href":"https:\/\/api.w.org\/{rel}","templated":true}]}}