{"id":4855,"date":"2024-09-04T12:06:08","date_gmt":"2024-09-04T12:06:08","guid":{"rendered":"https:\/\/k-beautyci.com\/?post_type=product&#038;p=4855"},"modified":"2025-02-19T17:49:02","modified_gmt":"2025-02-19T17:49:02","slug":"skin-1004-madagascar-centella-double-cleansing-duo-set","status":"publish","type":"product","link":"https:\/\/k-beautyci.com\/fr\/produit\/skin-1004-madagascar-centella-double-cleansing-duo-set\/","title":{"rendered":"SKIN 1004 &#8211; Madagascar Centella Double Cleansing Duo Set"},"content":{"rendered":"<p><b>Comment l'utiliser :<\/b><br \/>\n1. Pour le soin du matin, nettoyer la peau avec la mousse de l'ampoule pour \u00e9liminer le s\u00e9bum du visage produit pendant la nuit.<\/p>\n<p>2. Pour le soin du soir, nettoyer la peau avec l'huile d\u00e9maquillante afin d'\u00e9liminer en profondeur les impuret\u00e9s et les r\u00e9sidus de maquillage. Poursuivre avec la mousse en ampoule.<\/p>\n<p>&nbsp;<\/p>\n<p>Avertissement : Pour usage externe uniquement. Toujours effectuer un test \u00e9picutan\u00e9. Cessez d'utiliser le produit si vous ressentez une quelconque g\u00eane. Suivre les instructions suppl\u00e9mentaires figurant sur l'emballage. Les r\u00e9sultats individuels peuvent varier.<\/p>","protected":false},"excerpt":{"rendered":"<p>Ce coffret duo double nettoyant \u00e0 la centella de Madagascar contient :<\/p>\n<p>-Huile d\u00e9maquillante l\u00e9g\u00e8re de Madagascar Centella 200ml<\/p>\n<p>-Madagascar Centella Ampoule Mousse 125ml<\/p>","protected":false},"featured_media":4860,"comment_status":"open","ping_status":"closed","template":"","meta":{"om_disable_all_campaigns":false},"product_brand":[],"product_cat":[35,64,63,94],"product_tag":[],"class_list":{"0":"post-4855","1":"product","2":"type-product","3":"status-publish","4":"has-post-thumbnail","6":"product_cat-face-cleansers","7":"product_cat-kits-duos","8":"product_cat-makeup-removers","9":"product_cat-skin-1004","11":"first","12":"outofstock","13":"sale","14":"shipping-taxable","15":"purchasable","16":"product-type-simple"},"aioseo_notices":[],"jetpack_sharing_enabled":true,"_links":{"self":[{"href":"https:\/\/k-beautyci.com\/fr\/wp-json\/wp\/v2\/product\/4855","targetHints":{"allow":["GET"]}}],"collection":[{"href":"https:\/\/k-beautyci.com\/fr\/wp-json\/wp\/v2\/product"}],"about":[{"href":"https:\/\/k-beautyci.com\/fr\/wp-json\/wp\/v2\/types\/product"}],"replies":[{"embeddable":true,"href":"https:\/\/k-beautyci.com\/fr\/wp-json\/wp\/v2\/comments?post=4855"}],"wp:featuredmedia":[{"embeddable":true,"href":"https:\/\/k-beautyci.com\/fr\/wp-json\/wp\/v2\/media\/4860"}],"wp:attachment":[{"href":"https:\/\/k-beautyci.com\/fr\/wp-json\/wp\/v2\/media?parent=4855"}],"wp:term":[{"taxonomy":"product_brand","embeddable":true,"href":"https:\/\/k-beautyci.com\/fr\/wp-json\/wp\/v2\/product_brand?post=4855"},{"taxonomy":"product_cat","embeddable":true,"href":"https:\/\/k-beautyci.com\/fr\/wp-json\/wp\/v2\/product_cat?post=4855"},{"taxonomy":"product_tag","embeddable":true,"href":"https:\/\/k-beautyci.com\/fr\/wp-json\/wp\/v2\/product_tag?post=4855"}],"curies":[{"name":"wp","href":"https:\/\/api.w.org\/{rel}","templated":true}]}}