{"id":4843,"date":"2024-09-02T11:54:51","date_gmt":"2024-09-02T11:54:51","guid":{"rendered":"https:\/\/k-beautyci.com\/?post_type=product&#038;p=4843"},"modified":"2026-04-14T08:46:37","modified_gmt":"2026-04-14T08:46:37","slug":"skin-1004-madagascar-centella-poremizing-fresh-ampoule-100ml","status":"publish","type":"product","link":"https:\/\/k-beautyci.com\/fr\/produit\/skin-1004-madagascar-centella-poremizing-fresh-ampoule-100ml\/","title":{"rendered":"SKIN 1004 Madagascar Centella Poremizing Fresh Ampoule"},"content":{"rendered":"<p><b>Comment l'utiliser :<\/b><\/p>\n<p>Appliquer sur le visage apr\u00e8s l'avoir nettoy\u00e9 et tonifi\u00e9.<\/p>\n<p>&nbsp;<\/p>\n<p>Avertissement : Pour usage externe uniquement. Toujours effectuer un test \u00e9picutan\u00e9. Cessez d'utiliser le produit si vous ressentez une quelconque g\u00eane. Suivre les instructions suppl\u00e9mentaires figurant sur l'emballage. Les r\u00e9sultats individuels peuvent varier.<\/p>","protected":false},"excerpt":{"rendered":"<p>Dites adieu aux pores dilat\u00e9s gr\u00e2ce \u00e0 cette ampoule rafra\u00eechissante contenant du sel rose de l'Himalaya qui \u00e9limine la salet\u00e9, les cellules mortes et l'exc\u00e8s de s\u00e9bum ! La formule est \u00e9galement enrichie du complexe Peptide-9 et de l'extrait de cica de Madagascar pour des effets hydratants et anti-\u00e2ge. L'ampoule laisse facilement la peau plus souple et plus r\u00e9sistante. Convient aux peaux grasses.<\/p>","protected":false},"featured_media":4845,"comment_status":"open","ping_status":"closed","template":"","meta":{"om_disable_all_campaigns":false},"product_brand":[],"product_cat":[88,31,33,94,15],"product_tag":[],"class_list":{"0":"post-4843","1":"product","2":"type-product","3":"status-publish","4":"has-post-thumbnail","6":"product_cat-centella","7":"product_cat-face-serums","8":"product_cat-face-treatments","9":"product_cat-skin-1004","10":"product_cat-uncategorized","12":"first","13":"instock","14":"sale","15":"shipping-taxable","16":"purchasable","17":"product-type-variable"},"aioseo_notices":[],"jetpack_sharing_enabled":true,"_links":{"self":[{"href":"https:\/\/k-beautyci.com\/fr\/wp-json\/wp\/v2\/product\/4843","targetHints":{"allow":["GET"]}}],"collection":[{"href":"https:\/\/k-beautyci.com\/fr\/wp-json\/wp\/v2\/product"}],"about":[{"href":"https:\/\/k-beautyci.com\/fr\/wp-json\/wp\/v2\/types\/product"}],"replies":[{"embeddable":true,"href":"https:\/\/k-beautyci.com\/fr\/wp-json\/wp\/v2\/comments?post=4843"}],"wp:featuredmedia":[{"embeddable":true,"href":"https:\/\/k-beautyci.com\/fr\/wp-json\/wp\/v2\/media\/4845"}],"wp:attachment":[{"href":"https:\/\/k-beautyci.com\/fr\/wp-json\/wp\/v2\/media?parent=4843"}],"wp:term":[{"taxonomy":"product_brand","embeddable":true,"href":"https:\/\/k-beautyci.com\/fr\/wp-json\/wp\/v2\/product_brand?post=4843"},{"taxonomy":"product_cat","embeddable":true,"href":"https:\/\/k-beautyci.com\/fr\/wp-json\/wp\/v2\/product_cat?post=4843"},{"taxonomy":"product_tag","embeddable":true,"href":"https:\/\/k-beautyci.com\/fr\/wp-json\/wp\/v2\/product_tag?post=4843"}],"curies":[{"name":"wp","href":"https:\/\/api.w.org\/{rel}","templated":true}]}}